{"id":10,"date":"2016-07-25T12:18:49","date_gmt":"2016-07-25T12:18:49","guid":{"rendered":"https:\/\/www.dlasl.es\/es\/?page_id=10"},"modified":"2022-12-15T10:30:10","modified_gmt":"2022-12-15T10:30:10","slug":"quienes-somos","status":"publish","type":"page","link":"https:\/\/www.dlasl.es\/es\/quienes-somos\/","title":{"rendered":"Qui\u00e9nes Somos"},"content":{"rendered":"<p><img loading=\"lazy\" class=\"aligncenter size-full wp-image-160 img-full\" src=\"https:\/\/www.dlasl.es\/es\/wp-content\/uploads\/2022\/12\/servicios-dla-limpieza-y-restauracion-1.jpg\" alt=\"distribuidores de art\u00edculos de menaje \u2013 Productos qu\u00edmicos de limpieza\" width=\"1000\" height=\"338\" \/><\/p>\n<div class=\"margen-1\"><\/div>\n<div class=\"sheet clearfix\">\n<h1 class=\"postheader\">Qui\u00e9nes somos<\/h1>\n<div class=\"dos-columnas\">\n<p>En DLA estamos comprometidos no s\u00f3lo con el objetivo de hacer llegar a nuestros clientes la mejor oferta de productos existentes, sino tambi\u00e9n de proporcionar las mejores herramientas para la venta. Por ese motivo trabajamos constamente para mejorar nuestro servicio, as\u00ed como innovar en nuestro cat\u00e1logo.Contamos con un amplio y variado stock y nuestros clientes nos avalan con su confianza desde hace casi una d\u00e9cada. Gracias a ellos, que nos hacen mejorar cada d\u00eda, nos hemos convertido en un referente en lo que a distribuidores de art\u00edculos de menaje y productos qu\u00edmicos de limpieza se refiere.<\/p>\n<p>Asimismo, en DLA estamos muy orgullosos de presentarles nuestras nuevas instalaciones. Situadas en una zona inmejorable del entramado comercial de la ciudad de Sevilla y ahora mas espaciosas, con un control de stock electr\u00f3nico de ultima generaci\u00f3n y mayor capacidad de almacenaje. Todo esto redundar\u00e1 en lo que siempre nos ha destacado en el sector, un servicio perfecto para que su negocio destaque por encima de la competencia.<\/p>\n<p>Valores como la rapidez, la disponibilidad, la variedad, la garant\u00eda de grandes marcas y la adaptaci\u00f3n a las necesidades de los clientes nos han llevado hasta aqu\u00ed. Por tanto, d\u00e9janos ayudarte y asesorarte con las mejores soluciones en art\u00edculos de menaje y productos qu\u00edmicos de limpieza para distintos sectores.<\/p>\n<\/div>\n<\/div>\n<div class=\"margen-1\"><\/div>\n<div class=\"sheet clearfix\">\n<h1 class=\"postheader\">M\u00e1s de 10 a\u00f1os de experiencia<\/h1>\n<p>Partiendo de un sue\u00f1o emprendimos un dif\u00edcil proyecto que poco a poco se ha convertido en realidad.<\/p>\n<p>DLA naci\u00f3 en un momento en el cual nuestro pa\u00eds atravesaba por una situaci\u00f3n econ\u00f3mica muy dif\u00edcil, pero con esfuerzo y dedicaci\u00f3n logr\u00f3 progresar y crecer. Todos y cada uno de nosotros hemos colocado un grano de arena en el crecimiento de esta empresa, y por eso la sentimos tan nuestra, tan parte de nuestras vidas.<br \/>\nCon m\u00e1s de 10 a\u00f1os de experiencia, hemos sobrepasado las metas y objetivos que nos propusimos demostr\u00e1ndonos a nosotros mismos, y a nuestros clientes que podemos mejorar cada d\u00eda.<br \/>\nNos sentimos muy orgullosos de pertenecer a esta gran organizaci\u00f3n y por eso queremos compartir nuestra experiencia como una gran familia con nuestros empleados y nuestros clientes.<\/p>\n<p>Hagamos realidad nuestros sue\u00f1os.<\/p>\n<\/div>\n<p style=\"text-align: center;\"><a href=\"https:\/\/www.dlasl.es\/es\/wp-content\/uploads\/2022\/06\/dla-menje.jpg\"><img loading=\"lazy\" class=\"alignnone size-medium wp-image-1101\" src=\"https:\/\/www.dlasl.es\/es\/wp-content\/uploads\/2022\/06\/dla-menje-300x149.jpg\" sizes=\"(max-width: 300px) 100vw, 300px\" srcset=\"https:\/\/www.dlasl.es\/es\/wp-content\/uploads\/2022\/06\/dla-menje-300x149.jpg 300w, https:\/\/www.dlasl.es\/es\/wp-content\/uploads\/2022\/06\/dla-menje.jpg 566w\" alt=\"DLA - Menaje para Hosteler\u00eda\" width=\"300\" height=\"149\" \/><\/a><\/p>\n","protected":false},"excerpt":{"rendered":"<p>Qui\u00e9nes somos En DLA estamos comprometidos no s\u00f3lo con el objetivo de hacer llegar a nuestros clientes la mejor oferta de productos existentes, sino tambi\u00e9n de proporcionar las mejores herramientas para la venta. Por ese motivo trabajamos constamente para mejorar nuestro servicio, as\u00ed como innovar en nuestro cat\u00e1logo.Contamos con un amplio y variado stock y [&hellip;]<\/p>\n","protected":false},"author":2,"featured_media":0,"parent":0,"menu_order":0,"comment_status":"closed","ping_status":"closed","template":"diseno-full.php","meta":{"_joinchat":[]},"yoast_head":"<!-- This site is optimized with the Yoast SEO plugin v20.6 - https:\/\/yoast.com\/wordpress\/plugins\/seo\/ -->\n<title>Distribuidores de art\u00edculos de menaje \u2013 Productos qu\u00edmicos de limpieza<\/title>\n<meta name=\"description\" content=\"Distribuciones los Azahares, Distribuidores de art\u00edculos de menaje y Productos qu\u00edmicos de limpieza entre otros servicios \/ Productos. \u00a1Ll\u00e1menos!\" \/>\n<meta name=\"robots\" content=\"index, follow, max-snippet:-1, max-image-preview:large, max-video-preview:-1\" \/>\n<link rel=\"canonical\" href=\"https:\/\/www.dlasl.es\/es\/quienes-somos\/\" \/>\n<meta property=\"og:locale\" content=\"es_ES\" \/>\n<meta property=\"og:type\" content=\"article\" \/>\n<meta property=\"og:title\" content=\"Distribuidores de art\u00edculos de menaje \u2013 Productos qu\u00edmicos de limpieza\" \/>\n<meta property=\"og:description\" content=\"Distribuciones los Azahares, Distribuidores de art\u00edculos de menaje y Productos qu\u00edmicos de limpieza entre otros servicios \/ Productos. \u00a1Ll\u00e1menos!\" \/>\n<meta property=\"og:url\" content=\"https:\/\/www.dlasl.es\/es\/quienes-somos\/\" \/>\n<meta property=\"og:site_name\" content=\"DLA - Distribuciones Los Azahares\" \/>\n<meta property=\"article:modified_time\" content=\"2022-12-15T10:30:10+00:00\" \/>\n<meta property=\"og:image\" content=\"https:\/\/www.dlasl.es\/es\/wp-content\/uploads\/2022\/12\/servicios-dla-limpieza-y-restauracion-1.jpg\" \/>\n<meta name=\"twitter:card\" content=\"summary_large_image\" \/>\n<meta name=\"twitter:label1\" content=\"Tiempo de lectura\" \/>\n\t<meta name=\"twitter:data1\" content=\"3 minutos\" \/>\n<script type=\"application\/ld+json\" class=\"yoast-schema-graph\">{\"@context\":\"https:\/\/schema.org\",\"@graph\":[{\"@type\":\"WebPage\",\"@id\":\"https:\/\/www.dlasl.es\/es\/quienes-somos\/\",\"url\":\"https:\/\/www.dlasl.es\/es\/quienes-somos\/\",\"name\":\"Distribuidores de art\u00edculos de menaje \u2013 Productos qu\u00edmicos de limpieza\",\"isPartOf\":{\"@id\":\"https:\/\/www.dlasl.es\/es\/#website\"},\"datePublished\":\"2016-07-25T12:18:49+00:00\",\"dateModified\":\"2022-12-15T10:30:10+00:00\",\"description\":\"Distribuciones los Azahares, Distribuidores de art\u00edculos de menaje y Productos qu\u00edmicos de limpieza entre otros servicios \/ Productos. \u00a1Ll\u00e1menos!\",\"breadcrumb\":{\"@id\":\"https:\/\/www.dlasl.es\/es\/quienes-somos\/#breadcrumb\"},\"inLanguage\":\"es\",\"potentialAction\":[{\"@type\":\"ReadAction\",\"target\":[\"https:\/\/www.dlasl.es\/es\/quienes-somos\/\"]}]},{\"@type\":\"BreadcrumbList\",\"@id\":\"https:\/\/www.dlasl.es\/es\/quienes-somos\/#breadcrumb\",\"itemListElement\":[{\"@type\":\"ListItem\",\"position\":1,\"name\":\"Portada\",\"item\":\"https:\/\/www.dlasl.es\/es\/\"},{\"@type\":\"ListItem\",\"position\":2,\"name\":\"Qui\u00e9nes Somos\"}]},{\"@type\":\"WebSite\",\"@id\":\"https:\/\/www.dlasl.es\/es\/#website\",\"url\":\"https:\/\/www.dlasl.es\/es\/\",\"name\":\"DLA - Distribuciones Los Azahares\",\"description\":\"\",\"potentialAction\":[{\"@type\":\"SearchAction\",\"target\":{\"@type\":\"EntryPoint\",\"urlTemplate\":\"https:\/\/www.dlasl.es\/es\/?s={search_term_string}\"},\"query-input\":\"required name=search_term_string\"}],\"inLanguage\":\"es\"}]}<\/script>\n<!-- \/ Yoast SEO plugin. -->","yoast_head_json":{"title":"Distribuidores de art\u00edculos de menaje \u2013 Productos qu\u00edmicos de limpieza","description":"Distribuciones los Azahares, Distribuidores de art\u00edculos de menaje y Productos qu\u00edmicos de limpieza entre otros servicios \/ Productos. \u00a1Ll\u00e1menos!","robots":{"index":"index","follow":"follow","max-snippet":"max-snippet:-1","max-image-preview":"max-image-preview:large","max-video-preview":"max-video-preview:-1"},"canonical":"https:\/\/www.dlasl.es\/es\/quienes-somos\/","og_locale":"es_ES","og_type":"article","og_title":"Distribuidores de art\u00edculos de menaje \u2013 Productos qu\u00edmicos de limpieza","og_description":"Distribuciones los Azahares, Distribuidores de art\u00edculos de menaje y Productos qu\u00edmicos de limpieza entre otros servicios \/ Productos. \u00a1Ll\u00e1menos!","og_url":"https:\/\/www.dlasl.es\/es\/quienes-somos\/","og_site_name":"DLA - Distribuciones Los Azahares","article_modified_time":"2022-12-15T10:30:10+00:00","og_image":[{"url":"https:\/\/www.dlasl.es\/es\/wp-content\/uploads\/2022\/12\/servicios-dla-limpieza-y-restauracion-1.jpg"}],"twitter_card":"summary_large_image","twitter_misc":{"Tiempo de lectura":"3 minutos"},"schema":{"@context":"https:\/\/schema.org","@graph":[{"@type":"WebPage","@id":"https:\/\/www.dlasl.es\/es\/quienes-somos\/","url":"https:\/\/www.dlasl.es\/es\/quienes-somos\/","name":"Distribuidores de art\u00edculos de menaje \u2013 Productos qu\u00edmicos de limpieza","isPartOf":{"@id":"https:\/\/www.dlasl.es\/es\/#website"},"datePublished":"2016-07-25T12:18:49+00:00","dateModified":"2022-12-15T10:30:10+00:00","description":"Distribuciones los Azahares, Distribuidores de art\u00edculos de menaje y Productos qu\u00edmicos de limpieza entre otros servicios \/ Productos. \u00a1Ll\u00e1menos!","breadcrumb":{"@id":"https:\/\/www.dlasl.es\/es\/quienes-somos\/#breadcrumb"},"inLanguage":"es","potentialAction":[{"@type":"ReadAction","target":["https:\/\/www.dlasl.es\/es\/quienes-somos\/"]}]},{"@type":"BreadcrumbList","@id":"https:\/\/www.dlasl.es\/es\/quienes-somos\/#breadcrumb","itemListElement":[{"@type":"ListItem","position":1,"name":"Portada","item":"https:\/\/www.dlasl.es\/es\/"},{"@type":"ListItem","position":2,"name":"Qui\u00e9nes Somos"}]},{"@type":"WebSite","@id":"https:\/\/www.dlasl.es\/es\/#website","url":"https:\/\/www.dlasl.es\/es\/","name":"DLA - Distribuciones Los Azahares","description":"","potentialAction":[{"@type":"SearchAction","target":{"@type":"EntryPoint","urlTemplate":"https:\/\/www.dlasl.es\/es\/?s={search_term_string}"},"query-input":"required name=search_term_string"}],"inLanguage":"es"}]}},"_links":{"self":[{"href":"https:\/\/www.dlasl.es\/es\/wp-json\/wp\/v2\/pages\/10"}],"collection":[{"href":"https:\/\/www.dlasl.es\/es\/wp-json\/wp\/v2\/pages"}],"about":[{"href":"https:\/\/www.dlasl.es\/es\/wp-json\/wp\/v2\/types\/page"}],"author":[{"embeddable":true,"href":"https:\/\/www.dlasl.es\/es\/wp-json\/wp\/v2\/users\/2"}],"replies":[{"embeddable":true,"href":"https:\/\/www.dlasl.es\/es\/wp-json\/wp\/v2\/comments?post=10"}],"version-history":[{"count":24,"href":"https:\/\/www.dlasl.es\/es\/wp-json\/wp\/v2\/pages\/10\/revisions"}],"predecessor-version":[{"id":1912,"href":"https:\/\/www.dlasl.es\/es\/wp-json\/wp\/v2\/pages\/10\/revisions\/1912"}],"wp:attachment":[{"href":"https:\/\/www.dlasl.es\/es\/wp-json\/wp\/v2\/media?parent=10"}],"curies":[{"name":"wp","href":"https:\/\/api.w.org\/{rel}","templated":true}]}}