{"id":12,"date":"2016-07-25T12:19:00","date_gmt":"2016-07-25T12:19:00","guid":{"rendered":"https:\/\/www.dlasl.es\/es\/?page_id=12"},"modified":"2022-12-15T10:27:57","modified_gmt":"2022-12-15T10:27:57","slug":"servicios-distribucion-mayorista","status":"publish","type":"page","link":"https:\/\/www.dlasl.es\/es\/servicios-distribucion-mayorista\/","title":{"rendered":"Servicios Distribuci\u00f3n Mayorista"},"content":{"rendered":"<p><img loading=\"lazy\" class=\"aligncenter size-full wp-image-160 img-full\" src=\"https:\/\/www.dlasl.es\/es\/wp-content\/uploads\/2022\/12\/servicios-dla-limpieza-y-automocion-1.jpg\" alt=\"distribuidores de art\u00edculos de menaje \u2013 Productos qu\u00edmicos de limpieza\" width=\"1280\" height=\"338\" \/><\/p>\n<div class=\"margen-1\"><\/div>\n<div class=\"sheet clearfix\">\n<h1 class=\"postheader\">Servicios Distribuci\u00f3n Mayorista<\/h1>\n<div class=\"one_fourth centrado\">\n<p><a href=\"https:\/\/www.dlasl.es\/es\/servicios\/distribuidores-hosteleria\/\"><img loading=\"lazy\" class=\"aligncenter size-full wp-image-51\" src=\"https:\/\/www.dlasl.es\/es\/wp-content\/uploads\/2016\/07\/hosteleria-ico.png\" alt=\"hosteleria-ico\" width=\"110\" height=\"111\" \/><\/a><\/p>\n<h3 class=\"home\"><a href=\"https:\/\/www.dlasl.es\/es\/servicios\/distribuidores-hosteleria\/\">HOSTELER\u00cdA<\/a><\/h3>\n<p>Disponemos de todo el material que pueda necesitar su negocio de hosteler\u00eda, no dude en ponerse en contacto con nosotros para resolver conjuntamente cualquier duda.<\/p>\n<\/div>\n<div class=\"one_fourth centrado\">\n<p><a href=\"https:\/\/www.dlasl.es\/es\/servicios\/distribuidores-limpieza-profesional\/\"><img loading=\"lazy\" class=\"aligncenter size-full wp-image-48\" src=\"https:\/\/www.dlasl.es\/es\/wp-content\/uploads\/2016\/07\/limpieza-ico.png\" alt=\"limpieza-ico\" width=\"110\" height=\"111\" \/><\/a><\/p>\n<h3 class=\"home\"><a href=\"https:\/\/www.dlasl.es\/es\/servicios\/distribuidores-limpieza-profesional\/\">LIMPIEZA<\/a><\/h3>\n<p>Contamos con un amplio cat\u00e1logo tanto a nivel de materiales como de consumibles para su empresa de limpieza. Si necesita asesoramiento sobre que productos son los mas adecuados para su sector estaremos encantados de asesorarle.<\/p>\n<\/div>\n<div class=\"one_fourth centrado\">\n<p><a href=\"https:\/\/www.dlasl.es\/es\/servicios\/lavanderia-profesional\/\"><img loading=\"lazy\" class=\"aligncenter size-full wp-image-52\" src=\"https:\/\/www.dlasl.es\/es\/wp-content\/uploads\/2016\/07\/lavanderia-ico.png\" alt=\"lavanderia-ico\" width=\"110\" height=\"111\" \/><\/a><\/p>\n<h3 class=\"home\"><a href=\"https:\/\/www.dlasl.es\/es\/servicios\/lavanderia-profesional\/\">LAVANDER\u00cdA<\/a><\/h3>\n<p>Nuestra empresa esta preparada para suministrar todo tipo de productos que har\u00e1n que sus clientes no quieran dejar el cuidado de sus prendas en manos de otros.<\/p>\n<\/div>\n<div class=\"one_fourth last centrado\">\n<p><a href=\"https:\/\/www.dlasl.es\/es\/servicios\/productos-limpieza-automocion\/\"><img loading=\"lazy\" class=\"aligncenter size-full wp-image-50\" src=\"https:\/\/www.dlasl.es\/es\/wp-content\/uploads\/2016\/07\/automocion-ico.png\" alt=\"automocion-ico\" width=\"110\" height=\"111\" \/><\/a><\/p>\n<h3 class=\"home\"><a href=\"https:\/\/www.dlasl.es\/es\/servicios\/productos-limpieza-automocion\/\">AUTOMOCI\u00d3N<\/a><\/h3>\n<p>Tambi\u00e9n disponemos de un extenso cat\u00e1logo de todo el material necesario para dar sustento a las diferentes empresas enmarcadas dentro del sector de la automoci\u00f3n.<\/p>\n<\/div>\n<div class=\"clear\"><\/div>\n<\/div>\n","protected":false},"excerpt":{"rendered":"<p>Servicios Distribuci\u00f3n Mayorista HOSTELER\u00cdA Disponemos de todo el material que pueda necesitar su negocio de hosteler\u00eda, no dude en ponerse en contacto con nosotros para resolver conjuntamente cualquier duda. LIMPIEZA Contamos con un amplio cat\u00e1logo tanto a nivel de materiales como de consumibles para su empresa de limpieza. Si necesita asesoramiento sobre que productos son [&hellip;]<\/p>\n","protected":false},"author":2,"featured_media":0,"parent":0,"menu_order":0,"comment_status":"closed","ping_status":"closed","template":"diseno-full.php","meta":{"_joinchat":[]},"yoast_head":"<!-- This site is optimized with the Yoast SEO plugin v20.6 - https:\/\/yoast.com\/wordpress\/plugins\/seo\/ -->\n<title>Servicios de Distribuci\u00f3n a Hoteles, Restaurantes y locales de Ocio en Sevilla<\/title>\n<meta name=\"description\" content=\"En Distribuciones los Azahares proporcionamos Servicios de Distribuci\u00f3n a Hoteles, Restaurantes y locales de Ocio en Sevilla. \u00a1Ll\u00e1manos Ahora!\" \/>\n<meta name=\"robots\" content=\"index, follow, max-snippet:-1, max-image-preview:large, max-video-preview:-1\" \/>\n<link rel=\"canonical\" href=\"https:\/\/www.dlasl.es\/es\/servicios-distribucion-mayorista\/\" \/>\n<meta property=\"og:locale\" content=\"es_ES\" \/>\n<meta property=\"og:type\" content=\"article\" \/>\n<meta property=\"og:title\" content=\"Servicios de Distribuci\u00f3n a Hoteles, Restaurantes y locales de Ocio en Sevilla\" \/>\n<meta property=\"og:description\" content=\"En Distribuciones los Azahares proporcionamos Servicios de Distribuci\u00f3n a Hoteles, Restaurantes y locales de Ocio en Sevilla. \u00a1Ll\u00e1manos Ahora!\" \/>\n<meta property=\"og:url\" content=\"https:\/\/www.dlasl.es\/es\/servicios-distribucion-mayorista\/\" \/>\n<meta property=\"og:site_name\" content=\"DLA - Distribuciones Los Azahares\" \/>\n<meta property=\"article:modified_time\" content=\"2022-12-15T10:27:57+00:00\" \/>\n<meta property=\"og:image\" content=\"https:\/\/www.dlasl.es\/es\/wp-content\/uploads\/2018\/08\/servicios.jpg\" \/>\n\t<meta property=\"og:image:width\" content=\"1280\" \/>\n\t<meta property=\"og:image:height\" content=\"338\" \/>\n\t<meta property=\"og:image:type\" content=\"image\/jpeg\" \/>\n<meta name=\"twitter:card\" content=\"summary_large_image\" \/>\n<meta name=\"twitter:title\" content=\"Servicios de Distribuci\u00f3n a Hoteles, Restaurantes y locales de Ocio en Sevilla\" \/>\n<meta name=\"twitter:description\" content=\"En Distribuciones los Azahares proporcionamos Servicios de Distribuci\u00f3n a Hoteles, Restaurantes y locales de Ocio en Sevilla. \u00a1Ll\u00e1manos Ahora!\" \/>\n<meta name=\"twitter:image\" content=\"https:\/\/www.dlasl.es\/es\/wp-content\/uploads\/2018\/08\/servicios.jpg\" \/>\n<meta name=\"twitter:label1\" content=\"Tiempo de lectura\" \/>\n\t<meta name=\"twitter:data1\" content=\"2 minutos\" \/>\n<script type=\"application\/ld+json\" class=\"yoast-schema-graph\">{\"@context\":\"https:\/\/schema.org\",\"@graph\":[{\"@type\":\"WebPage\",\"@id\":\"https:\/\/www.dlasl.es\/es\/servicios-distribucion-mayorista\/\",\"url\":\"https:\/\/www.dlasl.es\/es\/servicios-distribucion-mayorista\/\",\"name\":\"Servicios de Distribuci\u00f3n a Hoteles, Restaurantes y locales de Ocio en Sevilla\",\"isPartOf\":{\"@id\":\"https:\/\/www.dlasl.es\/es\/#website\"},\"datePublished\":\"2016-07-25T12:19:00+00:00\",\"dateModified\":\"2022-12-15T10:27:57+00:00\",\"description\":\"En Distribuciones los Azahares proporcionamos Servicios de Distribuci\u00f3n a Hoteles, Restaurantes y locales de Ocio en Sevilla. \u00a1Ll\u00e1manos Ahora!\",\"breadcrumb\":{\"@id\":\"https:\/\/www.dlasl.es\/es\/servicios-distribucion-mayorista\/#breadcrumb\"},\"inLanguage\":\"es\",\"potentialAction\":[{\"@type\":\"ReadAction\",\"target\":[\"https:\/\/www.dlasl.es\/es\/servicios-distribucion-mayorista\/\"]}]},{\"@type\":\"BreadcrumbList\",\"@id\":\"https:\/\/www.dlasl.es\/es\/servicios-distribucion-mayorista\/#breadcrumb\",\"itemListElement\":[{\"@type\":\"ListItem\",\"position\":1,\"name\":\"Portada\",\"item\":\"https:\/\/www.dlasl.es\/es\/\"},{\"@type\":\"ListItem\",\"position\":2,\"name\":\"Servicios Distribuci\u00f3n Mayorista\"}]},{\"@type\":\"WebSite\",\"@id\":\"https:\/\/www.dlasl.es\/es\/#website\",\"url\":\"https:\/\/www.dlasl.es\/es\/\",\"name\":\"DLA - Distribuciones Los Azahares\",\"description\":\"\",\"potentialAction\":[{\"@type\":\"SearchAction\",\"target\":{\"@type\":\"EntryPoint\",\"urlTemplate\":\"https:\/\/www.dlasl.es\/es\/?s={search_term_string}\"},\"query-input\":\"required name=search_term_string\"}],\"inLanguage\":\"es\"}]}<\/script>\n<!-- \/ Yoast SEO plugin. -->","yoast_head_json":{"title":"Servicios de Distribuci\u00f3n a Hoteles, Restaurantes y locales de Ocio en Sevilla","description":"En Distribuciones los Azahares proporcionamos Servicios de Distribuci\u00f3n a Hoteles, Restaurantes y locales de Ocio en Sevilla. \u00a1Ll\u00e1manos Ahora!","robots":{"index":"index","follow":"follow","max-snippet":"max-snippet:-1","max-image-preview":"max-image-preview:large","max-video-preview":"max-video-preview:-1"},"canonical":"https:\/\/www.dlasl.es\/es\/servicios-distribucion-mayorista\/","og_locale":"es_ES","og_type":"article","og_title":"Servicios de Distribuci\u00f3n a Hoteles, Restaurantes y locales de Ocio en Sevilla","og_description":"En Distribuciones los Azahares proporcionamos Servicios de Distribuci\u00f3n a Hoteles, Restaurantes y locales de Ocio en Sevilla. \u00a1Ll\u00e1manos Ahora!","og_url":"https:\/\/www.dlasl.es\/es\/servicios-distribucion-mayorista\/","og_site_name":"DLA - Distribuciones Los Azahares","article_modified_time":"2022-12-15T10:27:57+00:00","og_image":[{"width":1280,"height":338,"url":"https:\/\/www.dlasl.es\/es\/wp-content\/uploads\/2018\/08\/servicios.jpg","type":"image\/jpeg"}],"twitter_card":"summary_large_image","twitter_title":"Servicios de Distribuci\u00f3n a Hoteles, Restaurantes y locales de Ocio en Sevilla","twitter_description":"En Distribuciones los Azahares proporcionamos Servicios de Distribuci\u00f3n a Hoteles, Restaurantes y locales de Ocio en Sevilla. \u00a1Ll\u00e1manos Ahora!","twitter_image":"https:\/\/www.dlasl.es\/es\/wp-content\/uploads\/2018\/08\/servicios.jpg","twitter_misc":{"Tiempo de lectura":"2 minutos"},"schema":{"@context":"https:\/\/schema.org","@graph":[{"@type":"WebPage","@id":"https:\/\/www.dlasl.es\/es\/servicios-distribucion-mayorista\/","url":"https:\/\/www.dlasl.es\/es\/servicios-distribucion-mayorista\/","name":"Servicios de Distribuci\u00f3n a Hoteles, Restaurantes y locales de Ocio en Sevilla","isPartOf":{"@id":"https:\/\/www.dlasl.es\/es\/#website"},"datePublished":"2016-07-25T12:19:00+00:00","dateModified":"2022-12-15T10:27:57+00:00","description":"En Distribuciones los Azahares proporcionamos Servicios de Distribuci\u00f3n a Hoteles, Restaurantes y locales de Ocio en Sevilla. \u00a1Ll\u00e1manos Ahora!","breadcrumb":{"@id":"https:\/\/www.dlasl.es\/es\/servicios-distribucion-mayorista\/#breadcrumb"},"inLanguage":"es","potentialAction":[{"@type":"ReadAction","target":["https:\/\/www.dlasl.es\/es\/servicios-distribucion-mayorista\/"]}]},{"@type":"BreadcrumbList","@id":"https:\/\/www.dlasl.es\/es\/servicios-distribucion-mayorista\/#breadcrumb","itemListElement":[{"@type":"ListItem","position":1,"name":"Portada","item":"https:\/\/www.dlasl.es\/es\/"},{"@type":"ListItem","position":2,"name":"Servicios Distribuci\u00f3n Mayorista"}]},{"@type":"WebSite","@id":"https:\/\/www.dlasl.es\/es\/#website","url":"https:\/\/www.dlasl.es\/es\/","name":"DLA - Distribuciones Los Azahares","description":"","potentialAction":[{"@type":"SearchAction","target":{"@type":"EntryPoint","urlTemplate":"https:\/\/www.dlasl.es\/es\/?s={search_term_string}"},"query-input":"required name=search_term_string"}],"inLanguage":"es"}]}},"_links":{"self":[{"href":"https:\/\/www.dlasl.es\/es\/wp-json\/wp\/v2\/pages\/12"}],"collection":[{"href":"https:\/\/www.dlasl.es\/es\/wp-json\/wp\/v2\/pages"}],"about":[{"href":"https:\/\/www.dlasl.es\/es\/wp-json\/wp\/v2\/types\/page"}],"author":[{"embeddable":true,"href":"https:\/\/www.dlasl.es\/es\/wp-json\/wp\/v2\/users\/2"}],"replies":[{"embeddable":true,"href":"https:\/\/www.dlasl.es\/es\/wp-json\/wp\/v2\/comments?post=12"}],"version-history":[{"count":13,"href":"https:\/\/www.dlasl.es\/es\/wp-json\/wp\/v2\/pages\/12\/revisions"}],"predecessor-version":[{"id":1911,"href":"https:\/\/www.dlasl.es\/es\/wp-json\/wp\/v2\/pages\/12\/revisions\/1911"}],"wp:attachment":[{"href":"https:\/\/www.dlasl.es\/es\/wp-json\/wp\/v2\/media?parent=12"}],"curies":[{"name":"wp","href":"https:\/\/api.w.org\/{rel}","templated":true}]}}