{"id":16,"date":"2016-07-25T12:19:24","date_gmt":"2016-07-25T12:19:24","guid":{"rendered":"https:\/\/www.dlasl.es\/es\/?page_id=16"},"modified":"2022-07-14T12:44:09","modified_gmt":"2022-07-14T12:44:09","slug":"calidad-y-confianza","status":"publish","type":"page","link":"https:\/\/www.dlasl.es\/es\/calidad-y-confianza\/","title":{"rendered":"Calidad y confianza"},"content":{"rendered":"<p><img loading=\"lazy\" src=\"https:\/\/www.dlasl.es\/es\/wp-content\/uploads\/2018\/08\/calidad_y_confianza.jpg\" alt=\"cabecera-calidad\" width=\"1600\" height=\"540\" class=\"aligncenter size-full wp-image-165 img-full\" \/><\/p>\n<div class=\"margen-2\"><\/div>\n<div class=\"sheet clearfix\">\n<h1 class=\"postheader\">Calidad y confianza<\/h1>\n<div class=\"dos-columnas\">\n<h3>DLA<\/h3>\n<p><strong>DLA<\/strong> nace en Mayo del a\u00f1o 2008 como empresa especializada en productos de limpieza. Sin dejar de lado este sector, fuimos introduci\u00e9ndonos en el sector hostelero de Sevilla y provincia, donde hoy d\u00eda, nuestra empresa ocupa una parte importante del mercado.<\/p>\n<p>Tras estos a\u00f1os de intenso trabajo, el crecimiento de nuestra empresa es evidente, sobre todo en el n\u00famero de clientes y en la ampliaci\u00f3n de nuestra zona de trabajo, a toda Andaluc\u00eda.<\/p>\n<p>Dentro de nuestro cat\u00e1logo de productos podr\u00e1n encontrar todo lo necesario para empresas hosteleras como restaurantes, discotecas, catering, hoteles, cl\u00ednicas, hospitales, geri\u00e1tricos y por supuesto, como no pod\u00eda ser menos, mirando a nuestro sector de origen, empresas de limpiezas y mantenimiento, intercomunidades, automoci\u00f3n, t\u00faneles de lavado, etc.<\/p>\n<p>En cuanto a la calidad y precio de nuestros productos, encontrar\u00e1n diferentes opciones para poder ajustarnos siempre a las necesidades de cada cliente.<\/p>\n<p>El mayor valor de DLA es el servicio al cliente. Sin duda alguna esa es nuestra bandera.<\/p>\n<p>En DLA nuestra filosof\u00eda se articula en torno al eje calidad-precio.<\/p>\n<p>Valorando la necesidad de garantizar siempre el mejor servicio, distribuimos marcas nacionales e internacionales, que seleccionamos por su calidad, precio y dise\u00f1o.<\/p>\n<p>De esta forma, conseguimos ofrecer los mejores precios y la variedad que nuestro mercado y nuestros clientes esperan.<\/p>\n<h4>PRODUCTOS DE EXCELENTE CALIDAD<\/h4>\n<p>Descubra nuestra amplia gama de productos y si lo desea, puede solicitar cualquier cat\u00e1logo de los que somos distribuidores, sin duda en ellos encontrar\u00e1 la calidad que est\u00e1 buscando y ante cualquier duda estaremos encantados de asesorarle para encontrar la mejor opci\u00f3n para su negocio y clientela.<\/p>\n<p>DLA es una empresa sevillana dedicada a la distribuci\u00f3n de productos de limpieza, cristaler\u00eda, vajillas, cuberter\u00edas, maquinaria, acero inoxidable, desechables\u2026\u2026en definitiva, cualquier art\u00edculo que pueda necesitar una empresa de hosteler\u00eda.<\/p>\n<p>Apostando por la calidad de nuestros productos, as\u00ed como por el buen servicio a nuestros clientes siempre ofrecemos un servicio r\u00e1pido, cercano y de confianza.<\/p>\n<p>Nuestros vendedores est\u00e1n en contacto continuo con nuestros clientes, para as\u00ed poder cubrir en el momento cualquier necesidad.<\/p>\n<p>En nuestros cat\u00e1logos y almacenes de Sevilla, le presentamos muchos de los productos que tenemos disponibles. Aun as\u00ed, estamos siempre abiertos a la posibilidad de aumentar nuestras referencias para dar cobertura a cualquier necesidad.<\/p>\n<\/div>\n<\/div>\n","protected":false},"excerpt":{"rendered":"<p>Calidad y confianza DLA DLA nace en Mayo del a\u00f1o 2008 como empresa especializada en productos de limpieza. Sin dejar de lado este sector, fuimos introduci\u00e9ndonos en el sector hostelero de Sevilla y provincia, donde hoy d\u00eda, nuestra empresa ocupa una parte importante del mercado. Tras estos a\u00f1os de intenso trabajo, el crecimiento de nuestra [&hellip;]<\/p>\n","protected":false},"author":2,"featured_media":0,"parent":0,"menu_order":0,"comment_status":"closed","ping_status":"closed","template":"diseno-full.php","meta":{"_joinchat":[]},"yoast_head":"<!-- This site is optimized with the Yoast SEO plugin v20.6 - https:\/\/yoast.com\/wordpress\/plugins\/seo\/ -->\n<title>Calidad y confianza - DLA, Distribuciones Los Azahares<\/title>\n<meta name=\"description\" content=\"DLA, Distribuciones Los Azahares. Calidad y confianza. Distribuidora de art\u00edculos de Menaje en Sevilla.\" \/>\n<meta name=\"robots\" content=\"index, follow, max-snippet:-1, max-image-preview:large, max-video-preview:-1\" \/>\n<link rel=\"canonical\" href=\"https:\/\/www.dlasl.es\/es\/calidad-y-confianza\/\" \/>\n<meta property=\"og:locale\" content=\"es_ES\" \/>\n<meta property=\"og:type\" content=\"article\" \/>\n<meta property=\"og:title\" content=\"Calidad y confianza - DLA, Distribuciones Los Azahares\" \/>\n<meta property=\"og:description\" content=\"DLA, Distribuciones Los Azahares. Calidad y confianza. Distribuidora de art\u00edculos de Menaje en Sevilla.\" \/>\n<meta property=\"og:url\" content=\"https:\/\/www.dlasl.es\/es\/calidad-y-confianza\/\" \/>\n<meta property=\"og:site_name\" content=\"DLA - Distribuciones Los Azahares\" \/>\n<meta property=\"article:modified_time\" content=\"2022-07-14T12:44:09+00:00\" \/>\n<meta property=\"og:image\" content=\"https:\/\/www.dlasl.es\/es\/wp-content\/uploads\/2018\/08\/calidad_y_confianza.jpg\" \/>\n<meta name=\"twitter:card\" content=\"summary_large_image\" \/>\n<meta name=\"twitter:label1\" content=\"Tiempo de lectura\" \/>\n\t<meta name=\"twitter:data1\" content=\"2 minutos\" \/>\n<script type=\"application\/ld+json\" class=\"yoast-schema-graph\">{\"@context\":\"https:\/\/schema.org\",\"@graph\":[{\"@type\":\"WebPage\",\"@id\":\"https:\/\/www.dlasl.es\/es\/calidad-y-confianza\/\",\"url\":\"https:\/\/www.dlasl.es\/es\/calidad-y-confianza\/\",\"name\":\"Calidad y confianza - DLA, Distribuciones Los Azahares\",\"isPartOf\":{\"@id\":\"https:\/\/www.dlasl.es\/es\/#website\"},\"datePublished\":\"2016-07-25T12:19:24+00:00\",\"dateModified\":\"2022-07-14T12:44:09+00:00\",\"description\":\"DLA, Distribuciones Los Azahares. Calidad y confianza. Distribuidora de art\u00edculos de Menaje en Sevilla.\",\"breadcrumb\":{\"@id\":\"https:\/\/www.dlasl.es\/es\/calidad-y-confianza\/#breadcrumb\"},\"inLanguage\":\"es\",\"potentialAction\":[{\"@type\":\"ReadAction\",\"target\":[\"https:\/\/www.dlasl.es\/es\/calidad-y-confianza\/\"]}]},{\"@type\":\"BreadcrumbList\",\"@id\":\"https:\/\/www.dlasl.es\/es\/calidad-y-confianza\/#breadcrumb\",\"itemListElement\":[{\"@type\":\"ListItem\",\"position\":1,\"name\":\"Portada\",\"item\":\"https:\/\/www.dlasl.es\/es\/\"},{\"@type\":\"ListItem\",\"position\":2,\"name\":\"Calidad y confianza\"}]},{\"@type\":\"WebSite\",\"@id\":\"https:\/\/www.dlasl.es\/es\/#website\",\"url\":\"https:\/\/www.dlasl.es\/es\/\",\"name\":\"DLA - Distribuciones Los Azahares\",\"description\":\"\",\"potentialAction\":[{\"@type\":\"SearchAction\",\"target\":{\"@type\":\"EntryPoint\",\"urlTemplate\":\"https:\/\/www.dlasl.es\/es\/?s={search_term_string}\"},\"query-input\":\"required name=search_term_string\"}],\"inLanguage\":\"es\"}]}<\/script>\n<!-- \/ Yoast SEO plugin. -->","yoast_head_json":{"title":"Calidad y confianza - DLA, Distribuciones Los Azahares","description":"DLA, Distribuciones Los Azahares. Calidad y confianza. Distribuidora de art\u00edculos de Menaje en Sevilla.","robots":{"index":"index","follow":"follow","max-snippet":"max-snippet:-1","max-image-preview":"max-image-preview:large","max-video-preview":"max-video-preview:-1"},"canonical":"https:\/\/www.dlasl.es\/es\/calidad-y-confianza\/","og_locale":"es_ES","og_type":"article","og_title":"Calidad y confianza - DLA, Distribuciones Los Azahares","og_description":"DLA, Distribuciones Los Azahares. Calidad y confianza. Distribuidora de art\u00edculos de Menaje en Sevilla.","og_url":"https:\/\/www.dlasl.es\/es\/calidad-y-confianza\/","og_site_name":"DLA - Distribuciones Los Azahares","article_modified_time":"2022-07-14T12:44:09+00:00","og_image":[{"url":"https:\/\/www.dlasl.es\/es\/wp-content\/uploads\/2018\/08\/calidad_y_confianza.jpg"}],"twitter_card":"summary_large_image","twitter_misc":{"Tiempo de lectura":"2 minutos"},"schema":{"@context":"https:\/\/schema.org","@graph":[{"@type":"WebPage","@id":"https:\/\/www.dlasl.es\/es\/calidad-y-confianza\/","url":"https:\/\/www.dlasl.es\/es\/calidad-y-confianza\/","name":"Calidad y confianza - DLA, Distribuciones Los Azahares","isPartOf":{"@id":"https:\/\/www.dlasl.es\/es\/#website"},"datePublished":"2016-07-25T12:19:24+00:00","dateModified":"2022-07-14T12:44:09+00:00","description":"DLA, Distribuciones Los Azahares. Calidad y confianza. Distribuidora de art\u00edculos de Menaje en Sevilla.","breadcrumb":{"@id":"https:\/\/www.dlasl.es\/es\/calidad-y-confianza\/#breadcrumb"},"inLanguage":"es","potentialAction":[{"@type":"ReadAction","target":["https:\/\/www.dlasl.es\/es\/calidad-y-confianza\/"]}]},{"@type":"BreadcrumbList","@id":"https:\/\/www.dlasl.es\/es\/calidad-y-confianza\/#breadcrumb","itemListElement":[{"@type":"ListItem","position":1,"name":"Portada","item":"https:\/\/www.dlasl.es\/es\/"},{"@type":"ListItem","position":2,"name":"Calidad y confianza"}]},{"@type":"WebSite","@id":"https:\/\/www.dlasl.es\/es\/#website","url":"https:\/\/www.dlasl.es\/es\/","name":"DLA - Distribuciones Los Azahares","description":"","potentialAction":[{"@type":"SearchAction","target":{"@type":"EntryPoint","urlTemplate":"https:\/\/www.dlasl.es\/es\/?s={search_term_string}"},"query-input":"required name=search_term_string"}],"inLanguage":"es"}]}},"_links":{"self":[{"href":"https:\/\/www.dlasl.es\/es\/wp-json\/wp\/v2\/pages\/16"}],"collection":[{"href":"https:\/\/www.dlasl.es\/es\/wp-json\/wp\/v2\/pages"}],"about":[{"href":"https:\/\/www.dlasl.es\/es\/wp-json\/wp\/v2\/types\/page"}],"author":[{"embeddable":true,"href":"https:\/\/www.dlasl.es\/es\/wp-json\/wp\/v2\/users\/2"}],"replies":[{"embeddable":true,"href":"https:\/\/www.dlasl.es\/es\/wp-json\/wp\/v2\/comments?post=16"}],"version-history":[{"count":13,"href":"https:\/\/www.dlasl.es\/es\/wp-json\/wp\/v2\/pages\/16\/revisions"}],"predecessor-version":[{"id":1341,"href":"https:\/\/www.dlasl.es\/es\/wp-json\/wp\/v2\/pages\/16\/revisions\/1341"}],"wp:attachment":[{"href":"https:\/\/www.dlasl.es\/es\/wp-json\/wp\/v2\/media?parent=16"}],"curies":[{"name":"wp","href":"https:\/\/api.w.org\/{rel}","templated":true}]}}