{"id":1684,"date":"2022-10-07T08:50:55","date_gmt":"2022-10-07T08:50:55","guid":{"rendered":"https:\/\/www.dlasl.es\/es\/?page_id=1684"},"modified":"2022-10-07T08:56:48","modified_gmt":"2022-10-07T08:56:48","slug":"descarga-de-textil-ropa-de-trabajo-para-hosteleria","status":"publish","type":"page","link":"https:\/\/www.dlasl.es\/es\/descarga-de-textil-ropa-de-trabajo-para-hosteleria\/","title":{"rendered":"Descarga de Textil (Ropa de Trabajo) para Hosteler\u00eda"},"content":{"rendered":"\n<div data-elementor-type=\"wp-page\" data-elementor-id=\"1684\" class=\"elementor elementor-1684\">\n<section class=\"elementor-section elementor-top-section elementor-element elementor-element-b7821d0 elementor-section-full_width elementor-section-height-default elementor-section-height-default\" data-id=\"b7821d0\" data-element_type=\"section\">\n<div class=\"elementor-container elementor-column-gap-no\">\n<div class=\"elementor-column elementor-col-100 elementor-top-column elementor-element elementor-element-f189806\" data-id=\"f189806\" data-element_type=\"column\">\n<div class=\"elementor-widget-wrap elementor-element-populated\">\n<div class=\"elementor-element elementor-element-6626dd3 elementor-widget elementor-widget-image\" data-id=\"6626dd3\" data-element_type=\"widget\" data-widget_type=\"image.default\">\n<div class=\"elementor-widget-container\">\n<style>\/*! elementor - v3.7.8 - 02-10-2022 *\/\n.elementor-widget-image{text-align:center}.elementor-widget-image a{display:inline-block}.elementor-widget-image a img[src$=\".svg\"]{width:48px}.elementor-widget-image img{vertical-align:middle;display:inline-block}<\/style>\n<p>\t\t\t\t\t\t\t\t\t\t\t\t<img width=\"2560\" height=\"450\" src=\"https:\/\/www.dlasl.es\/es\/wp-content\/uploads\/2022\/09\/header-descarga-de-catalogos-DLA.jpg\" class=\"attachment-full size-full\" alt=\"Descarga de Cat\u00e1logos DLA\" loading=\"lazy\" srcset=\"https:\/\/www.dlasl.es\/es\/wp-content\/uploads\/2022\/09\/header-descarga-de-catalogos-DLA.jpg 2560w, https:\/\/www.dlasl.es\/es\/wp-content\/uploads\/2022\/09\/header-descarga-de-catalogos-DLA-300x53.jpg 300w, https:\/\/www.dlasl.es\/es\/wp-content\/uploads\/2022\/09\/header-descarga-de-catalogos-DLA-1024x180.jpg 1024w, https:\/\/www.dlasl.es\/es\/wp-content\/uploads\/2022\/09\/header-descarga-de-catalogos-DLA-768x135.jpg 768w, https:\/\/www.dlasl.es\/es\/wp-content\/uploads\/2022\/09\/header-descarga-de-catalogos-DLA-1536x270.jpg 1536w, https:\/\/www.dlasl.es\/es\/wp-content\/uploads\/2022\/09\/header-descarga-de-catalogos-DLA-2048x360.jpg 2048w\" sizes=\"(max-width: 2560px) 100vw, 2560px\" \/>\t\t\t\t\t\t\t\t\t\t\t\t\t\t\t<\/div>\n<\/p><\/div>\n<\/p><\/div>\n<\/p><\/div>\n<\/p><\/div>\n<\/section>\n<section class=\"elementor-section elementor-top-section elementor-element elementor-element-6514b7e elementor-section-boxed elementor-section-height-default elementor-section-height-default\" data-id=\"6514b7e\" data-element_type=\"section\">\n<div class=\"elementor-container elementor-column-gap-default\">\n<div class=\"elementor-column elementor-col-100 elementor-top-column elementor-element elementor-element-2dcaa89\" data-id=\"2dcaa89\" data-element_type=\"column\">\n<div class=\"elementor-widget-wrap elementor-element-populated\">\n<div class=\"elementor-element elementor-element-0243817 elementor-widget elementor-widget-text-editor\" data-id=\"0243817\" data-element_type=\"widget\" data-widget_type=\"text-editor.default\">\n<div class=\"elementor-widget-container\">\n<style>\/*! elementor - v3.7.8 - 02-10-2022 *\/\n.elementor-widget-text-editor.elementor-drop-cap-view-stacked .elementor-drop-cap{background-color:#818a91;color:#fff}.elementor-widget-text-editor.elementor-drop-cap-view-framed .elementor-drop-cap{color:#818a91;border:3px solid;background-color:transparent}.elementor-widget-text-editor:not(.elementor-drop-cap-view-default) .elementor-drop-cap{margin-top:8px}.elementor-widget-text-editor:not(.elementor-drop-cap-view-default) .elementor-drop-cap-letter{width:1em;height:1em}.elementor-widget-text-editor .elementor-drop-cap{float:left;text-align:center;line-height:1;font-size:50px}.elementor-widget-text-editor .elementor-drop-cap-letter{display:inline-block}<\/style>\n<h1>Descarga de Cat\u00e1logos de Material Reutilizable para Hosteler\u00eda<\/h1>\n<p>P\u00e1gina para la descarga de cat\u00e1logos de material textil, Ropa de trabajo para hosteler\u00eda, chaquetillas de cocinero, pantalones, chaquetas, calzado, mandiles.\t\t\t\t\t\t<\/p><\/div>\n<\/p><\/div>\n<\/p><\/div>\n<\/p><\/div>\n<\/p><\/div>\n<\/section>\n<section class=\"elementor-section elementor-top-section elementor-element elementor-element-35fdb6a elementor-section-boxed elementor-section-height-default elementor-section-height-default\" data-id=\"35fdb6a\" data-element_type=\"section\">\n<div class=\"elementor-container elementor-column-gap-default\">\n<div class=\"elementor-column elementor-col-100 elementor-top-column elementor-element elementor-element-2de3ae9\" data-id=\"2de3ae9\" data-element_type=\"column\">\n<div class=\"elementor-widget-wrap elementor-element-populated\">\n<div class=\"elementor-element elementor-element-ba61687 elementor-widget elementor-widget-wpdmpackages\" data-id=\"ba61687\" data-element_type=\"widget\" data-widget_type=\"wpdmpackages.default\">\n<div class=\"elementor-widget-container\">\n<div class='w3eden'>\n<div class=''>\n<form method=\"get\" class=\"__wpdm_submit_async\" data-container=\"#content_wpdm_package_1\" id=\"sc_form_wpdm_package_1\" style=\"margin-bottom: 15px\">\n<div class=\"card panel panel-default wpdm-shortcode-toolbar\">\n<div class=\"card-body panel-body\">\n<div class=\"row\">\n<div class=\"col-lg-6 col-md-12\">\n                            <input type=\"search\" name=\"skw\" value=\"\" placeholder=\"Buscar palabra clave\u2026\" class=\"form-control\" \/>\n                        <\/div>\n<div class=\"col-lg-2 col-md-4\">\n                            <select name=\"orderby\" class=\"wpdm-custom-select custom-select\"><option value=\"date\" disabled=\"disabled\">Ordenar por:<\/option><option value=\"date\" >Fecha de publicaci\u00f3n<\/option><option value=\"title\" >T\u00edtulo<\/option><option value=\"update_date\" >Fecha de actualizaci\u00f3n<\/option><option value=\"downloads\" >Descargas<\/option><option value=\"views\" >Visitas<\/option><\/select>\n                        <\/div>\n<div class=\"col-lg-2 col-md-4\">\n                            <select name=\"order\" class=\"wpdm-custom-select custom-select\"><option value=\"desc\" disabled=\"disabled\">Orden:<\/option><option value=\"desc\" >Descendente<\/option><option value=\"asc\" >Ascendente<\/option><\/select>\n                        <\/div>\n<div class=\"col-lg-2 col-md-4\">\n                            <button type=\"submit\" class=\"btn btn-secondary btn-block\">Aplicar el filtro<\/button>\n                        <\/div>\n<\/p><\/div>\n<\/p><\/div>\n<\/p><\/div>\n<\/p><\/form>\n<div class=\"spacer mb-3 d-block clearfix\"><\/div>\n<div id=\"content_wpdm_package_1\">\n<div class='row'>\n<div class='col-lg-4 col-md-6 col-12'><!-- WPDM Link Template: Default Template (Extended) --><\/p>\n<div class=\"card card-default\">\n<div class=\"card-body\">\n<div class=\"media\">\n<div class=\"pull-left\"><img class=\"wpdm_icon\" alt=\"Icono\" src=\"https:\/\/www.dlasl.es\/es\/wp-content\/plugins\/download-manager\/assets\/file-type-icons\/web.svg\" \/><\/div>\n<div class=\"media-body\"><strong class=\"ptitle\">CAT\u00c1LOGO GARY\u00b4S TEXTIL (ROPA DE TRABAJO)<\/strong><\/p>\n<div><strong><a class='wpdm-download-link download-on-click btn btn-primary btn-sm' rel='nofollow' href='#' data-downloadurl=\"https:\/\/www.dlasl.es\/es\/download\/catalogo-garys-textil-ropa-de-trabajo\/?wpdmdl=1655&#038;refresh=69dfd626e2a1f1776277030\">Descargar<\/a><\/strong><\/div>\n<\/p><\/div>\n<\/p><\/div>\n<\/p><\/div>\n<div class=\"card-footer\"><span class=\"pull-right\">173 downloads<\/span>14 MB<\/div>\n<\/div>\n<\/div>\n<\/div>\n<div style='clear:both'><\/div>\n<div class='text-center'>\n<ul class='pagination wpdm-pagination pagination-centered text-center async'><\/ul>\n<\/div>\n<div style='clear:both'><\/div>\n<\/p><\/div>\n<div style='clear:both'><\/div>\n<\/p><\/div>\n<\/div><\/div>\n<\/p><\/div>\n<\/p><\/div>\n<\/p><\/div>\n<\/p><\/div>\n<\/section>\n<section class=\"elementor-section elementor-top-section elementor-element elementor-element-e16a183 elementor-section-boxed elementor-section-height-default elementor-section-height-default\" data-id=\"e16a183\" data-element_type=\"section\">\n<div class=\"elementor-container elementor-column-gap-default\">\n<div class=\"elementor-column elementor-col-100 elementor-top-column elementor-element elementor-element-ef5b2d1\" data-id=\"ef5b2d1\" data-element_type=\"column\">\n<div class=\"elementor-widget-wrap elementor-element-populated\">\n<div class=\"elementor-element elementor-element-5e359d6 elementor-align-center elementor-widget elementor-widget-button\" data-id=\"5e359d6\" data-element_type=\"widget\" data-widget_type=\"button.default\">\n<div class=\"elementor-widget-container\">\n<div class=\"elementor-button-wrapper\">\n\t\t\t<a href=\"https:\/\/www.dlasl.es\/es\/descarga-de-catalogos-dla\/\" class=\"elementor-button-link elementor-button elementor-size-sm\" role=\"button\"><br \/>\n\t\t\t\t\t\t<span class=\"elementor-button-content-wrapper\"><br \/>\n\t\t\t\t\t\t<span class=\"elementor-button-text\">Volver a los cat\u00e1logos<\/span><br \/>\n\t\t<\/span><br \/>\n\t\t\t\t\t<\/a>\n\t\t<\/div>\n<\/p><\/div>\n<\/p><\/div>\n<\/p><\/div>\n<\/p><\/div>\n<\/p><\/div>\n<\/section>\n<section class=\"elementor-section elementor-top-section elementor-element elementor-element-f59dde4 elementor-section-boxed elementor-section-height-default elementor-section-height-default\" data-id=\"f59dde4\" data-element_type=\"section\">\n<div class=\"elementor-container elementor-column-gap-default\">\n<div class=\"elementor-column elementor-col-100 elementor-top-column elementor-element elementor-element-4998d27\" data-id=\"4998d27\" data-element_type=\"column\">\n<div class=\"elementor-widget-wrap elementor-element-populated\">\n<div class=\"elementor-element elementor-element-be01cf0 elementor-widget elementor-widget-text-editor\" data-id=\"be01cf0\" data-element_type=\"widget\" data-widget_type=\"text-editor.default\">\n<div class=\"elementor-widget-container\">\n<h4 style=\"text-align: center;\">Contacto<\/h4>\n<p style=\"text-align: center;\">Si no encuentras la informaci\u00f3n que buscas y necesitas una atenci\u00f3n m\u00e1s personalizada rellena el siguiente formulario y nos pondremos en contacto contigo.<\/p>\n<\/p><\/div>\n<\/p><\/div>\n<div class=\"elementor-element elementor-element-f6296b4 elementor-widget elementor-widget-shortcode\" data-id=\"f6296b4\" data-element_type=\"widget\" data-widget_type=\"shortcode.default\">\n<div class=\"elementor-widget-container\">\n<div class=\"elementor-shortcode\">\n<div class=\"wpcf7 no-js\" id=\"wpcf7-f1095-o1\" lang=\"es-ES\" dir=\"ltr\">\n<div class=\"screen-reader-response\">\n<p role=\"status\" aria-live=\"polite\" aria-atomic=\"true\">\n<ul><\/ul>\n<\/div>\n<form action=\"\/es\/wp-json\/wp\/v2\/pages\/1684#wpcf7-f1095-o1\" method=\"post\" class=\"wpcf7-form init\" aria-label=\"Formulario de contacto\" novalidate=\"novalidate\" data-status=\"init\">\n<div style=\"display: none;\">\n<input type=\"hidden\" name=\"_wpcf7\" value=\"1095\" \/><br \/>\n<input type=\"hidden\" name=\"_wpcf7_version\" value=\"5.7.6\" \/><br \/>\n<input type=\"hidden\" name=\"_wpcf7_locale\" value=\"es_ES\" \/><br \/>\n<input type=\"hidden\" name=\"_wpcf7_unit_tag\" value=\"wpcf7-f1095-o1\" \/><br \/>\n<input type=\"hidden\" name=\"_wpcf7_container_post\" value=\"0\" \/><br \/>\n<input type=\"hidden\" name=\"_wpcf7_posted_data_hash\" value=\"\" \/><br \/>\n<input type=\"hidden\" name=\"_wpcf7_recaptcha_response\" value=\"\" \/>\n<\/div>\n<p><span class=\"wpcf7-form-control-wrap\" data-name=\"your-name\"><input size=\"40\" class=\"wpcf7-form-control wpcf7-text wpcf7-validates-as-required formulario\" aria-required=\"true\" aria-invalid=\"false\" placeholder=\"Nombre (*)\" value=\"\" type=\"text\" name=\"your-name\" \/><\/span>\n<\/p>\n<p><span class=\"wpcf7-form-control-wrap\" data-name=\"your-email\"><input size=\"40\" class=\"wpcf7-form-control wpcf7-text wpcf7-email wpcf7-validates-as-required wpcf7-validates-as-email formulario\" aria-required=\"true\" aria-invalid=\"false\" placeholder=\"Email (*)\" value=\"\" type=\"email\" name=\"your-email\" \/><\/span>\n<\/p>\n<p><span class=\"wpcf7-form-control-wrap\" data-name=\"tel-165\"><input size=\"40\" class=\"wpcf7-form-control wpcf7-text wpcf7-tel wpcf7-validates-as-tel formulario\" aria-invalid=\"false\" placeholder=\"Tel\u00e9fono\" value=\"\" type=\"tel\" name=\"tel-165\" \/><\/span>\n<\/p>\n<p><span class=\"wpcf7-form-control-wrap\" data-name=\"your-subject\"><input size=\"40\" class=\"wpcf7-form-control wpcf7-text formulario\" aria-invalid=\"false\" placeholder=\"Asunto\" value=\"\" type=\"text\" name=\"your-subject\" \/><\/span>\n<\/p>\n<p>\u00bfPuedes indicarnos sobre qu\u00e9 servicio quieres informaci\u00f3n?\n<\/p>\n<p><span class=\"wpcf7-form-control-wrap\" data-name=\"servicio\"><select class=\"wpcf7-form-control wpcf7-select formulario\" aria-invalid=\"false\" name=\"servicio\"><option value=\"Menaje para Hosteler\u00eda\">Menaje para Hosteler\u00eda<\/option><option value=\"Productos de Limpieza\">Productos de Limpieza<\/option><option value=\"Suministros de Lavander\u00eda\">Suministros de Lavander\u00eda<\/option><option value=\"Limpieza y Automoci\u00f3n\">Limpieza y Automoci\u00f3n<\/option><\/select><\/span>\n<\/p>\n<p>Para qu\u00e9 sector es la informaci\u00f3n que necesitas?\n<\/p>\n<p><span class=\"wpcf7-form-control-wrap\" data-name=\"sector\"><select class=\"wpcf7-form-control wpcf7-select formulario\" aria-invalid=\"false\" name=\"sector\"><option value=\"Empresas de Restauraci\u00f3n\">Empresas de Restauraci\u00f3n<\/option><option value=\"Empresas de Limpieza\">Empresas de Limpieza<\/option><option value=\"Empresas de Sanitarias\">Empresas de Sanitarias<\/option><option value=\"Lavander\u00edas\">Lavander\u00edas<\/option><option value=\"Empresas de Automoci\u00f3n\">Empresas de Automoci\u00f3n<\/option><option value=\"Otro\">Otro<\/option><\/select><\/span>\n<\/p>\n<p><span class=\"wpcf7-form-control-wrap\" data-name=\"your-message\"><textarea cols=\"40\" rows=\"6\" class=\"wpcf7-form-control wpcf7-textarea formulario\" aria-invalid=\"false\" placeholder=\"Mensaje\" name=\"your-message\"><\/textarea><\/span>\n<\/p>\n<p><span class=\"wpcf7-form-control-wrap\" data-name=\"checkbox-673\"><span class=\"wpcf7-form-control wpcf7-checkbox\"><span class=\"wpcf7-list-item first last\"><input type=\"checkbox\" name=\"checkbox-673[]\" value=\"Deseo recibir informaci\u00f3n sobre noticias, ofertas y promociones de DLA\" \/><span class=\"wpcf7-list-item-label\">Deseo recibir informaci\u00f3n sobre noticias, ofertas y promociones de DLA<\/span><\/span><\/span><\/span>\n<\/p>\n<p><span class=\"wpcf7-form-control-wrap\" data-name=\"acceptance-929\"><span class=\"wpcf7-form-control wpcf7-acceptance\"><span class=\"wpcf7-list-item\"><input type=\"checkbox\" name=\"acceptance-929\" value=\"1\" aria-invalid=\"false\" \/><\/span><\/span><\/span> He le\u00eddo y acepto la pol\u00edtica de privacidad.\n<\/p>\n<p>De conformidad con las normativas de protecci\u00f3n de datos, le facilitamos la siguiente informaci\u00f3n del tratamiento:\n<\/p>\n<p>Responsable: DIAZAHARESOL, S.L.<br \/>\nFines del tratamiento: tramitar encargos, solicitudes, dar respuesta a las consultas o cualquier petici\u00f3n que sea realizada por el USUARIO a trav\u00e9s del formulario de contacto que se pone a disposici\u00f3n en la p\u00e1gina web del RESPONSABLE y enviar comunicaciones de productos o servicios.\n<\/p>\n<p>Derechos que le asisten: acceso, rectificaci\u00f3n, portabilidad, supresi\u00f3n, limitaci\u00f3n y oposici\u00f3n<br \/>\nM\u00e1s informaci\u00f3n del tratamiento en la <a href=\"https:\/\/www.dlasl.es\/es\/politica-de-privacidad-2\/\" target=\"_blank\">Pol\u00edtica de privacidad.<\/a>\n<\/p>\n<p><input class=\"wpcf7-form-control has-spinner wpcf7-submit button\" type=\"submit\" value=\"Enviar\" \/>\n<\/p>\n<p style=\"display: none !important;\"><label>&#916;<textarea name=\"_wpcf7_ak_hp_textarea\" cols=\"45\" rows=\"8\" maxlength=\"100\"><\/textarea><\/label><input type=\"hidden\" id=\"ak_js_1\" name=\"_wpcf7_ak_js\" value=\"166\"\/><script>document.getElementById( \"ak_js_1\" ).setAttribute( \"value\", ( new Date() ).getTime() );<\/script><\/p>\n<div class=\"wpcf7-response-output\" aria-hidden=\"true\"><\/div>\n<\/form>\n<\/div>\n<\/div><\/div>\n<\/p><\/div>\n<\/p><\/div>\n<\/p><\/div>\n<\/p><\/div>\n<\/section><\/div>\n","protected":false},"excerpt":{"rendered":"<p>Descarga de Cat\u00e1logos de Material Reutilizable para Hosteler\u00eda P\u00e1gina para la descarga de cat\u00e1logos de material textil, Ropa de trabajo para hosteler\u00eda, chaquetillas de cocinero, pantalones, chaquetas, calzado, mandiles. Ordenar por:Fecha de publicaci\u00f3nT\u00edtuloFecha de actualizaci\u00f3nDescargasVisitas Orden:DescendenteAscendente Aplicar el filtro CAT\u00c1LOGO GARY\u00b4S TEXTIL (ROPA DE TRABAJO) Descargar 1 downloads14 MB Volver a los cat\u00e1logos Contacto Si [&hellip;]<\/p>\n","protected":false},"author":3,"featured_media":0,"parent":0,"menu_order":0,"comment_status":"closed","ping_status":"closed","template":"diseno-full.php","meta":{"_joinchat":[]},"yoast_head":"<!-- This site is optimized with the Yoast SEO plugin v20.6 - https:\/\/yoast.com\/wordpress\/plugins\/seo\/ -->\n<title>DLA - Descarga de Textil (Ropa de Trabajo) para Hosteler\u00eda<\/title>\n<meta name=\"description\" content=\"Descarga de Textil (Ropa de Trabajo) para Hosteler\u00eda, Chaquetillas de cocinero, pantalones, chaquetas, calzado, mandiles.\" \/>\n<meta name=\"robots\" content=\"index, follow, max-snippet:-1, max-image-preview:large, max-video-preview:-1\" \/>\n<link rel=\"canonical\" href=\"https:\/\/www.dlasl.es\/es\/descarga-de-textil-ropa-de-trabajo-para-hosteleria\/\" \/>\n<meta property=\"og:locale\" content=\"es_ES\" \/>\n<meta property=\"og:type\" content=\"article\" \/>\n<meta property=\"og:title\" content=\"DLA - Descarga de Textil (Ropa de Trabajo) para Hosteler\u00eda\" \/>\n<meta property=\"og:description\" content=\"Descarga de Textil (Ropa de Trabajo) para Hosteler\u00eda, Chaquetillas de cocinero, pantalones, chaquetas, calzado, mandiles.\" \/>\n<meta property=\"og:url\" content=\"https:\/\/www.dlasl.es\/es\/descarga-de-textil-ropa-de-trabajo-para-hosteleria\/\" \/>\n<meta property=\"og:site_name\" content=\"DLA - Distribuciones Los Azahares\" \/>\n<meta property=\"article:modified_time\" content=\"2022-10-07T08:56:48+00:00\" \/>\n<meta property=\"og:image\" content=\"https:\/\/www.dlasl.es\/es\/wp-content\/uploads\/2022\/09\/header-descarga-de-catalogos-DLA.jpg\" \/>\n<meta name=\"twitter:card\" content=\"summary_large_image\" \/>\n<meta name=\"twitter:label1\" content=\"Tiempo de lectura\" \/>\n\t<meta name=\"twitter:data1\" content=\"2 minutos\" \/>\n<script type=\"application\/ld+json\" class=\"yoast-schema-graph\">{\"@context\":\"https:\/\/schema.org\",\"@graph\":[{\"@type\":\"WebPage\",\"@id\":\"https:\/\/www.dlasl.es\/es\/descarga-de-textil-ropa-de-trabajo-para-hosteleria\/\",\"url\":\"https:\/\/www.dlasl.es\/es\/descarga-de-textil-ropa-de-trabajo-para-hosteleria\/\",\"name\":\"DLA - Descarga de Textil (Ropa de Trabajo) para Hosteler\u00eda\",\"isPartOf\":{\"@id\":\"https:\/\/www.dlasl.es\/es\/#website\"},\"datePublished\":\"2022-10-07T08:50:55+00:00\",\"dateModified\":\"2022-10-07T08:56:48+00:00\",\"description\":\"Descarga de Textil (Ropa de Trabajo) para Hosteler\u00eda, Chaquetillas de cocinero, pantalones, chaquetas, calzado, mandiles.\",\"breadcrumb\":{\"@id\":\"https:\/\/www.dlasl.es\/es\/descarga-de-textil-ropa-de-trabajo-para-hosteleria\/#breadcrumb\"},\"inLanguage\":\"es\",\"potentialAction\":[{\"@type\":\"ReadAction\",\"target\":[\"https:\/\/www.dlasl.es\/es\/descarga-de-textil-ropa-de-trabajo-para-hosteleria\/\"]}]},{\"@type\":\"BreadcrumbList\",\"@id\":\"https:\/\/www.dlasl.es\/es\/descarga-de-textil-ropa-de-trabajo-para-hosteleria\/#breadcrumb\",\"itemListElement\":[{\"@type\":\"ListItem\",\"position\":1,\"name\":\"Portada\",\"item\":\"https:\/\/www.dlasl.es\/es\/\"},{\"@type\":\"ListItem\",\"position\":2,\"name\":\"Descarga de Textil (Ropa de Trabajo) para Hosteler\u00eda\"}]},{\"@type\":\"WebSite\",\"@id\":\"https:\/\/www.dlasl.es\/es\/#website\",\"url\":\"https:\/\/www.dlasl.es\/es\/\",\"name\":\"DLA - Distribuciones Los Azahares\",\"description\":\"\",\"potentialAction\":[{\"@type\":\"SearchAction\",\"target\":{\"@type\":\"EntryPoint\",\"urlTemplate\":\"https:\/\/www.dlasl.es\/es\/?s={search_term_string}\"},\"query-input\":\"required name=search_term_string\"}],\"inLanguage\":\"es\"}]}<\/script>\n<!-- \/ Yoast SEO plugin. -->","yoast_head_json":{"title":"DLA - Descarga de Textil (Ropa de Trabajo) para Hosteler\u00eda","description":"Descarga de Textil (Ropa de Trabajo) para Hosteler\u00eda, Chaquetillas de cocinero, pantalones, chaquetas, calzado, mandiles.","robots":{"index":"index","follow":"follow","max-snippet":"max-snippet:-1","max-image-preview":"max-image-preview:large","max-video-preview":"max-video-preview:-1"},"canonical":"https:\/\/www.dlasl.es\/es\/descarga-de-textil-ropa-de-trabajo-para-hosteleria\/","og_locale":"es_ES","og_type":"article","og_title":"DLA - Descarga de Textil (Ropa de Trabajo) para Hosteler\u00eda","og_description":"Descarga de Textil (Ropa de Trabajo) para Hosteler\u00eda, Chaquetillas de cocinero, pantalones, chaquetas, calzado, mandiles.","og_url":"https:\/\/www.dlasl.es\/es\/descarga-de-textil-ropa-de-trabajo-para-hosteleria\/","og_site_name":"DLA - Distribuciones Los Azahares","article_modified_time":"2022-10-07T08:56:48+00:00","og_image":[{"url":"https:\/\/www.dlasl.es\/es\/wp-content\/uploads\/2022\/09\/header-descarga-de-catalogos-DLA.jpg"}],"twitter_card":"summary_large_image","twitter_misc":{"Tiempo de lectura":"2 minutos"},"schema":{"@context":"https:\/\/schema.org","@graph":[{"@type":"WebPage","@id":"https:\/\/www.dlasl.es\/es\/descarga-de-textil-ropa-de-trabajo-para-hosteleria\/","url":"https:\/\/www.dlasl.es\/es\/descarga-de-textil-ropa-de-trabajo-para-hosteleria\/","name":"DLA - Descarga de Textil (Ropa de Trabajo) para Hosteler\u00eda","isPartOf":{"@id":"https:\/\/www.dlasl.es\/es\/#website"},"datePublished":"2022-10-07T08:50:55+00:00","dateModified":"2022-10-07T08:56:48+00:00","description":"Descarga de Textil (Ropa de Trabajo) para Hosteler\u00eda, Chaquetillas de cocinero, pantalones, chaquetas, calzado, mandiles.","breadcrumb":{"@id":"https:\/\/www.dlasl.es\/es\/descarga-de-textil-ropa-de-trabajo-para-hosteleria\/#breadcrumb"},"inLanguage":"es","potentialAction":[{"@type":"ReadAction","target":["https:\/\/www.dlasl.es\/es\/descarga-de-textil-ropa-de-trabajo-para-hosteleria\/"]}]},{"@type":"BreadcrumbList","@id":"https:\/\/www.dlasl.es\/es\/descarga-de-textil-ropa-de-trabajo-para-hosteleria\/#breadcrumb","itemListElement":[{"@type":"ListItem","position":1,"name":"Portada","item":"https:\/\/www.dlasl.es\/es\/"},{"@type":"ListItem","position":2,"name":"Descarga de Textil (Ropa de Trabajo) para Hosteler\u00eda"}]},{"@type":"WebSite","@id":"https:\/\/www.dlasl.es\/es\/#website","url":"https:\/\/www.dlasl.es\/es\/","name":"DLA - Distribuciones Los Azahares","description":"","potentialAction":[{"@type":"SearchAction","target":{"@type":"EntryPoint","urlTemplate":"https:\/\/www.dlasl.es\/es\/?s={search_term_string}"},"query-input":"required name=search_term_string"}],"inLanguage":"es"}]}},"_links":{"self":[{"href":"https:\/\/www.dlasl.es\/es\/wp-json\/wp\/v2\/pages\/1684"}],"collection":[{"href":"https:\/\/www.dlasl.es\/es\/wp-json\/wp\/v2\/pages"}],"about":[{"href":"https:\/\/www.dlasl.es\/es\/wp-json\/wp\/v2\/types\/page"}],"author":[{"embeddable":true,"href":"https:\/\/www.dlasl.es\/es\/wp-json\/wp\/v2\/users\/3"}],"replies":[{"embeddable":true,"href":"https:\/\/www.dlasl.es\/es\/wp-json\/wp\/v2\/comments?post=1684"}],"version-history":[{"count":13,"href":"https:\/\/www.dlasl.es\/es\/wp-json\/wp\/v2\/pages\/1684\/revisions"}],"predecessor-version":[{"id":1697,"href":"https:\/\/www.dlasl.es\/es\/wp-json\/wp\/v2\/pages\/1684\/revisions\/1697"}],"wp:attachment":[{"href":"https:\/\/www.dlasl.es\/es\/wp-json\/wp\/v2\/media?parent=1684"}],"curies":[{"name":"wp","href":"https:\/\/api.w.org\/{rel}","templated":true}]}}