{"id":2259,"date":"2025-01-17T12:03:15","date_gmt":"2025-01-17T12:03:15","guid":{"rendered":"https:\/\/www.dlasl.es\/es\/?page_id=2259"},"modified":"2025-02-07T11:53:04","modified_gmt":"2025-02-07T11:53:04","slug":"inicio-nueva","status":"publish","type":"page","link":"https:\/\/www.dlasl.es\/es\/","title":{"rendered":"Inicio nueva"},"content":{"rendered":"\n<div data-elementor-type=\"wp-page\" data-elementor-id=\"2259\" class=\"elementor elementor-2259\">\n<section class=\"elementor-section elementor-top-section elementor-element elementor-element-b87999f elementor-section-full_width elementor-section-stretched elementor-section-height-default elementor-section-height-default\" data-id=\"b87999f\" data-element_type=\"section\" data-settings=\"{&quot;stretch_section&quot;:&quot;section-stretched&quot;,&quot;background_background&quot;:&quot;classic&quot;}\">\n<div class=\"elementor-container elementor-column-gap-default\">\n<div class=\"elementor-column elementor-col-100 elementor-top-column elementor-element elementor-element-c34f58e\" data-id=\"c34f58e\" data-element_type=\"column\">\n<div class=\"elementor-widget-wrap elementor-element-populated\">\n<section class=\"elementor-section elementor-inner-section elementor-element elementor-element-dd740d3 elementor-section-boxed elementor-section-height-default elementor-section-height-default\" data-id=\"dd740d3\" data-element_type=\"section\">\n<div class=\"elementor-container elementor-column-gap-default\">\n<div class=\"elementor-column elementor-col-100 elementor-inner-column elementor-element elementor-element-7ea9440\" data-id=\"7ea9440\" data-element_type=\"column\">\n<div class=\"elementor-widget-wrap elementor-element-populated\">\n<div class=\"elementor-element elementor-element-4beec59 elementor-widget elementor-widget-heading\" data-id=\"4beec59\" data-element_type=\"widget\" data-widget_type=\"heading.default\">\n<div class=\"elementor-widget-container\">\n<style>\/*! elementor - v3.7.8 - 02-10-2022 *\/\n.elementor-heading-title{padding:0;margin:0;line-height:1}.elementor-widget-heading .elementor-heading-title[class*=elementor-size-]>a{color:inherit;font-size:inherit;line-height:inherit}.elementor-widget-heading .elementor-heading-title.elementor-size-small{font-size:15px}.elementor-widget-heading .elementor-heading-title.elementor-size-medium{font-size:19px}.elementor-widget-heading .elementor-heading-title.elementor-size-large{font-size:29px}.elementor-widget-heading .elementor-heading-title.elementor-size-xl{font-size:39px}.elementor-widget-heading .elementor-heading-title.elementor-size-xxl{font-size:59px}<\/style>\n<h2 class=\"elementor-heading-title elementor-size-default\">Suministros para hosteler\u00eda y limpieza industrial<\/h2>\n<\/p><\/div>\n<\/p><\/div>\n<\/p><\/div>\n<\/p><\/div>\n<\/p><\/div>\n<\/section>\n<section class=\"elementor-section elementor-inner-section elementor-element elementor-element-bfdbb0b elementor-section-boxed elementor-section-height-default elementor-section-height-default\" data-id=\"bfdbb0b\" data-element_type=\"section\">\n<div class=\"elementor-container elementor-column-gap-default\">\n<div class=\"elementor-column elementor-col-50 elementor-inner-column elementor-element elementor-element-29324ba\" data-id=\"29324ba\" data-element_type=\"column\">\n<div class=\"elementor-widget-wrap elementor-element-populated\">\n<div class=\"elementor-element elementor-element-55eb1c0 elementor-align-justify elementor-widget elementor-widget-button\" data-id=\"55eb1c0\" data-element_type=\"widget\" data-widget_type=\"button.default\">\n<div class=\"elementor-widget-container\">\n<div class=\"elementor-button-wrapper\">\n\t\t\t<a href=\"#contacto-home\" class=\"elementor-button-link elementor-button elementor-size-md\" role=\"button\"><br \/>\n\t\t\t\t\t\t<span class=\"elementor-button-content-wrapper\"><br \/>\n\t\t\t\t\t\t<span class=\"elementor-button-text\">Pide presupuesto<\/span><br \/>\n\t\t<\/span><br \/>\n\t\t\t\t\t<\/a>\n\t\t<\/div>\n<\/p><\/div>\n<\/p><\/div>\n<\/p><\/div>\n<\/p><\/div>\n<div class=\"elementor-column elementor-col-50 elementor-inner-column elementor-element elementor-element-58325ab\" data-id=\"58325ab\" data-element_type=\"column\">\n<div class=\"elementor-widget-wrap elementor-element-populated\">\n<div class=\"elementor-element elementor-element-119dad8 elementor-align-justify elementor-widget elementor-widget-button\" data-id=\"119dad8\" data-element_type=\"widget\" data-widget_type=\"button.default\">\n<div class=\"elementor-widget-container\">\n<div class=\"elementor-button-wrapper\">\n\t\t\t<a href=\"#\" class=\"elementor-button-link elementor-button elementor-size-md\" role=\"button\"><br \/>\n\t\t\t\t\t\t<span class=\"elementor-button-content-wrapper\"><br \/>\n\t\t\t\t\t\t<span class=\"elementor-button-text\">Ll\u00e1manos<\/span><br \/>\n\t\t<\/span><br \/>\n\t\t\t\t\t<\/a>\n\t\t<\/div>\n<\/p><\/div>\n<\/p><\/div>\n<\/p><\/div>\n<\/p><\/div>\n<\/p><\/div>\n<\/section><\/div>\n<\/p><\/div>\n<\/p><\/div>\n<\/section>\n<section class=\"elementor-section elementor-top-section elementor-element elementor-element-bb3a8fd elementor-section-boxed elementor-section-height-default elementor-section-height-default\" data-id=\"bb3a8fd\" data-element_type=\"section\">\n<div class=\"elementor-container elementor-column-gap-default\">\n<div class=\"elementor-column elementor-col-100 elementor-top-column elementor-element elementor-element-3ea5715\" data-id=\"3ea5715\" data-element_type=\"column\">\n<div class=\"elementor-widget-wrap elementor-element-populated\">\n<div class=\"elementor-element elementor-element-388e450 elementor-widget elementor-widget-heading\" data-id=\"388e450\" data-element_type=\"widget\" data-widget_type=\"heading.default\">\n<div class=\"elementor-widget-container\">\n<h2 class=\"elementor-heading-title elementor-size-default\">Lo mejor para tu empresa<\/h2>\n<\/p><\/div>\n<\/p><\/div>\n<\/p><\/div>\n<\/p><\/div>\n<\/p><\/div>\n<\/section>\n<section class=\"elementor-section elementor-top-section elementor-element elementor-element-4ff4338 elementor-section-boxed elementor-section-height-default elementor-section-height-default\" data-id=\"4ff4338\" data-element_type=\"section\">\n<div class=\"elementor-container elementor-column-gap-default\">\n<div class=\"elementor-column elementor-col-25 elementor-top-column elementor-element elementor-element-a77ebc2 ocultar_texto\" data-id=\"a77ebc2\" data-element_type=\"column\" data-settings=\"{&quot;background_background&quot;:&quot;classic&quot;}\">\n<div class=\"elementor-widget-wrap elementor-element-populated\">\n<div class=\"elementor-background-overlay\"><\/div>\n<div class=\"elementor-element elementor-element-37e0490 elementor-widget elementor-widget-heading\" data-id=\"37e0490\" data-element_type=\"widget\" data-widget_type=\"heading.default\">\n<div class=\"elementor-widget-container\">\n<h2 class=\"elementor-heading-title elementor-size-default\">Hosteler\u00eda<\/h2>\n<\/p><\/div>\n<\/p><\/div>\n<div class=\"elementor-element elementor-element-504d18d elementor-widget elementor-widget-text-editor\" data-id=\"504d18d\" data-element_type=\"widget\" data-widget_type=\"text-editor.default\">\n<div class=\"elementor-widget-container\">\n<style>\/*! elementor - v3.7.8 - 02-10-2022 *\/\n.elementor-widget-text-editor.elementor-drop-cap-view-stacked .elementor-drop-cap{background-color:#818a91;color:#fff}.elementor-widget-text-editor.elementor-drop-cap-view-framed .elementor-drop-cap{color:#818a91;border:3px solid;background-color:transparent}.elementor-widget-text-editor:not(.elementor-drop-cap-view-default) .elementor-drop-cap{margin-top:8px}.elementor-widget-text-editor:not(.elementor-drop-cap-view-default) .elementor-drop-cap-letter{width:1em;height:1em}.elementor-widget-text-editor .elementor-drop-cap{float:left;text-align:center;line-height:1;font-size:50px}.elementor-widget-text-editor .elementor-drop-cap-letter{display:inline-block}<\/style>\n<p>En el mundo de la hosteler\u00eda y hospedaje es necesario contar con una serie de productos como vajillas, cristaler\u00eda y cuberter\u00edas.<\/p>\n<p>Descubre como su funcionalidad y dise\u00f1o se fusionan en nuestros m\u00e1s de 30 cat\u00e1logos diferentes.<\/p>\n<\/p><\/div>\n<\/p><\/div>\n<\/p><\/div>\n<\/p><\/div>\n<div class=\"elementor-column elementor-col-25 elementor-top-column elementor-element elementor-element-6b52d38 ocultar_texto\" data-id=\"6b52d38\" data-element_type=\"column\" data-settings=\"{&quot;background_background&quot;:&quot;classic&quot;}\">\n<div class=\"elementor-widget-wrap elementor-element-populated\">\n<div class=\"elementor-background-overlay\"><\/div>\n<div class=\"elementor-element elementor-element-d6a70c7 elementor-widget elementor-widget-heading\" data-id=\"d6a70c7\" data-element_type=\"widget\" data-widget_type=\"heading.default\">\n<div class=\"elementor-widget-container\">\n<h2 class=\"elementor-heading-title elementor-size-default\">Limpieza<\/h2>\n<\/p><\/div>\n<\/p><\/div>\n<div class=\"elementor-element elementor-element-2783433 elementor-widget elementor-widget-text-editor\" data-id=\"2783433\" data-element_type=\"widget\" data-widget_type=\"text-editor.default\">\n<div class=\"elementor-widget-container\">\n<p>Mantener tu negocio en perfecto estado es m\u00e1s sencillo cuando conoces tu necesidad.<\/p>\n<p>Descubre aqu\u00ed los productos y materiales de limpieza especializados que necesitas o pide un asesoramiento de nuestro equipo para conocerlos.<\/p>\n<\/p><\/div>\n<\/p><\/div>\n<\/p><\/div>\n<\/p><\/div>\n<div class=\"elementor-column elementor-col-25 elementor-top-column elementor-element elementor-element-2b5dc8b ocultar_texto\" data-id=\"2b5dc8b\" data-element_type=\"column\" data-settings=\"{&quot;background_background&quot;:&quot;classic&quot;}\">\n<div class=\"elementor-widget-wrap elementor-element-populated\">\n<div class=\"elementor-background-overlay\"><\/div>\n<div class=\"elementor-element elementor-element-5168209 elementor-widget elementor-widget-heading\" data-id=\"5168209\" data-element_type=\"widget\" data-widget_type=\"heading.default\">\n<div class=\"elementor-widget-container\">\n<h2 class=\"elementor-heading-title elementor-size-default\">Lavander\u00eda<\/h2>\n<\/p><\/div>\n<\/p><\/div>\n<div class=\"elementor-element elementor-element-09c99b3 elementor-widget elementor-widget-text-editor\" data-id=\"09c99b3\" data-element_type=\"widget\" data-widget_type=\"text-editor.default\">\n<div class=\"elementor-widget-container\">\n<p>La calidad de una experiencia se basa en los peque\u00f1os detalles, por ejemplo, recibir una colada perfecta.<\/p>\n<p>Descubre todos nuestros<br \/>productos para lavander\u00edas industriales y autoservicio aqu\u00ed.<\/p>\n<\/p><\/div>\n<\/p><\/div>\n<\/p><\/div>\n<\/p><\/div>\n<div class=\"elementor-column elementor-col-25 elementor-top-column elementor-element elementor-element-02556d2 ocultar_texto\" data-id=\"02556d2\" data-element_type=\"column\" data-settings=\"{&quot;background_background&quot;:&quot;classic&quot;}\">\n<div class=\"elementor-widget-wrap elementor-element-populated\">\n<div class=\"elementor-background-overlay\"><\/div>\n<div class=\"elementor-element elementor-element-f9c5262 elementor-widget elementor-widget-heading\" data-id=\"f9c5262\" data-element_type=\"widget\" data-widget_type=\"heading.default\">\n<div class=\"elementor-widget-container\">\n<h2 class=\"elementor-heading-title elementor-size-default\">Automoci\u00f3n<\/h2>\n<\/p><\/div>\n<\/p><\/div>\n<div class=\"elementor-element elementor-element-697ffb6 elementor-widget elementor-widget-text-editor\" data-id=\"697ffb6\" data-element_type=\"widget\" data-widget_type=\"text-editor.default\">\n<div class=\"elementor-widget-container\">\n<p>Si tu empresa pertenece al mundo de la automoci\u00f3n, haz clic aqu\u00ed y conoce todos los art\u00edculos de cuidados de limpieza y funcionamiento que necesitas.<\/p>\n<\/p><\/div>\n<\/p><\/div>\n<\/p><\/div>\n<\/p><\/div>\n<\/p><\/div>\n<\/section>\n<section class=\"elementor-section elementor-top-section elementor-element elementor-element-d747e53 elementor-section-boxed elementor-section-height-default elementor-section-height-default\" data-id=\"d747e53\" data-element_type=\"section\">\n<div class=\"elementor-container elementor-column-gap-default\">\n<div class=\"elementor-column elementor-col-100 elementor-top-column elementor-element elementor-element-d845189\" data-id=\"d845189\" data-element_type=\"column\">\n<div class=\"elementor-widget-wrap elementor-element-populated\">\n<div class=\"elementor-element elementor-element-87eb8ae elementor-widget elementor-widget-heading\" data-id=\"87eb8ae\" data-element_type=\"widget\" data-widget_type=\"heading.default\">\n<div class=\"elementor-widget-container\">\n<h2 class=\"elementor-heading-title elementor-size-default\">Contacta con nosotros<\/h2>\n<\/p><\/div>\n<\/p><\/div>\n<div class=\"elementor-element elementor-element-fb4b188 elementor-widget elementor-widget-text-editor\" data-id=\"fb4b188\" data-element_type=\"widget\" data-widget_type=\"text-editor.default\">\n<div class=\"elementor-widget-container\">\n<p>Para una atenci\u00f3n personalizada rellena el siguiente formulario y nos pondremos en contacto contigo.<\/p>\n<\/p><\/div>\n<\/p><\/div>\n<\/p><\/div>\n<\/p><\/div>\n<\/p><\/div>\n<\/section>\n<section class=\"elementor-section elementor-top-section elementor-element elementor-element-3fda57f elementor-section-boxed elementor-section-height-default elementor-section-height-default\" data-id=\"3fda57f\" data-element_type=\"section\" id=\"contacto-home\">\n<div class=\"elementor-container elementor-column-gap-default\">\n<div class=\"elementor-column elementor-col-100 elementor-top-column elementor-element elementor-element-41cd6bb\" data-id=\"41cd6bb\" data-element_type=\"column\">\n<div class=\"elementor-widget-wrap elementor-element-populated\">\n<div class=\"elementor-element elementor-element-e8bef23 elementor-widget elementor-widget-text-editor\" data-id=\"e8bef23\" data-element_type=\"widget\" id=\"formulario_home\" data-widget_type=\"text-editor.default\">\n<div class=\"elementor-widget-container\">\n<div class=\"wpcf7 no-js\" id=\"wpcf7-f2389-o1\" lang=\"es-ES\" dir=\"ltr\">\n<div class=\"screen-reader-response\">\n<p role=\"status\" aria-live=\"polite\" aria-atomic=\"true\">\n<ul><\/ul>\n<\/div>\n<form action=\"\/es\/wp-json\/wp\/v2\/pages\/2259#wpcf7-f2389-o1\" method=\"post\" class=\"wpcf7-form init\" aria-label=\"Formulario de contacto\" novalidate=\"novalidate\" data-status=\"init\">\n<div style=\"display: none;\">\n<input type=\"hidden\" name=\"_wpcf7\" value=\"2389\" \/><br \/>\n<input type=\"hidden\" name=\"_wpcf7_version\" value=\"5.7.6\" \/><br \/>\n<input type=\"hidden\" name=\"_wpcf7_locale\" value=\"es_ES\" \/><br \/>\n<input type=\"hidden\" name=\"_wpcf7_unit_tag\" value=\"wpcf7-f2389-o1\" \/><br \/>\n<input type=\"hidden\" name=\"_wpcf7_container_post\" value=\"0\" \/><br \/>\n<input type=\"hidden\" name=\"_wpcf7_posted_data_hash\" value=\"\" \/><br \/>\n<input type=\"hidden\" name=\"_wpcf7_recaptcha_response\" value=\"\" \/>\n<\/div>\n<p><div class=\"one_half\"><span class=\"wpcf7-form-control-wrap\" data-name=\"your-name\"><input size=\"40\" class=\"wpcf7-form-control wpcf7-text wpcf7-validates-as-required formulario_n1\" aria-required=\"true\" aria-invalid=\"false\" placeholder=\"Nombre (*)\" value=\"\" type=\"text\" name=\"your-name\" \/><\/span>\n<\/div>\n<div class=\"one_half last\">\n<span class=\"wpcf7-form-control-wrap\" data-name=\"your-email\"><input size=\"40\" class=\"wpcf7-form-control wpcf7-text wpcf7-email wpcf7-validates-as-required wpcf7-validates-as-email formulario_n1\" aria-required=\"true\" aria-invalid=\"false\" placeholder=\"Email (*)\" value=\"\" type=\"email\" name=\"your-email\" \/><\/span><\/div>\n<div class=\"clear\"><\/div>\n<p><\/p>\n<div class=\"one_half\"><span class=\"wpcf7-form-control-wrap\" data-name=\"tel-165\"><input size=\"40\" class=\"wpcf7-form-control wpcf7-text wpcf7-tel wpcf7-validates-as-tel formulario_n1\" aria-invalid=\"false\" placeholder=\"Tel\u00e9fono\" value=\"\" type=\"tel\" name=\"tel-165\" \/><\/span>\n<\/div>\n<div class=\"one_half last\">\n<span class=\"wpcf7-form-control-wrap\" data-name=\"your-subject\"><input size=\"40\" class=\"wpcf7-form-control wpcf7-text formulario_n1\" aria-invalid=\"false\" placeholder=\"Asunto\" value=\"\" type=\"text\" name=\"your-subject\" \/><\/span><\/div>\n<div class=\"clear\"><\/div>\n<p><\/p>\n<div class=\"one_half\"><label>\u00bfSobre qu\u00e9 servicio quieres informaci\u00f3n?<\/label><span class=\"wpcf7-form-control-wrap\" data-name=\"servicio\"><select class=\"wpcf7-form-control wpcf7-select formulario_n2\" aria-invalid=\"false\" name=\"servicio\"><option value=\"Menaje para Hosteler\u00eda\">Menaje para Hosteler\u00eda<\/option><option value=\"Productos de Limpieza\">Productos de Limpieza<\/option><option value=\"Suministros de Lavander\u00eda\">Suministros de Lavander\u00eda<\/option><option value=\"Limpieza y Automoci\u00f3n\">Limpieza y Automoci\u00f3n<\/option><\/select><\/span>\n<\/div>\n<div class=\"one_half last\">\n<label>Para qu\u00e9 sector es la informaci\u00f3n que necesitas?<\/label><span class=\"wpcf7-form-control-wrap\" data-name=\"sector\"><select class=\"wpcf7-form-control wpcf7-select formulario_n2\" aria-invalid=\"false\" name=\"sector\"><option value=\"Empresas de Restauraci\u00f3n\">Empresas de Restauraci\u00f3n<\/option><option value=\"Empresas de Limpieza\">Empresas de Limpieza<\/option><option value=\"Empresas de Sanitarias\">Empresas de Sanitarias<\/option><option value=\"Lavander\u00edas\">Lavander\u00edas<\/option><option value=\"Empresas de Automoci\u00f3n\">Empresas de Automoci\u00f3n<\/option><option value=\"Otro\">Otro<\/option><\/select><\/span><\/div>\n<div class=\"clear\"><\/div>\n<\/p>\n<p><span class=\"wpcf7-form-control-wrap\" data-name=\"your-message\"><textarea cols=\"40\" rows=\"6\" class=\"wpcf7-form-control wpcf7-textarea formulario_n2\" aria-invalid=\"false\" placeholder=\"Mensaje\" name=\"your-message\"><\/textarea><\/span>\n<\/p>\n<p><span class=\"wpcf7-form-control-wrap\" data-name=\"checkbox-673\"><span class=\"wpcf7-form-control wpcf7-checkbox\"><span class=\"wpcf7-list-item first last\"><input type=\"checkbox\" name=\"checkbox-673[]\" value=\"Deseo recibir informaci\u00f3n sobre noticias, ofertas y promociones de DLA\" \/><span class=\"wpcf7-list-item-label\">Deseo recibir informaci\u00f3n sobre noticias, ofertas y promociones de DLA<\/span><\/span><\/span><\/span>\n<\/p>\n<p><span class=\"wpcf7-form-control-wrap\" data-name=\"acceptance-929\"><span class=\"wpcf7-form-control wpcf7-acceptance\"><span class=\"wpcf7-list-item\"><input type=\"checkbox\" name=\"acceptance-929\" value=\"1\" aria-invalid=\"false\" \/><\/span><\/span><\/span> He le\u00eddo y acepto la pol\u00edtica de privacidad.\n<\/p>\n<p style=\"text-align:right; ;display:flex; flex-direction:row-reverse;\"><input class=\"wpcf7-form-control has-spinner wpcf7-submit button\" type=\"submit\" value=\"Enviar\" \/>\n<\/p>\n<p style=\"display: none !important;\"><label>&#916;<textarea name=\"_wpcf7_ak_hp_textarea\" cols=\"45\" rows=\"8\" maxlength=\"100\"><\/textarea><\/label><input type=\"hidden\" id=\"ak_js_1\" name=\"_wpcf7_ak_js\" value=\"204\"\/><script>document.getElementById( \"ak_js_1\" ).setAttribute( \"value\", ( new Date() ).getTime() );<\/script><\/p>\n<div class=\"wpcf7-response-output\" aria-hidden=\"true\"><\/div>\n<\/form>\n<\/div><\/div>\n<\/p><\/div>\n<\/p><\/div>\n<\/p><\/div>\n<\/p><\/div>\n<\/section><\/div>\n","protected":false},"excerpt":{"rendered":"<p>Suministros para hosteler\u00eda y limpieza industrial Pide presupuesto Ll\u00e1manos Lo mejor para tu empresa Hosteler\u00eda En el mundo de la hosteler\u00eda y hospedaje es necesario contar con una serie de productos como vajillas, cristaler\u00eda y cuberter\u00edas. Descubre como su funcionalidad y dise\u00f1o se fusionan en nuestros m\u00e1s de 30 cat\u00e1logos diferentes. Limpieza Mantener tu negocio [&hellip;]<\/p>\n","protected":false},"author":2,"featured_media":0,"parent":0,"menu_order":0,"comment_status":"closed","ping_status":"closed","template":"","meta":{"_joinchat":[]},"yoast_head":"<!-- This site is optimized with the Yoast SEO plugin v20.6 - https:\/\/yoast.com\/wordpress\/plugins\/seo\/ -->\n<title>DLA | Distribuci\u00f3n de Productos para Hosteler\u00eda, Limpieza y Lavander\u00eda<\/title>\n<meta name=\"description\" content=\"En DLA somos suministramos productos para Hosteler\u00eda (menaje, vajilla, cristaler\u00eda, mobiliario de restaurante), Limpieza en general, as\u00ed como de Automoci\u00f3n y limpieza de lavander\u00eda en general. Distribuci\u00f3n a Sevilla, C\u00e1diz y Huelva.\" \/>\n<meta name=\"robots\" content=\"index, follow, max-snippet:-1, max-image-preview:large, max-video-preview:-1\" \/>\n<link rel=\"canonical\" href=\"https:\/\/www.dlasl.es\/es\/\" \/>\n<meta property=\"og:locale\" content=\"es_ES\" \/>\n<meta property=\"og:type\" content=\"article\" \/>\n<meta property=\"og:title\" content=\"DLA | Distribuci\u00f3n de Productos para Hosteler\u00eda, Limpieza y Lavander\u00eda\" \/>\n<meta property=\"og:description\" content=\"En DLA somos suministramos productos para Hosteler\u00eda (menaje, vajilla, cristaler\u00eda, mobiliario de restaurante), Limpieza en general, as\u00ed como de Automoci\u00f3n y limpieza de lavander\u00eda en general. Distribuci\u00f3n a Sevilla, C\u00e1diz y Huelva.\" \/>\n<meta property=\"og:url\" content=\"https:\/\/www.dlasl.es\/es\/\" \/>\n<meta property=\"og:site_name\" content=\"DLA - Distribuciones Los Azahares\" \/>\n<meta property=\"article:modified_time\" content=\"2025-02-07T11:53:04+00:00\" \/>\n<meta property=\"og:image\" content=\"https:\/\/www.dlasl.es\/es\/wp-content\/uploads\/2018\/06\/AL-SERVIVIO-DEL-CLIENTE.jpg\" \/>\n\t<meta property=\"og:image:width\" content=\"560\" \/>\n\t<meta property=\"og:image:height\" content=\"397\" \/>\n\t<meta property=\"og:image:type\" content=\"image\/jpeg\" \/>\n<meta name=\"twitter:card\" content=\"summary_large_image\" \/>\n<meta name=\"twitter:label1\" content=\"Tiempo de lectura\" \/>\n\t<meta name=\"twitter:data1\" content=\"2 minutos\" \/>\n<script type=\"application\/ld+json\" class=\"yoast-schema-graph\">{\"@context\":\"https:\/\/schema.org\",\"@graph\":[{\"@type\":\"WebPage\",\"@id\":\"https:\/\/www.dlasl.es\/es\/\",\"url\":\"https:\/\/www.dlasl.es\/es\/\",\"name\":\"DLA | Distribuci\u00f3n de Productos para Hosteler\u00eda, Limpieza y Lavander\u00eda\",\"isPartOf\":{\"@id\":\"https:\/\/www.dlasl.es\/es\/#website\"},\"datePublished\":\"2025-01-17T12:03:15+00:00\",\"dateModified\":\"2025-02-07T11:53:04+00:00\",\"description\":\"En DLA somos suministramos productos para Hosteler\u00eda (menaje, vajilla, cristaler\u00eda, mobiliario de restaurante), Limpieza en general, as\u00ed como de Automoci\u00f3n y limpieza de lavander\u00eda en general. Distribuci\u00f3n a Sevilla, C\u00e1diz y Huelva.\",\"breadcrumb\":{\"@id\":\"https:\/\/www.dlasl.es\/es\/#breadcrumb\"},\"inLanguage\":\"es\",\"potentialAction\":[{\"@type\":\"ReadAction\",\"target\":[\"https:\/\/www.dlasl.es\/es\/\"]}]},{\"@type\":\"BreadcrumbList\",\"@id\":\"https:\/\/www.dlasl.es\/es\/#breadcrumb\",\"itemListElement\":[{\"@type\":\"ListItem\",\"position\":1,\"name\":\"Portada\",\"item\":\"https:\/\/www.dlasl.es\/es\/\"},{\"@type\":\"ListItem\",\"position\":2,\"name\":\"Inicio nueva\"}]},{\"@type\":\"WebSite\",\"@id\":\"https:\/\/www.dlasl.es\/es\/#website\",\"url\":\"https:\/\/www.dlasl.es\/es\/\",\"name\":\"DLA - Distribuciones Los Azahares\",\"description\":\"\",\"potentialAction\":[{\"@type\":\"SearchAction\",\"target\":{\"@type\":\"EntryPoint\",\"urlTemplate\":\"https:\/\/www.dlasl.es\/es\/?s={search_term_string}\"},\"query-input\":\"required name=search_term_string\"}],\"inLanguage\":\"es\"}]}<\/script>\n<!-- \/ Yoast SEO plugin. -->","yoast_head_json":{"title":"DLA | Distribuci\u00f3n de Productos para Hosteler\u00eda, Limpieza y Lavander\u00eda","description":"En DLA somos suministramos productos para Hosteler\u00eda (menaje, vajilla, cristaler\u00eda, mobiliario de restaurante), Limpieza en general, as\u00ed como de Automoci\u00f3n y limpieza de lavander\u00eda en general. Distribuci\u00f3n a Sevilla, C\u00e1diz y Huelva.","robots":{"index":"index","follow":"follow","max-snippet":"max-snippet:-1","max-image-preview":"max-image-preview:large","max-video-preview":"max-video-preview:-1"},"canonical":"https:\/\/www.dlasl.es\/es\/","og_locale":"es_ES","og_type":"article","og_title":"DLA | Distribuci\u00f3n de Productos para Hosteler\u00eda, Limpieza y Lavander\u00eda","og_description":"En DLA somos suministramos productos para Hosteler\u00eda (menaje, vajilla, cristaler\u00eda, mobiliario de restaurante), Limpieza en general, as\u00ed como de Automoci\u00f3n y limpieza de lavander\u00eda en general. Distribuci\u00f3n a Sevilla, C\u00e1diz y Huelva.","og_url":"https:\/\/www.dlasl.es\/es\/","og_site_name":"DLA - Distribuciones Los Azahares","article_modified_time":"2025-02-07T11:53:04+00:00","og_image":[{"width":560,"height":397,"url":"https:\/\/www.dlasl.es\/es\/wp-content\/uploads\/2018\/06\/AL-SERVIVIO-DEL-CLIENTE.jpg","type":"image\/jpeg"}],"twitter_card":"summary_large_image","twitter_misc":{"Tiempo de lectura":"2 minutos"},"schema":{"@context":"https:\/\/schema.org","@graph":[{"@type":"WebPage","@id":"https:\/\/www.dlasl.es\/es\/","url":"https:\/\/www.dlasl.es\/es\/","name":"DLA | Distribuci\u00f3n de Productos para Hosteler\u00eda, Limpieza y Lavander\u00eda","isPartOf":{"@id":"https:\/\/www.dlasl.es\/es\/#website"},"datePublished":"2025-01-17T12:03:15+00:00","dateModified":"2025-02-07T11:53:04+00:00","description":"En DLA somos suministramos productos para Hosteler\u00eda (menaje, vajilla, cristaler\u00eda, mobiliario de restaurante), Limpieza en general, as\u00ed como de Automoci\u00f3n y limpieza de lavander\u00eda en general. Distribuci\u00f3n a Sevilla, C\u00e1diz y Huelva.","breadcrumb":{"@id":"https:\/\/www.dlasl.es\/es\/#breadcrumb"},"inLanguage":"es","potentialAction":[{"@type":"ReadAction","target":["https:\/\/www.dlasl.es\/es\/"]}]},{"@type":"BreadcrumbList","@id":"https:\/\/www.dlasl.es\/es\/#breadcrumb","itemListElement":[{"@type":"ListItem","position":1,"name":"Portada","item":"https:\/\/www.dlasl.es\/es\/"},{"@type":"ListItem","position":2,"name":"Inicio nueva"}]},{"@type":"WebSite","@id":"https:\/\/www.dlasl.es\/es\/#website","url":"https:\/\/www.dlasl.es\/es\/","name":"DLA - Distribuciones Los Azahares","description":"","potentialAction":[{"@type":"SearchAction","target":{"@type":"EntryPoint","urlTemplate":"https:\/\/www.dlasl.es\/es\/?s={search_term_string}"},"query-input":"required name=search_term_string"}],"inLanguage":"es"}]}},"_links":{"self":[{"href":"https:\/\/www.dlasl.es\/es\/wp-json\/wp\/v2\/pages\/2259"}],"collection":[{"href":"https:\/\/www.dlasl.es\/es\/wp-json\/wp\/v2\/pages"}],"about":[{"href":"https:\/\/www.dlasl.es\/es\/wp-json\/wp\/v2\/types\/page"}],"author":[{"embeddable":true,"href":"https:\/\/www.dlasl.es\/es\/wp-json\/wp\/v2\/users\/2"}],"replies":[{"embeddable":true,"href":"https:\/\/www.dlasl.es\/es\/wp-json\/wp\/v2\/comments?post=2259"}],"version-history":[{"count":133,"href":"https:\/\/www.dlasl.es\/es\/wp-json\/wp\/v2\/pages\/2259\/revisions"}],"predecessor-version":[{"id":2455,"href":"https:\/\/www.dlasl.es\/es\/wp-json\/wp\/v2\/pages\/2259\/revisions\/2455"}],"wp:attachment":[{"href":"https:\/\/www.dlasl.es\/es\/wp-json\/wp\/v2\/media?parent=2259"}],"curies":[{"name":"wp","href":"https:\/\/api.w.org\/{rel}","templated":true}]}}