{"id":640,"date":"2018-05-02T17:10:52","date_gmt":"2018-05-02T17:10:52","guid":{"rendered":"https:\/\/www.dlasl.es\/es\/?page_id=640"},"modified":"2018-05-02T17:57:17","modified_gmt":"2018-05-02T17:57:17","slug":"catalogos-de-productos-de-vajillas-de-hosteleria","status":"publish","type":"page","link":"https:\/\/www.dlasl.es\/es\/catalogos-de-productos-de-vajillas-de-hosteleria\/","title":{"rendered":"Cat\u00e1logos de Productos de Vajillas de Hosteler\u00eda"},"content":{"rendered":"<div class=\"margen-2\"><\/div>\n<h1>Cat\u00e1logos de Productos de Vajillas de Hosteler\u00eda<\/h1>\n<div class=\"sheet clearfix\">\n<h2 class=\"postheader\">Proveedores de Vajillas para Hosteler\u00eda<\/h2>\n<div class=\"one_half\">\n<div id=\"accordion_99005065369d6483d0b42d\" class=\"accordion\">\n<p class=\"trigger \">\n                    <a href=\"#toggle_210864177669d6483d0b5b0\">CATALOGO PORCELANA Y CRISTALERIA <strong>VIEJO VALLE<\/strong> 2018<\/a>\n                <\/p>\n<div class=\"toggle_container\" style=\"display:none;\">\n<div class=\"block\">\n<div class=\"clear\"><\/div>\n<div class=\"one_half\"><a title=\"Catalogo Viejo Valle Porcelana 2018 - Menaje para Hosteler\u00eda profesional\" href=\"https:\/\/www.dlasl.es\/es\/wp-content\/uploads\/2018\/02\/VIEJO-VALLE-PORCELANA2018.pdf\" target=\"_blank\" rel=\"noopener\">Cat\u00e1logo Viejo Valle Porcelana 2018<\/a><\/div>\n<div class=\"one_half last\"><a title=\"Catalogo Viejo Valle Cristaler\u00eda 2018 - Menaje para Hosteler\u00eda profesional\" href=\"https:\/\/www.dlasl.es\/es\/wp-content\/uploads\/2018\/02\/VIEJO-VALLE-CRISTALERIA-2018.pdf\" target=\"_blank\" rel=\"noopener\">Cat\u00e1logo Viejo Valle Cristaler\u00eda 2018<\/a><\/div>\n<div class=\"clear\"><\/div>\n<\/p><\/div>\n<\/p><\/div>\n<div class=\"clear\"><\/div>\n<p class=\"trigger \">\n                    <a href=\"#toggle_102576528569d6483d0b5f6\">CATALOGO VAJILLA <strong>BONNA<\/strong> 2018<\/a>\n                <\/p>\n<div class=\"toggle_container\" style=\"display:none;\">\n<div class=\"block\">\n<p><a title=\"Catalogo Vajilla Porcelana Bonna 2018\" href=\"https:\/\/www.dlasl.es\/es\/wp-content\/uploads\/2018\/02\/Bonna-2018.pdf\" target=\"_blank\" rel=\"noopener\">Cat\u00e1logo Vajilla Porcelana Bonna 2018<\/a><\/p><\/div>\n<\/p><\/div>\n<div class=\"clear\"><\/div>\n<p class=\"trigger \">\n                    <a href=\"#toggle_167618110769d6483d0b612\">CATALOGO COPAS Y VASOS <strong>FUENTES GUERRA<\/strong> 2018<\/a>\n                <\/p>\n<div class=\"toggle_container\" style=\"display:none;\">\n<div class=\"block\">\n<p><a title=\"Cat\u00e1logo de Copas y Vasos de Porcelana Fuentes Guerra 2018\" href=\"https:\/\/www.dlasl.es\/es\/wp-content\/uploads\/2017\/04\/EFGC2017-.pdf\" target=\"_blank\" rel=\"noopener\">Cat\u00e1logo de Copas y Vasos de Porcelana Fuentes Guerra 2018<\/a><\/p><\/div>\n<\/p><\/div>\n<div class=\"clear\"><\/div>\n<p class=\"trigger \">\n                    <a href=\"#toggle_158415014869d6483d0b627\">CATALOGO VAJILLAS <strong>PORVASAL<\/strong> 2018<\/a>\n                <\/p>\n<div class=\"toggle_container\" style=\"display:none;\">\n<div class=\"block\">\n<p><a href=\"https:\/\/www.dlasl.es\/es\/wp-content\/uploads\/2018\/02\/PORVASAL-CATALOGO-NACIONAL-2018.pdf\" target=\"_blank\" rel=\"noopener\">Cat\u00e1logo de Vajillas Porvasal 2018 (Masterchef)<\/a><\/p><\/div>\n<\/p><\/div>\n<div class=\"clear\"><\/div>\n<p class=\"trigger \">\n                    <a href=\"#toggle_76579402169d6483d0b638\">CATALOGO <strong>HIMECA<\/strong><\/a>\n                <\/p>\n<div class=\"toggle_container\" style=\"display:none;\">\n<div class=\"block\">\n<p><a href=\"https:\/\/www.dlasl.es\/es\/catalogos\/himeca\/\">Cat\u00e1logo HIMECA 2016<\/a><\/p><\/div>\n<\/p><\/div>\n<div class=\"clear\"><\/div>\n<p class=\"trigger \">\n                    <a href=\"#toggle_77851821869d6483d0b64a\">CATALOGO <strong>RAK<\/strong><\/a>\n                <\/p>\n<div class=\"toggle_container\" style=\"display:none;\">\n<div class=\"block\">\n<div class=\"\"><a href=\"https:\/\/www.dlasl.es\/es\/wp-content\/uploads\/2018\/04\/CATALOGO-RAK-2018.pdf\" target=\"_blank\" rel=\"noopener\">Cat\u00e1logo RAK 2018<\/a><\/div>\n<div class=\"clear\"><\/div>\n<\/p><\/div>\n<\/p><\/div>\n<div class=\"clear\"><\/div>\n<p class=\"trigger \">\n                    <a href=\"#toggle_100264250169d6483d0b65b\">CATALOGO <strong>TOKYO<\/strong><\/a>\n                <\/p>\n<div class=\"toggle_container\" style=\"display:none;\">\n<div class=\"block\">\n<div class=\"one_half\"><a href=\"https:\/\/www.dlasl.es\/es\/wp-content\/uploads\/2016\/07\/Tokyo-Design-Studio-2016.pdf\" target=\"_blank\" rel=\"noopener\">Cat\u00e1logo Toky 2016<\/a><\/div>\n<div class=\"one_half last\" style=\"text-align: center;\"><a href=\"https:\/\/www.dlasl.es\/es\/wp-content\/uploads\/2016\/07\/Tokyo-Design-Studio-2016-17-Suplemento.pdf\" target=\"_blank\" rel=\"noopener\">Suplemento Cat\u00e1logo Tokyo Design Studio<\/a><\/div>\n<div class=\"clear\"><\/div>\n<\/p><\/div>\n<\/p><\/div>\n<div class=\"clear\"><\/div>\n<p class=\"trigger \">\n                    <a href=\"#toggle_211035239869d6483d0b66d\">CATALOGO <strong>DUDSON<\/strong><\/a>\n                <\/p>\n<div class=\"toggle_container\" style=\"display:none;\">\n<div class=\"block\">\n<div class=\"one_half\"><a href=\"https:\/\/www.dlasl.es\/es\/wp-content\/uploads\/2016\/07\/CATALOGO-DUDSON-2017-Baja.pdf\" target=\"_blank\" rel=\"noopener\">Cat\u00e1logo DUDSON 2016<\/a><\/div>\n<div class=\"one_half last\"><a href=\"https:\/\/www.dlasl.es\/es\/wp-content\/uploads\/2018\/03\/catalogo-DUDSON-NOVEDADES-2018.pdf\" target=\"_blank\" rel=\"noopener\">Novedades Cat\u00e1logo DUDSON 2018<\/a><\/div>\n<div class=\"clear\"><\/div>\n<\/p><\/div>\n<\/p><\/div>\n<div class=\"clear\"><\/div>\n<\/div>\n<\/div>\n<div class=\"one_half last\">\n<div id=\"accordion_57326542869d6483d0b683\" class=\"accordion\"><\/div>\n<p class=\"trigger \">\n                    <a href=\"#toggle_67655921069d6483d0b698\">CATALOGO <strong>SUMISURA<\/strong><\/a>\n                <\/p>\n<div class=\"toggle_container\" style=\"display:none;\">\n<div class=\"block\">\n<div class=\"one_half\"><a href=\"https:\/\/www.dlasl.es\/es\/wp-content\/uploads\/2016\/07\/SuMisura-DIVA_2017.pdf\" target=\"_blank\" rel=\"noopener\">Cat\u00e1logo SUMISURA DIVA 2017<\/a><\/div>\n<div class=\"one_half last\" style=\"text-align: center;\"><a href=\"https:\/\/www.dlasl.es\/es\/wp-content\/uploads\/2016\/07\/LookBook-Royale-SuMisura_2016.pdf\" target=\"_blank\" rel=\"noopener\">Cat\u00e1logo SUMisura Royale 2016<\/a><\/div>\n<div class=\"clear\"><\/div>\n<\/p><\/div>\n<\/p><\/div>\n<div class=\"clear\"><\/div>\n<p class=\"trigger \">\n                    <a href=\"#toggle_121337309269d6483d0b6a8\">CATALOGO <strong>DEGRENNE<\/strong><\/a>\n                <\/p>\n<div class=\"toggle_container\" style=\"display:none;\">\n<div class=\"block\">\n<p><a href=\"https:\/\/www.dlasl.es\/es\/wp-content\/uploads\/2018\/03\/CATALOGO-Degrenne-2018.pdf\" target=\"_blank\" rel=\"noopener\">Cat\u00e1logo DEGRENNE 2018<\/a><\/p><\/div>\n<\/p><\/div>\n<div class=\"clear\"><\/div>\n<p class=\"trigger \">\n                    <a href=\"#toggle_208351643169d6483d0b6b7\">CATALOGO <strong>IZASUR<\/strong><\/a>\n                <\/p>\n<div class=\"toggle_container\" style=\"display:none;\">\n<div class=\"block\">\n<p><a href=\"https:\/\/www.dlasl.es\/es\/wp-content\/uploads\/2016\/07\/CATALOGO-IZASUR-2016.pdf\" target=\"_blank\" rel=\"noopener\">Cat\u00e1logo IZASUR 2016<\/a><\/p><\/div>\n<\/p><\/div>\n<div class=\"clear\"><\/div>\n<p class=\"trigger \">\n                    <a href=\"#toggle_55479113069d6483d0b6c7\">CATALOGO <strong>HOSTELNOVO<\/strong><\/a>\n                <\/p>\n<div class=\"toggle_container\" style=\"display:none;\">\n<div class=\"block\">\n<p><a href=\"https:\/\/www.dlasl.es\/es\/wp-content\/uploads\/2016\/07\/Catalogo_HostelNovo_2017_web.pdf\" target=\"_blank\" rel=\"noopener\">Cat\u00e1logo HOSTELNOVO 2017<\/a><\/p><\/div>\n<\/p><\/div>\n<div class=\"clear\"><\/div>\n<p class=\"trigger \">\n                    <a href=\"#toggle_27138107169d6483d0b6d6\">CATALOGO <strong>ARCOROC<\/strong><\/a>\n                <\/p>\n<div class=\"toggle_container\" style=\"display:none;\">\n<div class=\"block\">\n<div class=\"one_half\"><a href=\"https:\/\/www.dlasl.es\/es\/wp-content\/uploads\/2017\/09\/arc-hosteleria-2017.pdf\" target=\"_blank\" rel=\"noopener\">Cat\u00e1logo Arcoroc Hosteler\u00eda 2017<\/a><\/div>\n<div class=\"one_half last\"><a href=\"https:\/\/www.dlasl.es\/es\/wp-content\/uploads\/2017\/09\/arc-hosteleria-2017-anexo.pdf\" target=\"_blank\" rel=\"noopener\">Anexo Cat\u00e1logo Arcoroc Hosteler\u00eda 2017<\/a><\/div>\n<div class=\"clear\"><\/div>\n<\/p><\/div>\n<\/p><\/div>\n<div class=\"clear\"><\/div>\n<p class=\"trigger \">\n                    <a href=\"#toggle_49140305069d6483d0b6eb\">CATALOGO <strong>COSTANOVA<\/strong><\/a>\n                <\/p>\n<div class=\"toggle_container\" style=\"display:none;\">\n<div class=\"block\">\n<p><a href=\"https:\/\/www.dlasl.es\/es\/wp-content\/uploads\/2018\/03\/CATALOGO-COSTA-NOVA-2018_.pdf\" target=\"_blank\" rel=\"noopener\">Cat\u00e1logo Costanova 2018<\/a><\/p><\/div>\n<\/p><\/div>\n<div class=\"clear\"><\/div>\n<p class=\"trigger \">\n                    <a href=\"#toggle_47732336569d6483d0b6fa\">CATALOGO <strong>STYLE POINT<\/strong><\/a>\n                <\/p>\n<div class=\"toggle_container\" style=\"display:none;\">\n<div class=\"block\">\n<p><a href=\"https:\/\/www.dlasl.es\/es\/wp-content\/uploads\/2018\/03\/CATALOGO-STYLE-POINT-2018.pdf\" target=\"_blank\" rel=\"noopener\">Cat\u00e1logo Style Point 2018<\/a><\/p><\/div>\n<\/p><\/div>\n<div class=\"clear\"><\/div>\n<\/div>\n<\/div>\n<\/div>\n","protected":false},"excerpt":{"rendered":"<p>Cat\u00e1logos de Productos de Vajillas de Hosteler\u00eda Proveedores de Vajillas para Hosteler\u00eda<\/p>\n","protected":false},"author":2,"featured_media":650,"parent":0,"menu_order":0,"comment_status":"closed","ping_status":"closed","template":"","meta":{"_joinchat":[]},"yoast_head":"<!-- This site is optimized with the Yoast SEO plugin v20.6 - https:\/\/yoast.com\/wordpress\/plugins\/seo\/ -->\n<title>Proveedor de Vajillas para Hosteler\u00eda | Cat\u00e1logos de Vajillas y Cristaler\u00eda<\/title>\n<meta name=\"description\" content=\"DLA SL somos proveedor de vajillas para hosteler\u00eda. Platos de porcelana y cristal para hosteler\u00eda como Viejo Valle, Bonna, Fuentes Guerra, Porvasal (masterchef), Himeca, Rak, Tokyo, Dudson, Sumisura, Degrenne, Izasur, HostelNovo, Arcoroc, Costanova y Style Point.\" \/>\n<meta name=\"robots\" content=\"index, follow, max-snippet:-1, max-image-preview:large, max-video-preview:-1\" \/>\n<link rel=\"canonical\" href=\"https:\/\/www.dlasl.es\/es\/catalogos-de-productos-de-vajillas-de-hosteleria\/\" \/>\n<meta property=\"og:locale\" content=\"es_ES\" \/>\n<meta property=\"og:type\" content=\"article\" \/>\n<meta property=\"og:title\" content=\"Proveedor de Vajillas para Hosteler\u00eda | Cat\u00e1logos de Vajillas y Cristaler\u00eda\" \/>\n<meta property=\"og:description\" content=\"DLA SL somos proveedor de vajillas para hosteler\u00eda. Platos de porcelana y cristal para hosteler\u00eda como Viejo Valle, Bonna, Fuentes Guerra, Porvasal (masterchef), Himeca, Rak, Tokyo, Dudson, Sumisura, Degrenne, Izasur, HostelNovo, Arcoroc, Costanova y Style Point.\" \/>\n<meta property=\"og:url\" content=\"https:\/\/www.dlasl.es\/es\/catalogos-de-productos-de-vajillas-de-hosteleria\/\" \/>\n<meta property=\"og:site_name\" content=\"DLA - Distribuciones Los Azahares\" \/>\n<meta property=\"article:modified_time\" content=\"2018-05-02T17:57:17+00:00\" \/>\n<meta property=\"og:image\" content=\"https:\/\/www.dlasl.es\/es\/wp-content\/uploads\/2018\/05\/food-3318876_960_7201.jpg\" \/>\n\t<meta property=\"og:image:width\" content=\"960\" \/>\n\t<meta property=\"og:image:height\" content=\"582\" \/>\n\t<meta property=\"og:image:type\" content=\"image\/jpeg\" \/>\n<meta name=\"twitter:card\" content=\"summary_large_image\" \/>\n<meta name=\"twitter:label1\" content=\"Tiempo de lectura\" \/>\n\t<meta name=\"twitter:data1\" content=\"1 minuto\" \/>\n<script type=\"application\/ld+json\" class=\"yoast-schema-graph\">{\"@context\":\"https:\/\/schema.org\",\"@graph\":[{\"@type\":\"WebPage\",\"@id\":\"https:\/\/www.dlasl.es\/es\/catalogos-de-productos-de-vajillas-de-hosteleria\/\",\"url\":\"https:\/\/www.dlasl.es\/es\/catalogos-de-productos-de-vajillas-de-hosteleria\/\",\"name\":\"Proveedor de Vajillas para Hosteler\u00eda | Cat\u00e1logos de Vajillas y Cristaler\u00eda\",\"isPartOf\":{\"@id\":\"https:\/\/www.dlasl.es\/es\/#website\"},\"datePublished\":\"2018-05-02T17:10:52+00:00\",\"dateModified\":\"2018-05-02T17:57:17+00:00\",\"description\":\"DLA SL somos proveedor de vajillas para hosteler\u00eda. Platos de porcelana y cristal para hosteler\u00eda como Viejo Valle, Bonna, Fuentes Guerra, Porvasal (masterchef), Himeca, Rak, Tokyo, Dudson, Sumisura, Degrenne, Izasur, HostelNovo, Arcoroc, Costanova y Style Point.\",\"breadcrumb\":{\"@id\":\"https:\/\/www.dlasl.es\/es\/catalogos-de-productos-de-vajillas-de-hosteleria\/#breadcrumb\"},\"inLanguage\":\"es\",\"potentialAction\":[{\"@type\":\"ReadAction\",\"target\":[\"https:\/\/www.dlasl.es\/es\/catalogos-de-productos-de-vajillas-de-hosteleria\/\"]}]},{\"@type\":\"BreadcrumbList\",\"@id\":\"https:\/\/www.dlasl.es\/es\/catalogos-de-productos-de-vajillas-de-hosteleria\/#breadcrumb\",\"itemListElement\":[{\"@type\":\"ListItem\",\"position\":1,\"name\":\"Portada\",\"item\":\"https:\/\/www.dlasl.es\/es\/\"},{\"@type\":\"ListItem\",\"position\":2,\"name\":\"Cat\u00e1logos de Productos de Vajillas de Hosteler\u00eda\"}]},{\"@type\":\"WebSite\",\"@id\":\"https:\/\/www.dlasl.es\/es\/#website\",\"url\":\"https:\/\/www.dlasl.es\/es\/\",\"name\":\"DLA - Distribuciones Los Azahares\",\"description\":\"\",\"potentialAction\":[{\"@type\":\"SearchAction\",\"target\":{\"@type\":\"EntryPoint\",\"urlTemplate\":\"https:\/\/www.dlasl.es\/es\/?s={search_term_string}\"},\"query-input\":\"required name=search_term_string\"}],\"inLanguage\":\"es\"}]}<\/script>\n<!-- \/ Yoast SEO plugin. -->","yoast_head_json":{"title":"Proveedor de Vajillas para Hosteler\u00eda | Cat\u00e1logos de Vajillas y Cristaler\u00eda","description":"DLA SL somos proveedor de vajillas para hosteler\u00eda. Platos de porcelana y cristal para hosteler\u00eda como Viejo Valle, Bonna, Fuentes Guerra, Porvasal (masterchef), Himeca, Rak, Tokyo, Dudson, Sumisura, Degrenne, Izasur, HostelNovo, Arcoroc, Costanova y Style Point.","robots":{"index":"index","follow":"follow","max-snippet":"max-snippet:-1","max-image-preview":"max-image-preview:large","max-video-preview":"max-video-preview:-1"},"canonical":"https:\/\/www.dlasl.es\/es\/catalogos-de-productos-de-vajillas-de-hosteleria\/","og_locale":"es_ES","og_type":"article","og_title":"Proveedor de Vajillas para Hosteler\u00eda | Cat\u00e1logos de Vajillas y Cristaler\u00eda","og_description":"DLA SL somos proveedor de vajillas para hosteler\u00eda. Platos de porcelana y cristal para hosteler\u00eda como Viejo Valle, Bonna, Fuentes Guerra, Porvasal (masterchef), Himeca, Rak, Tokyo, Dudson, Sumisura, Degrenne, Izasur, HostelNovo, Arcoroc, Costanova y Style Point.","og_url":"https:\/\/www.dlasl.es\/es\/catalogos-de-productos-de-vajillas-de-hosteleria\/","og_site_name":"DLA - Distribuciones Los Azahares","article_modified_time":"2018-05-02T17:57:17+00:00","og_image":[{"width":960,"height":582,"url":"https:\/\/www.dlasl.es\/es\/wp-content\/uploads\/2018\/05\/food-3318876_960_7201.jpg","type":"image\/jpeg"}],"twitter_card":"summary_large_image","twitter_misc":{"Tiempo de lectura":"1 minuto"},"schema":{"@context":"https:\/\/schema.org","@graph":[{"@type":"WebPage","@id":"https:\/\/www.dlasl.es\/es\/catalogos-de-productos-de-vajillas-de-hosteleria\/","url":"https:\/\/www.dlasl.es\/es\/catalogos-de-productos-de-vajillas-de-hosteleria\/","name":"Proveedor de Vajillas para Hosteler\u00eda | Cat\u00e1logos de Vajillas y Cristaler\u00eda","isPartOf":{"@id":"https:\/\/www.dlasl.es\/es\/#website"},"datePublished":"2018-05-02T17:10:52+00:00","dateModified":"2018-05-02T17:57:17+00:00","description":"DLA SL somos proveedor de vajillas para hosteler\u00eda. Platos de porcelana y cristal para hosteler\u00eda como Viejo Valle, Bonna, Fuentes Guerra, Porvasal (masterchef), Himeca, Rak, Tokyo, Dudson, Sumisura, Degrenne, Izasur, HostelNovo, Arcoroc, Costanova y Style Point.","breadcrumb":{"@id":"https:\/\/www.dlasl.es\/es\/catalogos-de-productos-de-vajillas-de-hosteleria\/#breadcrumb"},"inLanguage":"es","potentialAction":[{"@type":"ReadAction","target":["https:\/\/www.dlasl.es\/es\/catalogos-de-productos-de-vajillas-de-hosteleria\/"]}]},{"@type":"BreadcrumbList","@id":"https:\/\/www.dlasl.es\/es\/catalogos-de-productos-de-vajillas-de-hosteleria\/#breadcrumb","itemListElement":[{"@type":"ListItem","position":1,"name":"Portada","item":"https:\/\/www.dlasl.es\/es\/"},{"@type":"ListItem","position":2,"name":"Cat\u00e1logos de Productos de Vajillas de Hosteler\u00eda"}]},{"@type":"WebSite","@id":"https:\/\/www.dlasl.es\/es\/#website","url":"https:\/\/www.dlasl.es\/es\/","name":"DLA - Distribuciones Los Azahares","description":"","potentialAction":[{"@type":"SearchAction","target":{"@type":"EntryPoint","urlTemplate":"https:\/\/www.dlasl.es\/es\/?s={search_term_string}"},"query-input":"required name=search_term_string"}],"inLanguage":"es"}]}},"_links":{"self":[{"href":"https:\/\/www.dlasl.es\/es\/wp-json\/wp\/v2\/pages\/640"}],"collection":[{"href":"https:\/\/www.dlasl.es\/es\/wp-json\/wp\/v2\/pages"}],"about":[{"href":"https:\/\/www.dlasl.es\/es\/wp-json\/wp\/v2\/types\/page"}],"author":[{"embeddable":true,"href":"https:\/\/www.dlasl.es\/es\/wp-json\/wp\/v2\/users\/2"}],"replies":[{"embeddable":true,"href":"https:\/\/www.dlasl.es\/es\/wp-json\/wp\/v2\/comments?post=640"}],"version-history":[{"count":22,"href":"https:\/\/www.dlasl.es\/es\/wp-json\/wp\/v2\/pages\/640\/revisions"}],"predecessor-version":[{"id":642,"href":"https:\/\/www.dlasl.es\/es\/wp-json\/wp\/v2\/pages\/640\/revisions\/642"}],"wp:featuredmedia":[{"embeddable":true,"href":"https:\/\/www.dlasl.es\/es\/wp-json\/wp\/v2\/media\/650"}],"wp:attachment":[{"href":"https:\/\/www.dlasl.es\/es\/wp-json\/wp\/v2\/media?parent=640"}],"curies":[{"name":"wp","href":"https:\/\/api.w.org\/{rel}","templated":true}]}}