{"id":666,"date":"2018-05-07T17:42:21","date_gmt":"2018-05-07T17:42:21","guid":{"rendered":"https:\/\/www.dlasl.es\/es\/?page_id=666"},"modified":"2018-05-07T18:03:52","modified_gmt":"2018-05-07T18:03:52","slug":"catalogos-de-cuberterias-para-hosteleria","status":"publish","type":"page","link":"https:\/\/www.dlasl.es\/es\/catalogos-de-cuberterias-para-hosteleria\/","title":{"rendered":"Cat\u00e1logos de Cuberter\u00edas para Hosteler\u00eda"},"content":{"rendered":"<p><img loading=\"lazy\" class=\"aligncenter size-full img-full wp-image-181\" src=\"https:\/\/www.dlasl.es\/es\/wp-content\/uploads\/2018\/05\/ScreenClip-1.png\" alt=\"cabecera-catalogo\" width=\"1600\" height=\"540\" \/><\/p>\n<div class=\"margen-2\"><\/div>\n<h1>Cat\u00e1logos de Cuberter\u00edas para Hosteler\u00eda<\/h1>\n<div class=\"sheet clearfix\">\n<h2 class=\"postheader\">Proveedores de Cuberter\u00edas para Hosteler\u00eda<\/h2>\n<div class=\"one_half\">\n<div id=\"accordion_566321436a09bc879dca1\" class=\"accordion\">\n<p class=\"trigger \">\n                    <a href=\"#toggle_19435619666a09bc879dd45\">CATALOGO CUBERTERIA <strong>JAY<\/strong><\/a>\n                <\/p>\n<div class=\"toggle_container\" style=\"display:none;\">\n<div class=\"block\">\n<p><a title=\"CATALOGO JAY\" href=\"https:\/\/www.dlasl.es\/es\/wp-content\/uploads\/2016\/07\/Cat_JAY_2015_TARIFA.pdf\" target=\"_blank\" rel=\"noopener\">Cat\u00e1logo Cuberter\u00eda JAY<\/a><\/p><\/div>\n<\/p><\/div>\n<div class=\"clear\"><\/div>\n<p class=\"trigger \">\n                    <a href=\"#toggle_10588273676a09bc879dd5f\">CATALOGO CUBERTERIA <strong>RAK CUTLERY<\/strong> 2018<\/a>\n                <\/p>\n<div class=\"toggle_container\" style=\"display:none;\">\n<div class=\"block\">\n<p><a title=\"Catalogo Cuberter\u00eda RAK 2018\" href=\"https:\/\/www.dlasl.es\/es\/wp-content\/uploads\/2018\/04\/CATALOGO-RAK-cutlery-2018.pdf\" target=\"_blank\" rel=\"noopener\">Catalogo Cuberter\u00eda RAK Cutlery 2018<\/a><\/p><\/div>\n<\/p><\/div>\n<div class=\"clear\"><\/div>\n<\/div>\n<\/div>\n<div class=\"one_half last\">\n<div id=\"accordion_9730965526a09bc879dd69\" class=\"accordion\"><\/div>\n<p class=\"trigger \">\n                    <a href=\"#toggle_1467191516a09bc879dd74\">CATALOGO CUBERTERIA <strong>COMAS<\/strong><\/a>\n                <\/p>\n<div class=\"toggle_container\" style=\"display:none;\">\n<div class=\"block\">\n<p><a href=\"https:\/\/www.dlasl.es\/es\/wp-content\/uploads\/2016\/07\/catalogo-COMAS-2017.pdf\" target=\"_blank\" rel=\"noopener\">Cat\u00e1logo Cuberter\u00eda COMAS 2017<\/a><\/p><\/div>\n<\/p><\/div>\n<div class=\"clear\"><\/div>\n<p class=\"trigger \">\n                    <a href=\"#toggle_12126214506a09bc879dd7d\">CATALOGO CUBERTERIA <strong>CUTLER<\/strong><\/a>\n                <\/p>\n<div class=\"toggle_container\" style=\"display:none;\">\n<div class=\"block\">\n<p><a href=\"https:\/\/www.dlasl.es\/es\/wp-content\/uploads\/2017\/03\/cataleg_CULTER_2017_digital_OP.pdf\" target=\"_blank\" rel=\"noopener\">Cat\u00e1logo Cuberter\u00eda CUTLER 2017<\/a><\/p><\/div>\n<\/p><\/div>\n<div class=\"clear\"><\/div>\n<\/div>\n<\/div>\n<\/div>\n","protected":false},"excerpt":{"rendered":"<p>Cat\u00e1logos de Cuberter\u00edas para Hosteler\u00eda Proveedores de Cuberter\u00edas para Hosteler\u00eda<\/p>\n","protected":false},"author":2,"featured_media":0,"parent":0,"menu_order":0,"comment_status":"closed","ping_status":"closed","template":"","meta":{"_joinchat":[]},"yoast_head":"<!-- This site is optimized with the Yoast SEO plugin v20.6 - https:\/\/yoast.com\/wordpress\/plugins\/seo\/ -->\n<title>Proveedor de Cuberter\u00edas para Hosteler\u00eda | Cat\u00e1logos de Cuberter\u00edas<\/title>\n<meta name=\"description\" content=\"DLA SL somos proveedor de cuberter\u00edas para hosteler\u00eda. Distribuci\u00f3n especializada en todo tipo de cubiertos para hosteler\u00eda. Cubiertos de calidad para profesionales del Sector Hostelero. Marcas como Jay, Rak Cutlery, Cuberter\u00eda Comas o Cutler.\" \/>\n<meta name=\"robots\" content=\"index, follow, max-snippet:-1, max-image-preview:large, max-video-preview:-1\" \/>\n<link rel=\"canonical\" href=\"https:\/\/www.dlasl.es\/es\/catalogos-de-cuberterias-para-hosteleria\/\" \/>\n<meta property=\"og:locale\" content=\"es_ES\" \/>\n<meta property=\"og:type\" content=\"article\" \/>\n<meta property=\"og:title\" content=\"Proveedor de Cuberter\u00edas para Hosteler\u00eda | Cat\u00e1logos de Cuberter\u00edas\" \/>\n<meta property=\"og:description\" content=\"DLA SL somos proveedor de cuberter\u00edas para hosteler\u00eda. Distribuci\u00f3n especializada en todo tipo de cubiertos para hosteler\u00eda. Cubiertos de calidad para profesionales del Sector Hostelero. Marcas como Jay, Rak Cutlery, Cuberter\u00eda Comas o Cutler.\" \/>\n<meta property=\"og:url\" content=\"https:\/\/www.dlasl.es\/es\/catalogos-de-cuberterias-para-hosteleria\/\" \/>\n<meta property=\"og:site_name\" content=\"DLA - Distribuciones Los Azahares\" \/>\n<meta property=\"article:modified_time\" content=\"2018-05-07T18:03:52+00:00\" \/>\n<meta property=\"og:image\" content=\"https:\/\/www.dlasl.es\/es\/wp-content\/uploads\/2018\/05\/ScreenClip-1.png\" \/>\n\t<meta property=\"og:image:width\" content=\"1323\" \/>\n\t<meta property=\"og:image:height\" content=\"471\" \/>\n\t<meta property=\"og:image:type\" content=\"image\/png\" \/>\n<meta name=\"twitter:card\" content=\"summary_large_image\" \/>\n<script type=\"application\/ld+json\" class=\"yoast-schema-graph\">{\"@context\":\"https:\/\/schema.org\",\"@graph\":[{\"@type\":\"WebPage\",\"@id\":\"https:\/\/www.dlasl.es\/es\/catalogos-de-cuberterias-para-hosteleria\/\",\"url\":\"https:\/\/www.dlasl.es\/es\/catalogos-de-cuberterias-para-hosteleria\/\",\"name\":\"Proveedor de Cuberter\u00edas para Hosteler\u00eda | Cat\u00e1logos de Cuberter\u00edas\",\"isPartOf\":{\"@id\":\"https:\/\/www.dlasl.es\/es\/#website\"},\"datePublished\":\"2018-05-07T17:42:21+00:00\",\"dateModified\":\"2018-05-07T18:03:52+00:00\",\"description\":\"DLA SL somos proveedor de cuberter\u00edas para hosteler\u00eda. Distribuci\u00f3n especializada en todo tipo de cubiertos para hosteler\u00eda. Cubiertos de calidad para profesionales del Sector Hostelero. Marcas como Jay, Rak Cutlery, Cuberter\u00eda Comas o Cutler.\",\"breadcrumb\":{\"@id\":\"https:\/\/www.dlasl.es\/es\/catalogos-de-cuberterias-para-hosteleria\/#breadcrumb\"},\"inLanguage\":\"es\",\"potentialAction\":[{\"@type\":\"ReadAction\",\"target\":[\"https:\/\/www.dlasl.es\/es\/catalogos-de-cuberterias-para-hosteleria\/\"]}]},{\"@type\":\"BreadcrumbList\",\"@id\":\"https:\/\/www.dlasl.es\/es\/catalogos-de-cuberterias-para-hosteleria\/#breadcrumb\",\"itemListElement\":[{\"@type\":\"ListItem\",\"position\":1,\"name\":\"Portada\",\"item\":\"https:\/\/www.dlasl.es\/es\/\"},{\"@type\":\"ListItem\",\"position\":2,\"name\":\"Cat\u00e1logos de Cuberter\u00edas para Hosteler\u00eda\"}]},{\"@type\":\"WebSite\",\"@id\":\"https:\/\/www.dlasl.es\/es\/#website\",\"url\":\"https:\/\/www.dlasl.es\/es\/\",\"name\":\"DLA - Distribuciones Los Azahares\",\"description\":\"\",\"potentialAction\":[{\"@type\":\"SearchAction\",\"target\":{\"@type\":\"EntryPoint\",\"urlTemplate\":\"https:\/\/www.dlasl.es\/es\/?s={search_term_string}\"},\"query-input\":\"required name=search_term_string\"}],\"inLanguage\":\"es\"}]}<\/script>\n<!-- \/ Yoast SEO plugin. -->","yoast_head_json":{"title":"Proveedor de Cuberter\u00edas para Hosteler\u00eda | Cat\u00e1logos de Cuberter\u00edas","description":"DLA SL somos proveedor de cuberter\u00edas para hosteler\u00eda. Distribuci\u00f3n especializada en todo tipo de cubiertos para hosteler\u00eda. Cubiertos de calidad para profesionales del Sector Hostelero. Marcas como Jay, Rak Cutlery, Cuberter\u00eda Comas o Cutler.","robots":{"index":"index","follow":"follow","max-snippet":"max-snippet:-1","max-image-preview":"max-image-preview:large","max-video-preview":"max-video-preview:-1"},"canonical":"https:\/\/www.dlasl.es\/es\/catalogos-de-cuberterias-para-hosteleria\/","og_locale":"es_ES","og_type":"article","og_title":"Proveedor de Cuberter\u00edas para Hosteler\u00eda | Cat\u00e1logos de Cuberter\u00edas","og_description":"DLA SL somos proveedor de cuberter\u00edas para hosteler\u00eda. Distribuci\u00f3n especializada en todo tipo de cubiertos para hosteler\u00eda. Cubiertos de calidad para profesionales del Sector Hostelero. Marcas como Jay, Rak Cutlery, Cuberter\u00eda Comas o Cutler.","og_url":"https:\/\/www.dlasl.es\/es\/catalogos-de-cuberterias-para-hosteleria\/","og_site_name":"DLA - Distribuciones Los Azahares","article_modified_time":"2018-05-07T18:03:52+00:00","og_image":[{"width":1323,"height":471,"url":"https:\/\/www.dlasl.es\/es\/wp-content\/uploads\/2018\/05\/ScreenClip-1.png","type":"image\/png"}],"twitter_card":"summary_large_image","schema":{"@context":"https:\/\/schema.org","@graph":[{"@type":"WebPage","@id":"https:\/\/www.dlasl.es\/es\/catalogos-de-cuberterias-para-hosteleria\/","url":"https:\/\/www.dlasl.es\/es\/catalogos-de-cuberterias-para-hosteleria\/","name":"Proveedor de Cuberter\u00edas para Hosteler\u00eda | Cat\u00e1logos de Cuberter\u00edas","isPartOf":{"@id":"https:\/\/www.dlasl.es\/es\/#website"},"datePublished":"2018-05-07T17:42:21+00:00","dateModified":"2018-05-07T18:03:52+00:00","description":"DLA SL somos proveedor de cuberter\u00edas para hosteler\u00eda. Distribuci\u00f3n especializada en todo tipo de cubiertos para hosteler\u00eda. Cubiertos de calidad para profesionales del Sector Hostelero. Marcas como Jay, Rak Cutlery, Cuberter\u00eda Comas o Cutler.","breadcrumb":{"@id":"https:\/\/www.dlasl.es\/es\/catalogos-de-cuberterias-para-hosteleria\/#breadcrumb"},"inLanguage":"es","potentialAction":[{"@type":"ReadAction","target":["https:\/\/www.dlasl.es\/es\/catalogos-de-cuberterias-para-hosteleria\/"]}]},{"@type":"BreadcrumbList","@id":"https:\/\/www.dlasl.es\/es\/catalogos-de-cuberterias-para-hosteleria\/#breadcrumb","itemListElement":[{"@type":"ListItem","position":1,"name":"Portada","item":"https:\/\/www.dlasl.es\/es\/"},{"@type":"ListItem","position":2,"name":"Cat\u00e1logos de Cuberter\u00edas para Hosteler\u00eda"}]},{"@type":"WebSite","@id":"https:\/\/www.dlasl.es\/es\/#website","url":"https:\/\/www.dlasl.es\/es\/","name":"DLA - Distribuciones Los Azahares","description":"","potentialAction":[{"@type":"SearchAction","target":{"@type":"EntryPoint","urlTemplate":"https:\/\/www.dlasl.es\/es\/?s={search_term_string}"},"query-input":"required name=search_term_string"}],"inLanguage":"es"}]}},"_links":{"self":[{"href":"https:\/\/www.dlasl.es\/es\/wp-json\/wp\/v2\/pages\/666"}],"collection":[{"href":"https:\/\/www.dlasl.es\/es\/wp-json\/wp\/v2\/pages"}],"about":[{"href":"https:\/\/www.dlasl.es\/es\/wp-json\/wp\/v2\/types\/page"}],"author":[{"embeddable":true,"href":"https:\/\/www.dlasl.es\/es\/wp-json\/wp\/v2\/users\/2"}],"replies":[{"embeddable":true,"href":"https:\/\/www.dlasl.es\/es\/wp-json\/wp\/v2\/comments?post=666"}],"version-history":[{"count":10,"href":"https:\/\/www.dlasl.es\/es\/wp-json\/wp\/v2\/pages\/666\/revisions"}],"predecessor-version":[{"id":678,"href":"https:\/\/www.dlasl.es\/es\/wp-json\/wp\/v2\/pages\/666\/revisions\/678"}],"wp:attachment":[{"href":"https:\/\/www.dlasl.es\/es\/wp-json\/wp\/v2\/media?parent=666"}],"curies":[{"name":"wp","href":"https:\/\/api.w.org\/{rel}","templated":true}]}}