{"id":79,"date":"2016-07-27T11:05:34","date_gmt":"2016-07-27T11:05:34","guid":{"rendered":"https:\/\/www.dlasl.es\/es\/?page_id=79"},"modified":"2019-03-10T22:45:10","modified_gmt":"2019-03-10T22:45:10","slug":"distribuidores-hosteleria","status":"publish","type":"page","link":"https:\/\/www.dlasl.es\/es\/servicios-distribucion-mayorista\/distribuidores-hosteleria\/","title":{"rendered":"Hosteler\u00eda"},"content":{"rendered":"<p><img loading=\"lazy\" class=\"img-full aligncenter size-full wp-image-318\" src=\"https:\/\/www.dlasl.es\/es\/wp-content\/uploads\/2019\/03\/breakfast-2151201_1920.jpg\" alt=\"menaje para hosteler\u00eda \u2013 vajillas para hosteler\u00eda\" width=\"1600\" height=\"540\" \/><\/p>\n<div class=\"margen-2\"><\/div>\n<div class=\"sheet clearfix\">\n<h1 class=\"postheader\">Distribuidores de Productos de Hosteler\u00eda<\/h1>\n<div class=\"dos-columnas\">\n<p>En Distribuciones Los Azahares, o DLA, llevamos una d\u00e9cada al lado del profesional de la hosteler\u00eda, prest\u00e1ndole un servicio especializado y acorde a sus necesidades.<\/p>\n<p>La rapidez a la hora de servir los pedidos, la atenci\u00f3n totalmente personalizada y unos precios muy competitivos es lo que nos hace marcar la diferencia y nos convierte en un apoyo para el cliente.<\/p>\n<p>En nuestras instalaciones de Sevilla capital encontrar\u00e1 todo aquello que necesite. Contamos con un amplio y variado stock de menaje para hosteler\u00eda. Lo tenemos todo, desde los imprescindibles utensilios de cocina y art\u00edculos de cocteler\u00eda hasta la cuberter\u00eda o cristaleria. Menci\u00f3n especial merecen las vajillas para hosteler\u00eda, que se han convertido en el producto estrella de esta secci\u00f3n gracias a la variedad de dise\u00f1os y materiales (como porcelana o melanina) con los que trabajamos.<\/p>\n<p>Tambi\u00e9n ponemos al servicio del restaurador un completo cat\u00e1logo de productos de celulosa, es decir, servilletas, manteles, envases desechables de todo tipo para ajustarnos a los criterios y personalidad de cada local.<\/p>\n<p>Si bien, cuando hablamos de hosteler\u00eda en DLA lo hacemos de un servicio integral. El objetivo es que los clientes tengan al alcance de su mano todo aquello que requieren para el d\u00eda a d\u00eda en su negocio. Por ese motivo completamos el servicio de menaje para hosteler\u00eda con maquinaria industrial, mobiliario de exterior e interior, as\u00ed como productos de limpieza.<\/p>\n<\/div>\n<div class=\"margen-1\"><\/div>\n<h3>Las mejores marcas de menaje para hosteler\u00eda<\/h3>\n<div class=\"dos-columnas\">La garant\u00eda de nuestro servicio est\u00e1 avalada por las principales marcas del sector. En el caso de las vajillas para hosteler\u00eda colaboramos con Viejo Valle, Grupo Eurodra, Bonna, Rak, Porvasal, Bormioli Rocco, Duralex, Arcopal o Kutahya.<br \/>\nPor su parte, la cristaler\u00eda se la confiamos a Libbey, Pasabache, Rona, Borgonovo, Durobor, Gurallar, Vicrila y Crisal.<br \/>\nSi tienes cualquier duda o consulta, contacta con nosotros. Estaremos encantados de atenderte.<\/div>\n<div class=\"margen-3\"><\/div>\n<div class=\"linea-gris\"><\/div>\n<div class=\"margen-2\"><\/div>\n<h4>Acceder a otros servicios<\/h4>\n<div class=\"margen-2\"><\/div>\n<div class=\"one_fourth centrado\">\n<p><a href=\"https:\/\/www.dlasl.es\/es\/servicios\/distribuidores-hosteleria\/\"><img loading=\"lazy\" class=\"aligncenter size-full wp-image-51\" src=\"https:\/\/www.dlasl.es\/es\/wp-content\/uploads\/2016\/07\/hosteleria-ico.png\" alt=\"hosteleria-ico\" width=\"110\" height=\"111\" \/><\/a><\/p>\n<h3 class=\"home\"><a href=\"https:\/\/www.dlasl.es\/es\/servicios\/distribuidores-hosteleria\/\">HOSTELER\u00cdA<\/a><\/h3>\n<\/div>\n<div class=\"one_fourth centrado\">\n<p><a href=\"https:\/\/www.dlasl.es\/es\/servicios\/distribuidores-limpieza-profesional\/\"><img loading=\"lazy\" class=\"aligncenter size-full wp-image-48\" src=\"https:\/\/www.dlasl.es\/es\/wp-content\/uploads\/2016\/07\/limpieza-ico.png\" alt=\"limpieza-ico\" width=\"110\" height=\"111\" \/><\/a><\/p>\n<h3 class=\"home\"><a href=\"https:\/\/www.dlasl.es\/es\/servicios\/distribuidores-limpieza-profesional\/\">LIMPIEZA<\/a><\/h3>\n<\/div>\n<div class=\"one_fourth centrado\">\n<p><a href=\"https:\/\/www.dlasl.es\/es\/servicios\/lavanderia-profesional\/\"><img loading=\"lazy\" class=\"aligncenter size-full wp-image-52\" src=\"https:\/\/www.dlasl.es\/es\/wp-content\/uploads\/2016\/07\/lavanderia-ico.png\" alt=\"lavanderia-ico\" width=\"110\" height=\"111\" \/><\/a><\/p>\n<h3 class=\"home\"><a href=\"https:\/\/www.dlasl.es\/es\/servicios\/lavanderia-profesional\/\">LAVANDER\u00cdA<\/a><\/h3>\n<\/div>\n<div class=\"one_fourth last centrado\">\n<p><a href=\"https:\/\/www.dlasl.es\/es\/servicios\/productos-limpieza-automocion\/\"><img loading=\"lazy\" class=\"aligncenter size-full wp-image-50\" src=\"https:\/\/www.dlasl.es\/es\/wp-content\/uploads\/2016\/07\/automocion-ico.png\" alt=\"automocion-ico\" width=\"110\" height=\"111\" \/><\/a><\/p>\n<h3 class=\"home\"><a href=\"https:\/\/www.dlasl.es\/es\/servicios\/productos-limpieza-automocion\/\">AUTOMOCI\u00d3N<\/a><\/h3>\n<\/div>\n<div class=\"clear\"><\/div>\n<\/div>\n","protected":false},"excerpt":{"rendered":"<p>Distribuidores de Productos de Hosteler\u00eda En Distribuciones Los Azahares, o DLA, llevamos una d\u00e9cada al lado del profesional de la hosteler\u00eda, prest\u00e1ndole un servicio especializado y acorde a sus necesidades. La rapidez a la hora de servir los pedidos, la atenci\u00f3n totalmente personalizada y unos precios muy competitivos es lo que nos hace marcar la [&hellip;]<\/p>\n","protected":false},"author":2,"featured_media":0,"parent":12,"menu_order":0,"comment_status":"closed","ping_status":"closed","template":"diseno-full.php","meta":{"_joinchat":[]},"yoast_head":"<!-- This site is optimized with the Yoast SEO plugin v20.6 - https:\/\/yoast.com\/wordpress\/plugins\/seo\/ -->\n<title>Menaje para hosteler\u00eda \u2013 Vajillas para hosteler\u00eda - Distribuciones los Azahares<\/title>\n<meta name=\"description\" content=\"En Distribuciones los Azahares proporcionamos Menaje para hosteler\u00eda y Vajillas para hosteler\u00eda entre otros muchos productos y servicios.\" \/>\n<meta name=\"robots\" content=\"index, follow, max-snippet:-1, max-image-preview:large, max-video-preview:-1\" \/>\n<link rel=\"canonical\" href=\"https:\/\/www.dlasl.es\/es\/servicios-distribucion-mayorista\/distribuidores-hosteleria\/\" \/>\n<meta property=\"og:locale\" content=\"es_ES\" \/>\n<meta property=\"og:type\" content=\"article\" \/>\n<meta property=\"og:title\" content=\"Menaje para hosteler\u00eda \u2013 Vajillas para hosteler\u00eda - Distribuciones los Azahares\" \/>\n<meta property=\"og:description\" content=\"En Distribuciones los Azahares proporcionamos Menaje para hosteler\u00eda y Vajillas para hosteler\u00eda entre otros muchos productos y servicios.\" \/>\n<meta property=\"og:url\" content=\"https:\/\/www.dlasl.es\/es\/servicios-distribucion-mayorista\/distribuidores-hosteleria\/\" \/>\n<meta property=\"og:site_name\" content=\"DLA - Distribuciones Los Azahares\" \/>\n<meta property=\"article:modified_time\" content=\"2019-03-10T22:45:10+00:00\" \/>\n<meta property=\"og:image\" content=\"https:\/\/www.dlasl.es\/es\/wp-content\/uploads\/2019\/03\/breakfast-2151201_1920.jpg\" \/>\n<meta name=\"twitter:card\" content=\"summary_large_image\" \/>\n<meta name=\"twitter:label1\" content=\"Tiempo de lectura\" \/>\n\t<meta name=\"twitter:data1\" content=\"2 minutos\" \/>\n<script type=\"application\/ld+json\" class=\"yoast-schema-graph\">{\"@context\":\"https:\/\/schema.org\",\"@graph\":[{\"@type\":\"WebPage\",\"@id\":\"https:\/\/www.dlasl.es\/es\/servicios-distribucion-mayorista\/distribuidores-hosteleria\/\",\"url\":\"https:\/\/www.dlasl.es\/es\/servicios-distribucion-mayorista\/distribuidores-hosteleria\/\",\"name\":\"Menaje para hosteler\u00eda \u2013 Vajillas para hosteler\u00eda - Distribuciones los Azahares\",\"isPartOf\":{\"@id\":\"https:\/\/www.dlasl.es\/es\/#website\"},\"datePublished\":\"2016-07-27T11:05:34+00:00\",\"dateModified\":\"2019-03-10T22:45:10+00:00\",\"description\":\"En Distribuciones los Azahares proporcionamos Menaje para hosteler\u00eda y Vajillas para hosteler\u00eda entre otros muchos productos y servicios.\",\"breadcrumb\":{\"@id\":\"https:\/\/www.dlasl.es\/es\/servicios-distribucion-mayorista\/distribuidores-hosteleria\/#breadcrumb\"},\"inLanguage\":\"es\",\"potentialAction\":[{\"@type\":\"ReadAction\",\"target\":[\"https:\/\/www.dlasl.es\/es\/servicios-distribucion-mayorista\/distribuidores-hosteleria\/\"]}]},{\"@type\":\"BreadcrumbList\",\"@id\":\"https:\/\/www.dlasl.es\/es\/servicios-distribucion-mayorista\/distribuidores-hosteleria\/#breadcrumb\",\"itemListElement\":[{\"@type\":\"ListItem\",\"position\":1,\"name\":\"Portada\",\"item\":\"https:\/\/www.dlasl.es\/es\/\"},{\"@type\":\"ListItem\",\"position\":2,\"name\":\"Servicios Distribuci\u00f3n Mayorista\",\"item\":\"https:\/\/www.dlasl.es\/es\/servicios-distribucion-mayorista\/\"},{\"@type\":\"ListItem\",\"position\":3,\"name\":\"Hosteler\u00eda\"}]},{\"@type\":\"WebSite\",\"@id\":\"https:\/\/www.dlasl.es\/es\/#website\",\"url\":\"https:\/\/www.dlasl.es\/es\/\",\"name\":\"DLA - Distribuciones Los Azahares\",\"description\":\"\",\"potentialAction\":[{\"@type\":\"SearchAction\",\"target\":{\"@type\":\"EntryPoint\",\"urlTemplate\":\"https:\/\/www.dlasl.es\/es\/?s={search_term_string}\"},\"query-input\":\"required name=search_term_string\"}],\"inLanguage\":\"es\"}]}<\/script>\n<!-- \/ Yoast SEO plugin. -->","yoast_head_json":{"title":"Menaje para hosteler\u00eda \u2013 Vajillas para hosteler\u00eda - Distribuciones los Azahares","description":"En Distribuciones los Azahares proporcionamos Menaje para hosteler\u00eda y Vajillas para hosteler\u00eda entre otros muchos productos y servicios.","robots":{"index":"index","follow":"follow","max-snippet":"max-snippet:-1","max-image-preview":"max-image-preview:large","max-video-preview":"max-video-preview:-1"},"canonical":"https:\/\/www.dlasl.es\/es\/servicios-distribucion-mayorista\/distribuidores-hosteleria\/","og_locale":"es_ES","og_type":"article","og_title":"Menaje para hosteler\u00eda \u2013 Vajillas para hosteler\u00eda - Distribuciones los Azahares","og_description":"En Distribuciones los Azahares proporcionamos Menaje para hosteler\u00eda y Vajillas para hosteler\u00eda entre otros muchos productos y servicios.","og_url":"https:\/\/www.dlasl.es\/es\/servicios-distribucion-mayorista\/distribuidores-hosteleria\/","og_site_name":"DLA - Distribuciones Los Azahares","article_modified_time":"2019-03-10T22:45:10+00:00","og_image":[{"url":"https:\/\/www.dlasl.es\/es\/wp-content\/uploads\/2019\/03\/breakfast-2151201_1920.jpg"}],"twitter_card":"summary_large_image","twitter_misc":{"Tiempo de lectura":"2 minutos"},"schema":{"@context":"https:\/\/schema.org","@graph":[{"@type":"WebPage","@id":"https:\/\/www.dlasl.es\/es\/servicios-distribucion-mayorista\/distribuidores-hosteleria\/","url":"https:\/\/www.dlasl.es\/es\/servicios-distribucion-mayorista\/distribuidores-hosteleria\/","name":"Menaje para hosteler\u00eda \u2013 Vajillas para hosteler\u00eda - Distribuciones los Azahares","isPartOf":{"@id":"https:\/\/www.dlasl.es\/es\/#website"},"datePublished":"2016-07-27T11:05:34+00:00","dateModified":"2019-03-10T22:45:10+00:00","description":"En Distribuciones los Azahares proporcionamos Menaje para hosteler\u00eda y Vajillas para hosteler\u00eda entre otros muchos productos y servicios.","breadcrumb":{"@id":"https:\/\/www.dlasl.es\/es\/servicios-distribucion-mayorista\/distribuidores-hosteleria\/#breadcrumb"},"inLanguage":"es","potentialAction":[{"@type":"ReadAction","target":["https:\/\/www.dlasl.es\/es\/servicios-distribucion-mayorista\/distribuidores-hosteleria\/"]}]},{"@type":"BreadcrumbList","@id":"https:\/\/www.dlasl.es\/es\/servicios-distribucion-mayorista\/distribuidores-hosteleria\/#breadcrumb","itemListElement":[{"@type":"ListItem","position":1,"name":"Portada","item":"https:\/\/www.dlasl.es\/es\/"},{"@type":"ListItem","position":2,"name":"Servicios Distribuci\u00f3n Mayorista","item":"https:\/\/www.dlasl.es\/es\/servicios-distribucion-mayorista\/"},{"@type":"ListItem","position":3,"name":"Hosteler\u00eda"}]},{"@type":"WebSite","@id":"https:\/\/www.dlasl.es\/es\/#website","url":"https:\/\/www.dlasl.es\/es\/","name":"DLA - Distribuciones Los Azahares","description":"","potentialAction":[{"@type":"SearchAction","target":{"@type":"EntryPoint","urlTemplate":"https:\/\/www.dlasl.es\/es\/?s={search_term_string}"},"query-input":"required name=search_term_string"}],"inLanguage":"es"}]}},"_links":{"self":[{"href":"https:\/\/www.dlasl.es\/es\/wp-json\/wp\/v2\/pages\/79"}],"collection":[{"href":"https:\/\/www.dlasl.es\/es\/wp-json\/wp\/v2\/pages"}],"about":[{"href":"https:\/\/www.dlasl.es\/es\/wp-json\/wp\/v2\/types\/page"}],"author":[{"embeddable":true,"href":"https:\/\/www.dlasl.es\/es\/wp-json\/wp\/v2\/users\/2"}],"replies":[{"embeddable":true,"href":"https:\/\/www.dlasl.es\/es\/wp-json\/wp\/v2\/comments?post=79"}],"version-history":[{"count":12,"href":"https:\/\/www.dlasl.es\/es\/wp-json\/wp\/v2\/pages\/79\/revisions"}],"predecessor-version":[{"id":863,"href":"https:\/\/www.dlasl.es\/es\/wp-json\/wp\/v2\/pages\/79\/revisions\/863"}],"up":[{"embeddable":true,"href":"https:\/\/www.dlasl.es\/es\/wp-json\/wp\/v2\/pages\/12"}],"wp:attachment":[{"href":"https:\/\/www.dlasl.es\/es\/wp-json\/wp\/v2\/media?parent=79"}],"curies":[{"name":"wp","href":"https:\/\/api.w.org\/{rel}","templated":true}]}}