{"id":81,"date":"2016-07-27T11:05:44","date_gmt":"2016-07-27T11:05:44","guid":{"rendered":"https:\/\/www.dlasl.es\/es\/?page_id=81"},"modified":"2023-01-04T08:21:36","modified_gmt":"2023-01-04T08:21:36","slug":"distribuidores-limpieza-profesional","status":"publish","type":"page","link":"https:\/\/www.dlasl.es\/es\/servicios-distribucion-mayorista\/distribuidores-limpieza-profesional\/","title":{"rendered":"Productos de Limpieza Ecol\u00f3gicos"},"content":{"rendered":"<p><img loading=\"lazy\" class=\"aligncenter size-full wp-image-165 img-full\" src=\"https:\/\/www.dlasl.es\/es\/wp-content\/uploads\/2022\/08\/dla-productos-de-limpieza-ecologicos.jpg\" alt=\"Productos de Limpieza Ecol\u00f3gicos\" width=\"2560\" height=\"450\" \/><\/p>\n<div class=\"margen-2\"><\/div>\n<div class=\"sheet clearfix\">\n<h1 class=\"postheader\">Distribuidores de Productos de Limpieza Ecol\u00f3gicos para Restaurantes, Hoteles y Establecimientos de Ocio<\/h1>\n<div class=\"dos-columnas\">\n<p>El sector de los <strong>Productos de Limpieza Ecol\u00f3gicos<\/strong> ha ido ganando peso en los \u00faltimos a\u00f1os gracias a la concienciaci\u00f3n de su importancia. Hoy d\u00eda no concebimos que un restaurante, un bar, un hotel o cualquier otro tipo de negocio no cuente con un <strong>sistema profesional de limpieza<\/strong>. Con el deseo de cubrir esa necesidad, en <strong>DLA<\/strong>, ponemos al alcance de nuestros clientes una amplia gama de productos de limpieza ecol\u00f3gicos, limpiador de cristales profesional y limpia lavavajillas, productos qu\u00edmicos de limpieza, productos de celulosa, desinfectantes, desengrasantes o quitagrasas y fregasuelos, limpiador enzim\u00e1tico, limpiador de hornos, \u00fatiles de limpieza as\u00ed como productos multiusos y utensilios de limpieza.<\/p>\n<p>Cuando nos referimos a productos de celulosa estamos hablando de bobinas de papel industrial, bobinas para secamanos, papel higi\u00e9nico, toallitas secamanos, entre otros. Por otro lado, en el apartado de utensilios de limpieza se pueden encontrar cepillos, escobas, fregonas, cubos, recogedores, bolsas de basura, bayetas, guantes, ambientadores y todo aquello que el profesional requiera para el desempe\u00f1o de sus labores diarias. Con respecto a las <strong>marcas con las que trabajamos en DLA<\/strong>, se hace necesario poner de manifiesto que lo hacemos con las principales referencias del sector. <strong>Somos <a href=\"https:\/\/www.dlasl.es\/es\/descarga-de-catalogos-de-quimicos\/\" target=\"_blank\" rel=\"noopener\">Distribuidores de QUIMXEL (cat\u00e1logo)<\/a>, Vinfer o Cleanser.<\/strong><\/p>\n<\/div>\n<div class=\"margen-1\"><\/div>\n<h3>Dinos qu\u00e9 Productos de Limpieza Ecol\u00f3gicos necesitas<\/h3>\n<div class=\"dos-columnas\">\n<p>Uno de los pilares de <strong>DLA<\/strong> es el trato cercano y profesional que mantenemos con los clientes. Nos sentamos con ellos para conocer a la perfecci\u00f3n todas sus necesidades, ya que tan s\u00f3lo as\u00ed podremos darle las soluciones m\u00e1s adaptadas. Aconsejamos el mejor servicio o producto para cada caso concreto. Adem\u00e1s cualquier empresa, ya sea de limpieza o simplemente que requiera de este tipo de elementos, goza de un amplio stock disponible en un plazo m\u00e1ximo de 24 horas. La rapidez, la disponibilidad, la personalizaci\u00f3n de pedidos, la variedad de referencias y <strong>los precios econ\u00f3micos que encontrar\u00e1s en DLA ser\u00e1n dif\u00edciles de igualar<\/strong>. Si est\u00e1s interesado o tienes cualquier pregunta, no dudes en contactar con nosotros. Estaremos encantados de atenderte.<\/p>\n<\/div>\n<div class=\"margen-2\"><\/div>\n<div class=\"sheet clearfix\">\n<h4 class=\"home\" style=\"text-align: center;\">Contacta con nosotros<\/h4>\n<p class=\"home\">\n<div class=\"wpcf7 no-js\" id=\"wpcf7-f1095-o1\" lang=\"es-ES\" dir=\"ltr\">\n<div class=\"screen-reader-response\">\n<p role=\"status\" aria-live=\"polite\" aria-atomic=\"true\">\n<ul><\/ul>\n<\/div>\n<form action=\"\/es\/wp-json\/wp\/v2\/pages\/81#wpcf7-f1095-o1\" method=\"post\" class=\"wpcf7-form init\" aria-label=\"Formulario de contacto\" novalidate=\"novalidate\" data-status=\"init\">\n<div style=\"display: none;\">\n<input type=\"hidden\" name=\"_wpcf7\" value=\"1095\" \/><br \/>\n<input type=\"hidden\" name=\"_wpcf7_version\" value=\"5.7.6\" \/><br \/>\n<input type=\"hidden\" name=\"_wpcf7_locale\" value=\"es_ES\" \/><br \/>\n<input type=\"hidden\" name=\"_wpcf7_unit_tag\" value=\"wpcf7-f1095-o1\" \/><br \/>\n<input type=\"hidden\" name=\"_wpcf7_container_post\" value=\"0\" \/><br \/>\n<input type=\"hidden\" name=\"_wpcf7_posted_data_hash\" value=\"\" \/><br \/>\n<input type=\"hidden\" name=\"_wpcf7_recaptcha_response\" value=\"\" \/>\n<\/div>\n<p><span class=\"wpcf7-form-control-wrap\" data-name=\"your-name\"><input size=\"40\" class=\"wpcf7-form-control wpcf7-text wpcf7-validates-as-required formulario\" aria-required=\"true\" aria-invalid=\"false\" placeholder=\"Nombre (*)\" value=\"\" type=\"text\" name=\"your-name\" \/><\/span>\n<\/p>\n<p><span class=\"wpcf7-form-control-wrap\" data-name=\"your-email\"><input size=\"40\" class=\"wpcf7-form-control wpcf7-text wpcf7-email wpcf7-validates-as-required wpcf7-validates-as-email formulario\" aria-required=\"true\" aria-invalid=\"false\" placeholder=\"Email (*)\" value=\"\" type=\"email\" name=\"your-email\" \/><\/span>\n<\/p>\n<p><span class=\"wpcf7-form-control-wrap\" data-name=\"tel-165\"><input size=\"40\" class=\"wpcf7-form-control wpcf7-text wpcf7-tel wpcf7-validates-as-tel formulario\" aria-invalid=\"false\" placeholder=\"Tel\u00e9fono\" value=\"\" type=\"tel\" name=\"tel-165\" \/><\/span>\n<\/p>\n<p><span class=\"wpcf7-form-control-wrap\" data-name=\"your-subject\"><input size=\"40\" class=\"wpcf7-form-control wpcf7-text formulario\" aria-invalid=\"false\" placeholder=\"Asunto\" value=\"\" type=\"text\" name=\"your-subject\" \/><\/span>\n<\/p>\n<p>\u00bfPuedes indicarnos sobre qu\u00e9 servicio quieres informaci\u00f3n?\n<\/p>\n<p><span class=\"wpcf7-form-control-wrap\" data-name=\"servicio\"><select class=\"wpcf7-form-control wpcf7-select formulario\" aria-invalid=\"false\" name=\"servicio\"><option value=\"Menaje para Hosteler\u00eda\">Menaje para Hosteler\u00eda<\/option><option value=\"Productos de Limpieza\">Productos de Limpieza<\/option><option value=\"Suministros de Lavander\u00eda\">Suministros de Lavander\u00eda<\/option><option value=\"Limpieza y Automoci\u00f3n\">Limpieza y Automoci\u00f3n<\/option><\/select><\/span>\n<\/p>\n<p>Para qu\u00e9 sector es la informaci\u00f3n que necesitas?\n<\/p>\n<p><span class=\"wpcf7-form-control-wrap\" data-name=\"sector\"><select class=\"wpcf7-form-control wpcf7-select formulario\" aria-invalid=\"false\" name=\"sector\"><option value=\"Empresas de Restauraci\u00f3n\">Empresas de Restauraci\u00f3n<\/option><option value=\"Empresas de Limpieza\">Empresas de Limpieza<\/option><option value=\"Empresas de Sanitarias\">Empresas de Sanitarias<\/option><option value=\"Lavander\u00edas\">Lavander\u00edas<\/option><option value=\"Empresas de Automoci\u00f3n\">Empresas de Automoci\u00f3n<\/option><option value=\"Otro\">Otro<\/option><\/select><\/span>\n<\/p>\n<p><span class=\"wpcf7-form-control-wrap\" data-name=\"your-message\"><textarea cols=\"40\" rows=\"6\" class=\"wpcf7-form-control wpcf7-textarea formulario\" aria-invalid=\"false\" placeholder=\"Mensaje\" name=\"your-message\"><\/textarea><\/span>\n<\/p>\n<p><span class=\"wpcf7-form-control-wrap\" data-name=\"checkbox-673\"><span class=\"wpcf7-form-control wpcf7-checkbox\"><span class=\"wpcf7-list-item first last\"><input type=\"checkbox\" name=\"checkbox-673[]\" value=\"Deseo recibir informaci\u00f3n sobre noticias, ofertas y promociones de DLA\" \/><span class=\"wpcf7-list-item-label\">Deseo recibir informaci\u00f3n sobre noticias, ofertas y promociones de DLA<\/span><\/span><\/span><\/span>\n<\/p>\n<p><span class=\"wpcf7-form-control-wrap\" data-name=\"acceptance-929\"><span class=\"wpcf7-form-control wpcf7-acceptance\"><span class=\"wpcf7-list-item\"><input type=\"checkbox\" name=\"acceptance-929\" value=\"1\" aria-invalid=\"false\" \/><\/span><\/span><\/span> He le\u00eddo y acepto la pol\u00edtica de privacidad.\n<\/p>\n<p>De conformidad con las normativas de protecci\u00f3n de datos, le facilitamos la siguiente informaci\u00f3n del tratamiento:\n<\/p>\n<p>Responsable: DIAZAHARESOL, S.L.<br \/>\nFines del tratamiento: tramitar encargos, solicitudes, dar respuesta a las consultas o cualquier petici\u00f3n que sea realizada por el USUARIO a trav\u00e9s del formulario de contacto que se pone a disposici\u00f3n en la p\u00e1gina web del RESPONSABLE y enviar comunicaciones de productos o servicios.\n<\/p>\n<p>Derechos que le asisten: acceso, rectificaci\u00f3n, portabilidad, supresi\u00f3n, limitaci\u00f3n y oposici\u00f3n<br \/>\nM\u00e1s informaci\u00f3n del tratamiento en la <a href=\"https:\/\/www.dlasl.es\/es\/politica-de-privacidad-2\/\" target=\"_blank\">Pol\u00edtica de privacidad.<\/a>\n<\/p>\n<p><input class=\"wpcf7-form-control has-spinner wpcf7-submit button\" type=\"submit\" value=\"Enviar\" \/>\n<\/p>\n<p style=\"display: none !important;\"><label>&#916;<textarea name=\"_wpcf7_ak_hp_textarea\" cols=\"45\" rows=\"8\" maxlength=\"100\"><\/textarea><\/label><input type=\"hidden\" id=\"ak_js_1\" name=\"_wpcf7_ak_js\" value=\"52\"\/><script>document.getElementById( \"ak_js_1\" ).setAttribute( \"value\", ( new Date() ).getTime() );<\/script><\/p>\n<div class=\"wpcf7-response-output\" aria-hidden=\"true\"><\/div>\n<\/form>\n<\/div>\n<\/div>\n<div class=\"margen-3\"><\/div>\n<div class=\"linea-gris\"><\/div>\n<div class=\"margen-2\"><\/div>\n<h4>Acceder a otros servicios<\/h4>\n<div class=\"margen-2\"><\/div>\n<div class=\"one_fourth centrado\">\n<p><a href=\"https:\/\/www.dlasl.es\/es\/servicios\/distribuidores-hosteleria\/\"><img loading=\"lazy\" class=\"aligncenter size-full wp-image-51\" src=\"https:\/\/www.dlasl.es\/es\/wp-content\/uploads\/2016\/07\/hosteleria-ico.png\" alt=\"hosteleria-ico\" width=\"110\" height=\"111\" \/><\/a><\/p>\n<h3 class=\"home\"><a href=\"https:\/\/www.dlasl.es\/es\/servicios\/distribuidores-hosteleria\/\">HOSTELER\u00cdA<\/a><\/h3>\n<\/div>\n<div class=\"one_fourth centrado\">\n<p><a href=\"https:\/\/www.dlasl.es\/es\/servicios\/distribuidores-limpieza-profesional\/\"><img loading=\"lazy\" class=\"aligncenter size-full wp-image-48\" src=\"https:\/\/www.dlasl.es\/es\/wp-content\/uploads\/2016\/07\/limpieza-ico.png\" alt=\"limpieza-ico\" width=\"110\" height=\"111\" \/><\/a><\/p>\n<h3 class=\"home\"><a href=\"https:\/\/www.dlasl.es\/es\/servicios\/distribuidores-limpieza-profesional\/\">LIMPIEZA<\/a><\/h3>\n<\/div>\n<div class=\"one_fourth centrado\">\n<p><a href=\"https:\/\/www.dlasl.es\/es\/servicios\/lavanderia-profesional\/\"><img loading=\"lazy\" class=\"aligncenter size-full wp-image-52\" src=\"https:\/\/www.dlasl.es\/es\/wp-content\/uploads\/2016\/07\/lavanderia-ico.png\" alt=\"lavanderia-ico\" width=\"110\" height=\"111\" \/><\/a><\/p>\n<h3 class=\"home\"><a href=\"https:\/\/www.dlasl.es\/es\/servicios\/lavanderia-profesional\/\">LAVANDER\u00cdA<\/a><\/h3>\n<\/div>\n<div class=\"one_fourth last centrado\">\n<p><a href=\"https:\/\/www.dlasl.es\/es\/servicios-distribucion-mayorista\/productos-limpieza-automocion\/\"><img loading=\"lazy\" class=\"aligncenter size-full wp-image-50\" src=\"https:\/\/www.dlasl.es\/es\/wp-content\/uploads\/2016\/07\/automocion-ico.png\" alt=\"automocion-ico\" width=\"110\" height=\"111\" \/><\/a><\/p>\n<h3 class=\"home\"><a href=\"https:\/\/www.dlasl.es\/es\/servicios\/productos-limpieza-automocion\/\">AUTOMOCI\u00d3N<\/a><\/h3>\n<\/div>\n<div class=\"clear\"><\/div>\n<\/div>\n","protected":false},"excerpt":{"rendered":"<p>Distribuidores de Productos de Limpieza Ecol\u00f3gicos para Restaurantes, Hoteles y Establecimientos de Ocio El sector de los Productos de Limpieza Ecol\u00f3gicos ha ido ganando peso en los \u00faltimos a\u00f1os gracias a la concienciaci\u00f3n de su importancia. Hoy d\u00eda no concebimos que un restaurante, un bar, un hotel o cualquier otro tipo de negocio no cuente [&hellip;]<\/p>\n","protected":false},"author":2,"featured_media":0,"parent":12,"menu_order":0,"comment_status":"closed","ping_status":"closed","template":"diseno-full.php","meta":{"_joinchat":[]},"yoast_head":"<!-- This site is optimized with the Yoast SEO plugin v20.6 - https:\/\/yoast.com\/wordpress\/plugins\/seo\/ -->\n<title>Productos de limpieza Ecol\u00f3gicos \u2013 Limpiador de cristales profesional<\/title>\n<meta name=\"description\" content=\"En DLA proporcionamos productos de limpieza ecol\u00f3gicos, limpiador de cristales profesional y limpia lavavajillas.\" \/>\n<meta name=\"robots\" content=\"index, follow, max-snippet:-1, max-image-preview:large, max-video-preview:-1\" \/>\n<link rel=\"canonical\" href=\"https:\/\/www.dlasl.es\/es\/servicios-distribucion-mayorista\/distribuidores-limpieza-profesional\/\" \/>\n<meta property=\"og:locale\" content=\"es_ES\" \/>\n<meta property=\"og:type\" content=\"article\" \/>\n<meta property=\"og:title\" content=\"Distribuidores de Productos de Limpieza Profesional\" \/>\n<meta property=\"og:description\" content=\"Proporcionamos material de limpieza como Productos qu\u00edmicos de limpieza, Productos de celulosa, Desengrasantes y fregasuelos. Cepillos, escobas, fregonas, cubos, recogedores, bolsas de basura, bayetas, guantes, ambientadores y todo aquello que el profesional requiera para el desempe\u00f1o de sus labores diarias.\" \/>\n<meta property=\"og:url\" content=\"https:\/\/www.dlasl.es\/es\/servicios-distribucion-mayorista\/distribuidores-limpieza-profesional\/\" \/>\n<meta property=\"og:site_name\" content=\"DLA - Distribuciones Los Azahares\" \/>\n<meta property=\"article:modified_time\" content=\"2023-01-04T08:21:36+00:00\" \/>\n<meta property=\"og:image\" content=\"https:\/\/www.dlasl.es\/es\/wp-content\/uploads\/2019\/03\/gloves-4017614_960_720.jpg\" \/>\n\t<meta property=\"og:image:width\" content=\"960\" \/>\n\t<meta property=\"og:image:height\" content=\"626\" \/>\n\t<meta property=\"og:image:type\" content=\"image\/jpeg\" \/>\n<meta name=\"twitter:card\" content=\"summary_large_image\" \/>\n<meta name=\"twitter:title\" content=\"Distribuidores de Productos de Limpieza Profesional\" \/>\n<meta name=\"twitter:description\" content=\"Proporcionamos material de limpieza como Productos qu\u00edmicos de limpieza, Productos de celulosa, Desengrasantes y fregasuelos. Cepillos, escobas, fregonas, cubos, recogedores, bolsas de basura, bayetas, guantes, ambientadores y todo aquello que el profesional requiera para el desempe\u00f1o de sus labores diarias.\" \/>\n<meta name=\"twitter:image\" content=\"https:\/\/www.dlasl.es\/es\/wp-content\/uploads\/2019\/03\/gloves-4017614_960_720.jpg\" \/>\n<meta name=\"twitter:label1\" content=\"Tiempo de lectura\" \/>\n\t<meta name=\"twitter:data1\" content=\"3 minutos\" \/>\n<script type=\"application\/ld+json\" class=\"yoast-schema-graph\">{\"@context\":\"https:\/\/schema.org\",\"@graph\":[{\"@type\":\"WebPage\",\"@id\":\"https:\/\/www.dlasl.es\/es\/servicios-distribucion-mayorista\/distribuidores-limpieza-profesional\/\",\"url\":\"https:\/\/www.dlasl.es\/es\/servicios-distribucion-mayorista\/distribuidores-limpieza-profesional\/\",\"name\":\"Productos de limpieza Ecol\u00f3gicos \u2013 Limpiador de cristales profesional\",\"isPartOf\":{\"@id\":\"https:\/\/www.dlasl.es\/es\/#website\"},\"datePublished\":\"2016-07-27T11:05:44+00:00\",\"dateModified\":\"2023-01-04T08:21:36+00:00\",\"description\":\"En DLA proporcionamos productos de limpieza ecol\u00f3gicos, limpiador de cristales profesional y limpia lavavajillas.\",\"breadcrumb\":{\"@id\":\"https:\/\/www.dlasl.es\/es\/servicios-distribucion-mayorista\/distribuidores-limpieza-profesional\/#breadcrumb\"},\"inLanguage\":\"es\",\"potentialAction\":[{\"@type\":\"ReadAction\",\"target\":[\"https:\/\/www.dlasl.es\/es\/servicios-distribucion-mayorista\/distribuidores-limpieza-profesional\/\"]}]},{\"@type\":\"BreadcrumbList\",\"@id\":\"https:\/\/www.dlasl.es\/es\/servicios-distribucion-mayorista\/distribuidores-limpieza-profesional\/#breadcrumb\",\"itemListElement\":[{\"@type\":\"ListItem\",\"position\":1,\"name\":\"Portada\",\"item\":\"https:\/\/www.dlasl.es\/es\/\"},{\"@type\":\"ListItem\",\"position\":2,\"name\":\"Servicios Distribuci\u00f3n Mayorista\",\"item\":\"https:\/\/www.dlasl.es\/es\/servicios-distribucion-mayorista\/\"},{\"@type\":\"ListItem\",\"position\":3,\"name\":\"Productos de Limpieza Ecol\u00f3gicos\"}]},{\"@type\":\"WebSite\",\"@id\":\"https:\/\/www.dlasl.es\/es\/#website\",\"url\":\"https:\/\/www.dlasl.es\/es\/\",\"name\":\"DLA - Distribuciones Los Azahares\",\"description\":\"\",\"potentialAction\":[{\"@type\":\"SearchAction\",\"target\":{\"@type\":\"EntryPoint\",\"urlTemplate\":\"https:\/\/www.dlasl.es\/es\/?s={search_term_string}\"},\"query-input\":\"required name=search_term_string\"}],\"inLanguage\":\"es\"}]}<\/script>\n<!-- \/ Yoast SEO plugin. -->","yoast_head_json":{"title":"Productos de limpieza Ecol\u00f3gicos \u2013 Limpiador de cristales profesional","description":"En DLA proporcionamos productos de limpieza ecol\u00f3gicos, limpiador de cristales profesional y limpia lavavajillas.","robots":{"index":"index","follow":"follow","max-snippet":"max-snippet:-1","max-image-preview":"max-image-preview:large","max-video-preview":"max-video-preview:-1"},"canonical":"https:\/\/www.dlasl.es\/es\/servicios-distribucion-mayorista\/distribuidores-limpieza-profesional\/","og_locale":"es_ES","og_type":"article","og_title":"Distribuidores de Productos de Limpieza Profesional","og_description":"Proporcionamos material de limpieza como Productos qu\u00edmicos de limpieza, Productos de celulosa, Desengrasantes y fregasuelos. Cepillos, escobas, fregonas, cubos, recogedores, bolsas de basura, bayetas, guantes, ambientadores y todo aquello que el profesional requiera para el desempe\u00f1o de sus labores diarias.","og_url":"https:\/\/www.dlasl.es\/es\/servicios-distribucion-mayorista\/distribuidores-limpieza-profesional\/","og_site_name":"DLA - Distribuciones Los Azahares","article_modified_time":"2023-01-04T08:21:36+00:00","og_image":[{"width":960,"height":626,"url":"https:\/\/www.dlasl.es\/es\/wp-content\/uploads\/2019\/03\/gloves-4017614_960_720.jpg","type":"image\/jpeg"}],"twitter_card":"summary_large_image","twitter_title":"Distribuidores de Productos de Limpieza Profesional","twitter_description":"Proporcionamos material de limpieza como Productos qu\u00edmicos de limpieza, Productos de celulosa, Desengrasantes y fregasuelos. Cepillos, escobas, fregonas, cubos, recogedores, bolsas de basura, bayetas, guantes, ambientadores y todo aquello que el profesional requiera para el desempe\u00f1o de sus labores diarias.","twitter_image":"https:\/\/www.dlasl.es\/es\/wp-content\/uploads\/2019\/03\/gloves-4017614_960_720.jpg","twitter_misc":{"Tiempo de lectura":"3 minutos"},"schema":{"@context":"https:\/\/schema.org","@graph":[{"@type":"WebPage","@id":"https:\/\/www.dlasl.es\/es\/servicios-distribucion-mayorista\/distribuidores-limpieza-profesional\/","url":"https:\/\/www.dlasl.es\/es\/servicios-distribucion-mayorista\/distribuidores-limpieza-profesional\/","name":"Productos de limpieza Ecol\u00f3gicos \u2013 Limpiador de cristales profesional","isPartOf":{"@id":"https:\/\/www.dlasl.es\/es\/#website"},"datePublished":"2016-07-27T11:05:44+00:00","dateModified":"2023-01-04T08:21:36+00:00","description":"En DLA proporcionamos productos de limpieza ecol\u00f3gicos, limpiador de cristales profesional y limpia lavavajillas.","breadcrumb":{"@id":"https:\/\/www.dlasl.es\/es\/servicios-distribucion-mayorista\/distribuidores-limpieza-profesional\/#breadcrumb"},"inLanguage":"es","potentialAction":[{"@type":"ReadAction","target":["https:\/\/www.dlasl.es\/es\/servicios-distribucion-mayorista\/distribuidores-limpieza-profesional\/"]}]},{"@type":"BreadcrumbList","@id":"https:\/\/www.dlasl.es\/es\/servicios-distribucion-mayorista\/distribuidores-limpieza-profesional\/#breadcrumb","itemListElement":[{"@type":"ListItem","position":1,"name":"Portada","item":"https:\/\/www.dlasl.es\/es\/"},{"@type":"ListItem","position":2,"name":"Servicios Distribuci\u00f3n Mayorista","item":"https:\/\/www.dlasl.es\/es\/servicios-distribucion-mayorista\/"},{"@type":"ListItem","position":3,"name":"Productos de Limpieza Ecol\u00f3gicos"}]},{"@type":"WebSite","@id":"https:\/\/www.dlasl.es\/es\/#website","url":"https:\/\/www.dlasl.es\/es\/","name":"DLA - Distribuciones Los Azahares","description":"","potentialAction":[{"@type":"SearchAction","target":{"@type":"EntryPoint","urlTemplate":"https:\/\/www.dlasl.es\/es\/?s={search_term_string}"},"query-input":"required name=search_term_string"}],"inLanguage":"es"}]}},"_links":{"self":[{"href":"https:\/\/www.dlasl.es\/es\/wp-json\/wp\/v2\/pages\/81"}],"collection":[{"href":"https:\/\/www.dlasl.es\/es\/wp-json\/wp\/v2\/pages"}],"about":[{"href":"https:\/\/www.dlasl.es\/es\/wp-json\/wp\/v2\/types\/page"}],"author":[{"embeddable":true,"href":"https:\/\/www.dlasl.es\/es\/wp-json\/wp\/v2\/users\/2"}],"replies":[{"embeddable":true,"href":"https:\/\/www.dlasl.es\/es\/wp-json\/wp\/v2\/comments?post=81"}],"version-history":[{"count":47,"href":"https:\/\/www.dlasl.es\/es\/wp-json\/wp\/v2\/pages\/81\/revisions"}],"predecessor-version":[{"id":1941,"href":"https:\/\/www.dlasl.es\/es\/wp-json\/wp\/v2\/pages\/81\/revisions\/1941"}],"up":[{"embeddable":true,"href":"https:\/\/www.dlasl.es\/es\/wp-json\/wp\/v2\/pages\/12"}],"wp:attachment":[{"href":"https:\/\/www.dlasl.es\/es\/wp-json\/wp\/v2\/media?parent=81"}],"curies":[{"name":"wp","href":"https:\/\/api.w.org\/{rel}","templated":true}]}}