{"id":83,"date":"2016-07-27T11:05:53","date_gmt":"2016-07-27T11:05:53","guid":{"rendered":"https:\/\/www.dlasl.es\/es\/?page_id=83"},"modified":"2023-01-04T09:50:54","modified_gmt":"2023-01-04T09:50:54","slug":"lavanderia-profesional","status":"publish","type":"page","link":"https:\/\/www.dlasl.es\/es\/servicios-distribucion-mayorista\/lavanderia-profesional\/","title":{"rendered":"Lavander\u00eda"},"content":{"rendered":"<p><img loading=\"lazy\" class=\"aligncenter size-full wp-image-165 img-full\" src=\"https:\/\/www.dlasl.es\/es\/wp-content\/uploads\/2023\/01\/comprar-detergente-y-suavizante-industrial.jpg\" alt=\"Comprar detergente y suavizante industrial\" width=\"2560\" height=\"450\" \/><\/p>\n<div class=\"margen-2\"><\/div>\n<div class=\"sheet clearfix\">\n<h1>Comprar detergente y suavizante industrial para Restaurantes y Hoteles<\/h1>\n<div class=\"dos-columnas\">\nEn <strong>DLA somos proveedores de detergentes para lavander\u00edas<\/strong> siendo nuestro deseo el suministrar <strong>productos de lavander\u00eda profesional<\/strong> al sector especializado. En DLA puedes comprar detergente y suavizante industrial. Para suministrar productos qu\u00edmicos para lavander\u00edas industriales hemos creado un servicio 100% por y para ellos. Todos los esfuerzos en esta l\u00ednea han ido orientados a hacerle la vida m\u00e1s sencilla y c\u00f3moda a los clientes que se dedican a \u00e9l.<br \/>\nEn este sentido se ha desarrollado una red especial de <strong>dosificadores para lavander\u00eda<\/strong>, que consiste en instalar a los clientes un tipo exclusivo de dosificadores para lavander\u00eda del que nos encargamos personalmente y a medida. De esta manera el usuario no tendr\u00e1 que preocuparse de si se le olvida o no recargar el producto. Nos ocupamos nosotros.\n<\/div>\n<div class=\"margen-2\"><\/div>\n<div class=\"dos-columnas\">\n<h3>\u00bfQu\u00e9 detergente y suavizante usan en las lavander\u00edas?<\/h3>\n<p>En DLA, adem\u00e1s de ser proveedores de detergentes para lavander\u00edas disponemos de un servicio de asesoramiento especializado para nuestros clientes para que puedan comprar detergente y suavizante industrial espec\u00edfico para su lavander\u00eda.<br \/>\n<a href=\"https:\/\/www.dlasl.es\/es\/descarga-de-catalogos-de-quimicos\/\">El cat\u00e1logo de productos de lavander\u00eda profesional es muy extenso<\/a>, aun as\u00ed los productos m\u00e1s demandados suelen ser los detergente industrial para ropa, detergentes l\u00edquidos o en polvo, los suavizantes y las lej\u00edas. Pese a ello, la variedad es mucho m\u00e1s amplia y en DLA tenemos, adem\u00e1s, <em>blanqueantes, neutralizantes, aditivos, quitamanchas o desmanchantes<\/em>, entre otros.A la hora de buscar los productos de lavander\u00eda profesional m\u00e1s id\u00f3neos para tu negocio, no dudes en contactar con nuestro <a href=\"https:\/\/www.dlasl.es\/es\/contacto\/\">equipo de atenci\u00f3n personalizada<\/a>. Nos sentaremos contigo para conocer todos los entresijos de tu empresa y poder as\u00ed ofrecerte nuestras mejores soluciones. As\u00ed conseguiremos que aumentes tanto en rentabilidad como en oportunidades de venta.<\/p>\n<p>Trabajamos con primeras marcas. En el caso de<strong> productos de lavander\u00eda profesional<\/strong> o <strong>dosificadores para lavander\u00eda<\/strong> nos ponemos en manos del l\u00edder del sector: Quimsel. Una empresa referencia y de reputaci\u00f3n consolidada que da una garant\u00eda m\u00e1s que demostrada.<\/p>\n<p>Por otro lado no hay que olvidar que todos los tr\u00e1mites con DLA se caracterizan por su rapidez, en menos de 24 horas podr\u00e1s disfrutar de tu pedido. Alta disponibilidad y variedad de referencias son otros factores clave, as\u00ed como los precios competitivos.\n<\/p><\/div>\n<div class=\"margen-2\"><\/div>\n<div class=\"sheet clearfix\">\n<h4 class=\"home\" style=\"text-align: center;\">Contacta con nosotros<\/h4>\n<p class=\"home\">\n<div class=\"wpcf7 no-js\" id=\"wpcf7-f1095-o1\" lang=\"es-ES\" dir=\"ltr\">\n<div class=\"screen-reader-response\">\n<p role=\"status\" aria-live=\"polite\" aria-atomic=\"true\">\n<ul><\/ul>\n<\/div>\n<form action=\"\/es\/wp-json\/wp\/v2\/pages\/83#wpcf7-f1095-o1\" method=\"post\" class=\"wpcf7-form init\" aria-label=\"Formulario de contacto\" novalidate=\"novalidate\" data-status=\"init\">\n<div style=\"display: none;\">\n<input type=\"hidden\" name=\"_wpcf7\" value=\"1095\" \/><br \/>\n<input type=\"hidden\" name=\"_wpcf7_version\" value=\"5.7.6\" \/><br \/>\n<input type=\"hidden\" name=\"_wpcf7_locale\" value=\"es_ES\" \/><br \/>\n<input type=\"hidden\" name=\"_wpcf7_unit_tag\" value=\"wpcf7-f1095-o1\" \/><br \/>\n<input type=\"hidden\" name=\"_wpcf7_container_post\" value=\"0\" \/><br \/>\n<input type=\"hidden\" name=\"_wpcf7_posted_data_hash\" value=\"\" \/><br \/>\n<input type=\"hidden\" name=\"_wpcf7_recaptcha_response\" value=\"\" \/>\n<\/div>\n<p><span class=\"wpcf7-form-control-wrap\" data-name=\"your-name\"><input size=\"40\" class=\"wpcf7-form-control wpcf7-text wpcf7-validates-as-required formulario\" aria-required=\"true\" aria-invalid=\"false\" placeholder=\"Nombre (*)\" value=\"\" type=\"text\" name=\"your-name\" \/><\/span>\n<\/p>\n<p><span class=\"wpcf7-form-control-wrap\" data-name=\"your-email\"><input size=\"40\" class=\"wpcf7-form-control wpcf7-text wpcf7-email wpcf7-validates-as-required wpcf7-validates-as-email formulario\" aria-required=\"true\" aria-invalid=\"false\" placeholder=\"Email (*)\" value=\"\" type=\"email\" name=\"your-email\" \/><\/span>\n<\/p>\n<p><span class=\"wpcf7-form-control-wrap\" data-name=\"tel-165\"><input size=\"40\" class=\"wpcf7-form-control wpcf7-text wpcf7-tel wpcf7-validates-as-tel formulario\" aria-invalid=\"false\" placeholder=\"Tel\u00e9fono\" value=\"\" type=\"tel\" name=\"tel-165\" \/><\/span>\n<\/p>\n<p><span class=\"wpcf7-form-control-wrap\" data-name=\"your-subject\"><input size=\"40\" class=\"wpcf7-form-control wpcf7-text formulario\" aria-invalid=\"false\" placeholder=\"Asunto\" value=\"\" type=\"text\" name=\"your-subject\" \/><\/span>\n<\/p>\n<p>\u00bfPuedes indicarnos sobre qu\u00e9 servicio quieres informaci\u00f3n?\n<\/p>\n<p><span class=\"wpcf7-form-control-wrap\" data-name=\"servicio\"><select class=\"wpcf7-form-control wpcf7-select formulario\" aria-invalid=\"false\" name=\"servicio\"><option value=\"Menaje para Hosteler\u00eda\">Menaje para Hosteler\u00eda<\/option><option value=\"Productos de Limpieza\">Productos de Limpieza<\/option><option value=\"Suministros de Lavander\u00eda\">Suministros de Lavander\u00eda<\/option><option value=\"Limpieza y Automoci\u00f3n\">Limpieza y Automoci\u00f3n<\/option><\/select><\/span>\n<\/p>\n<p>Para qu\u00e9 sector es la informaci\u00f3n que necesitas?\n<\/p>\n<p><span class=\"wpcf7-form-control-wrap\" data-name=\"sector\"><select class=\"wpcf7-form-control wpcf7-select formulario\" aria-invalid=\"false\" name=\"sector\"><option value=\"Empresas de Restauraci\u00f3n\">Empresas de Restauraci\u00f3n<\/option><option value=\"Empresas de Limpieza\">Empresas de Limpieza<\/option><option value=\"Empresas de Sanitarias\">Empresas de Sanitarias<\/option><option value=\"Lavander\u00edas\">Lavander\u00edas<\/option><option value=\"Empresas de Automoci\u00f3n\">Empresas de Automoci\u00f3n<\/option><option value=\"Otro\">Otro<\/option><\/select><\/span>\n<\/p>\n<p><span class=\"wpcf7-form-control-wrap\" data-name=\"your-message\"><textarea cols=\"40\" rows=\"6\" class=\"wpcf7-form-control wpcf7-textarea formulario\" aria-invalid=\"false\" placeholder=\"Mensaje\" name=\"your-message\"><\/textarea><\/span>\n<\/p>\n<p><span class=\"wpcf7-form-control-wrap\" data-name=\"checkbox-673\"><span class=\"wpcf7-form-control wpcf7-checkbox\"><span class=\"wpcf7-list-item first last\"><input type=\"checkbox\" name=\"checkbox-673[]\" value=\"Deseo recibir informaci\u00f3n sobre noticias, ofertas y promociones de DLA\" \/><span class=\"wpcf7-list-item-label\">Deseo recibir informaci\u00f3n sobre noticias, ofertas y promociones de DLA<\/span><\/span><\/span><\/span>\n<\/p>\n<p><span class=\"wpcf7-form-control-wrap\" data-name=\"acceptance-929\"><span class=\"wpcf7-form-control wpcf7-acceptance\"><span class=\"wpcf7-list-item\"><input type=\"checkbox\" name=\"acceptance-929\" value=\"1\" aria-invalid=\"false\" \/><\/span><\/span><\/span> He le\u00eddo y acepto la pol\u00edtica de privacidad.\n<\/p>\n<p>De conformidad con las normativas de protecci\u00f3n de datos, le facilitamos la siguiente informaci\u00f3n del tratamiento:\n<\/p>\n<p>Responsable: DIAZAHARESOL, S.L.<br \/>\nFines del tratamiento: tramitar encargos, solicitudes, dar respuesta a las consultas o cualquier petici\u00f3n que sea realizada por el USUARIO a trav\u00e9s del formulario de contacto que se pone a disposici\u00f3n en la p\u00e1gina web del RESPONSABLE y enviar comunicaciones de productos o servicios.\n<\/p>\n<p>Derechos que le asisten: acceso, rectificaci\u00f3n, portabilidad, supresi\u00f3n, limitaci\u00f3n y oposici\u00f3n<br \/>\nM\u00e1s informaci\u00f3n del tratamiento en la <a href=\"https:\/\/www.dlasl.es\/es\/politica-de-privacidad-2\/\" target=\"_blank\">Pol\u00edtica de privacidad.<\/a>\n<\/p>\n<p><input class=\"wpcf7-form-control has-spinner wpcf7-submit button\" type=\"submit\" value=\"Enviar\" \/>\n<\/p>\n<p style=\"display: none !important;\"><label>&#916;<textarea name=\"_wpcf7_ak_hp_textarea\" cols=\"45\" rows=\"8\" maxlength=\"100\"><\/textarea><\/label><input type=\"hidden\" id=\"ak_js_1\" name=\"_wpcf7_ak_js\" value=\"77\"\/><script>document.getElementById( \"ak_js_1\" ).setAttribute( \"value\", ( new Date() ).getTime() );<\/script><\/p>\n<div class=\"wpcf7-response-output\" aria-hidden=\"true\"><\/div>\n<\/form>\n<\/div>\n<\/div>\n<div class=\"margen-3\"><\/div>\n<div class=\"linea-gris\"><\/div>\n<div class=\"margen-2\"><\/div>\n<h4>Acceder a otros servicios<\/h4>\n<div class=\"margen-2\"><\/div>\n<div class=\"one_fourth centrado\">\n<p><a href=\"https:\/\/www.dlasl.es\/es\/servicios\/distribuidores-hosteleria\/\"><img loading=\"lazy\" class=\"aligncenter size-full wp-image-51\" src=\"https:\/\/www.dlasl.es\/es\/wp-content\/uploads\/2016\/07\/hosteleria-ico.png\" alt=\"hosteleria-ico\" width=\"110\" height=\"111\" \/><\/a><\/p>\n<h3 class=\"home\"><a href=\"https:\/\/www.dlasl.es\/es\/servicios\/distribuidores-hosteleria\/\">HOSTELER\u00cdA<\/a><\/h3>\n<\/div>\n<div class=\"one_fourth centrado\">\n<p><a href=\"https:\/\/www.dlasl.es\/es\/servicios\/distribuidores-limpieza-profesional\/\"><img loading=\"lazy\" class=\"aligncenter size-full wp-image-48\" src=\"https:\/\/www.dlasl.es\/es\/wp-content\/uploads\/2016\/07\/limpieza-ico.png\" alt=\"limpieza-ico\" width=\"110\" height=\"111\" \/><\/a><\/p>\n<h3 class=\"home\"><a href=\"https:\/\/www.dlasl.es\/es\/servicios\/distribuidores-limpieza-profesional\/\">LIMPIEZA<\/a><\/h3>\n<\/div>\n<div class=\"one_fourth centrado\">\n<p><a href=\"https:\/\/www.dlasl.es\/es\/servicios\/lavanderia-profesional\/\"><img loading=\"lazy\" class=\"aligncenter size-full wp-image-52\" src=\"https:\/\/www.dlasl.es\/es\/wp-content\/uploads\/2016\/07\/lavanderia-ico.png\" alt=\"lavanderia-ico\" width=\"110\" height=\"111\" \/><\/a><\/p>\n<h3 class=\"home\"><a href=\"https:\/\/www.dlasl.es\/es\/servicios\/lavanderia-profesional\/\">LAVANDER\u00cdA<\/a><\/h3>\n<\/div>\n<div class=\"one_fourth last centrado\">\n<p><a href=\"https:\/\/www.dlasl.es\/es\/servicios-distribucion-mayorista\/productos-limpieza-automocion\/\"><img loading=\"lazy\" class=\"aligncenter size-full wp-image-50\" src=\"https:\/\/www.dlasl.es\/es\/wp-content\/uploads\/2016\/07\/automocion-ico.png\" alt=\"automocion-ico\" width=\"110\" height=\"111\" \/><\/a><\/p>\n<h3 class=\"home\"><a href=\"https:\/\/www.dlasl.es\/es\/servicios\/productos-limpieza-automocion\/\">AUTOMOCI\u00d3N<\/a><\/h3>\n<\/div>\n<div class=\"clear\"><\/div>\n<\/div>\n","protected":false},"excerpt":{"rendered":"<p>Comprar detergente y suavizante industrial para Restaurantes y Hoteles En DLA somos proveedores de detergentes para lavander\u00edas siendo nuestro deseo el suministrar productos de lavander\u00eda profesional al sector especializado. En DLA puedes comprar detergente y suavizante industrial. Para suministrar productos qu\u00edmicos para lavander\u00edas industriales hemos creado un servicio 100% por y para ellos. Todos los [&hellip;]<\/p>\n","protected":false},"author":2,"featured_media":0,"parent":12,"menu_order":0,"comment_status":"closed","ping_status":"closed","template":"diseno-full.php","meta":{"_joinchat":[]},"yoast_head":"<!-- This site is optimized with the Yoast SEO plugin v20.6 - https:\/\/yoast.com\/wordpress\/plugins\/seo\/ -->\n<title>Comprar detergente y suavizante industrial \u2013 DLA<\/title>\n<meta name=\"description\" content=\"En DLA puedes comprar detergente y suavizante industrial. Somos proveedores de detergentes para lavander\u00edas.\" \/>\n<meta name=\"robots\" content=\"index, follow, max-snippet:-1, max-image-preview:large, max-video-preview:-1\" \/>\n<link rel=\"canonical\" href=\"https:\/\/www.dlasl.es\/es\/servicios-distribucion-mayorista\/lavanderia-profesional\/\" \/>\n<meta property=\"og:locale\" content=\"es_ES\" \/>\n<meta property=\"og:type\" content=\"article\" \/>\n<meta property=\"og:title\" content=\"Suministros de Lavander\u00eda Industrial\" \/>\n<meta property=\"og:description\" content=\"Trabajamos con primeras marcas. En el caso de productos de lavander\u00eda profesional o dosificadores para lavander\u00eda nos ponemos en manos del l\u00edder del sector: Quimsel.\" \/>\n<meta property=\"og:url\" content=\"https:\/\/www.dlasl.es\/es\/servicios-distribucion-mayorista\/lavanderia-profesional\/\" \/>\n<meta property=\"og:site_name\" content=\"DLA - Distribuciones Los Azahares\" \/>\n<meta property=\"article:modified_time\" content=\"2023-01-04T09:50:54+00:00\" \/>\n<meta property=\"og:image\" content=\"https:\/\/www.dlasl.es\/es\/wp-content\/uploads\/2018\/05\/washing-machine-2668472_960_7201.jpg\" \/>\n\t<meta property=\"og:image:width\" content=\"960\" \/>\n\t<meta property=\"og:image:height\" content=\"640\" \/>\n\t<meta property=\"og:image:type\" content=\"image\/jpeg\" \/>\n<meta name=\"twitter:card\" content=\"summary_large_image\" \/>\n<meta name=\"twitter:label1\" content=\"Tiempo de lectura\" \/>\n\t<meta name=\"twitter:data1\" content=\"3 minutos\" \/>\n<script type=\"application\/ld+json\" class=\"yoast-schema-graph\">{\"@context\":\"https:\/\/schema.org\",\"@graph\":[{\"@type\":\"WebPage\",\"@id\":\"https:\/\/www.dlasl.es\/es\/servicios-distribucion-mayorista\/lavanderia-profesional\/\",\"url\":\"https:\/\/www.dlasl.es\/es\/servicios-distribucion-mayorista\/lavanderia-profesional\/\",\"name\":\"Comprar detergente y suavizante industrial \u2013 DLA\",\"isPartOf\":{\"@id\":\"https:\/\/www.dlasl.es\/es\/#website\"},\"datePublished\":\"2016-07-27T11:05:53+00:00\",\"dateModified\":\"2023-01-04T09:50:54+00:00\",\"description\":\"En DLA puedes comprar detergente y suavizante industrial. Somos proveedores de detergentes para lavander\u00edas.\",\"breadcrumb\":{\"@id\":\"https:\/\/www.dlasl.es\/es\/servicios-distribucion-mayorista\/lavanderia-profesional\/#breadcrumb\"},\"inLanguage\":\"es\",\"potentialAction\":[{\"@type\":\"ReadAction\",\"target\":[\"https:\/\/www.dlasl.es\/es\/servicios-distribucion-mayorista\/lavanderia-profesional\/\"]}]},{\"@type\":\"BreadcrumbList\",\"@id\":\"https:\/\/www.dlasl.es\/es\/servicios-distribucion-mayorista\/lavanderia-profesional\/#breadcrumb\",\"itemListElement\":[{\"@type\":\"ListItem\",\"position\":1,\"name\":\"Portada\",\"item\":\"https:\/\/www.dlasl.es\/es\/\"},{\"@type\":\"ListItem\",\"position\":2,\"name\":\"Servicios Distribuci\u00f3n Mayorista\",\"item\":\"https:\/\/www.dlasl.es\/es\/servicios-distribucion-mayorista\/\"},{\"@type\":\"ListItem\",\"position\":3,\"name\":\"Lavander\u00eda\"}]},{\"@type\":\"WebSite\",\"@id\":\"https:\/\/www.dlasl.es\/es\/#website\",\"url\":\"https:\/\/www.dlasl.es\/es\/\",\"name\":\"DLA - Distribuciones Los Azahares\",\"description\":\"\",\"potentialAction\":[{\"@type\":\"SearchAction\",\"target\":{\"@type\":\"EntryPoint\",\"urlTemplate\":\"https:\/\/www.dlasl.es\/es\/?s={search_term_string}\"},\"query-input\":\"required name=search_term_string\"}],\"inLanguage\":\"es\"}]}<\/script>\n<!-- \/ Yoast SEO plugin. -->","yoast_head_json":{"title":"Comprar detergente y suavizante industrial \u2013 DLA","description":"En DLA puedes comprar detergente y suavizante industrial. Somos proveedores de detergentes para lavander\u00edas.","robots":{"index":"index","follow":"follow","max-snippet":"max-snippet:-1","max-image-preview":"max-image-preview:large","max-video-preview":"max-video-preview:-1"},"canonical":"https:\/\/www.dlasl.es\/es\/servicios-distribucion-mayorista\/lavanderia-profesional\/","og_locale":"es_ES","og_type":"article","og_title":"Suministros de Lavander\u00eda Industrial","og_description":"Trabajamos con primeras marcas. En el caso de productos de lavander\u00eda profesional o dosificadores para lavander\u00eda nos ponemos en manos del l\u00edder del sector: Quimsel.","og_url":"https:\/\/www.dlasl.es\/es\/servicios-distribucion-mayorista\/lavanderia-profesional\/","og_site_name":"DLA - Distribuciones Los Azahares","article_modified_time":"2023-01-04T09:50:54+00:00","og_image":[{"width":960,"height":640,"url":"https:\/\/www.dlasl.es\/es\/wp-content\/uploads\/2018\/05\/washing-machine-2668472_960_7201.jpg","type":"image\/jpeg"}],"twitter_card":"summary_large_image","twitter_misc":{"Tiempo de lectura":"3 minutos"},"schema":{"@context":"https:\/\/schema.org","@graph":[{"@type":"WebPage","@id":"https:\/\/www.dlasl.es\/es\/servicios-distribucion-mayorista\/lavanderia-profesional\/","url":"https:\/\/www.dlasl.es\/es\/servicios-distribucion-mayorista\/lavanderia-profesional\/","name":"Comprar detergente y suavizante industrial \u2013 DLA","isPartOf":{"@id":"https:\/\/www.dlasl.es\/es\/#website"},"datePublished":"2016-07-27T11:05:53+00:00","dateModified":"2023-01-04T09:50:54+00:00","description":"En DLA puedes comprar detergente y suavizante industrial. Somos proveedores de detergentes para lavander\u00edas.","breadcrumb":{"@id":"https:\/\/www.dlasl.es\/es\/servicios-distribucion-mayorista\/lavanderia-profesional\/#breadcrumb"},"inLanguage":"es","potentialAction":[{"@type":"ReadAction","target":["https:\/\/www.dlasl.es\/es\/servicios-distribucion-mayorista\/lavanderia-profesional\/"]}]},{"@type":"BreadcrumbList","@id":"https:\/\/www.dlasl.es\/es\/servicios-distribucion-mayorista\/lavanderia-profesional\/#breadcrumb","itemListElement":[{"@type":"ListItem","position":1,"name":"Portada","item":"https:\/\/www.dlasl.es\/es\/"},{"@type":"ListItem","position":2,"name":"Servicios Distribuci\u00f3n Mayorista","item":"https:\/\/www.dlasl.es\/es\/servicios-distribucion-mayorista\/"},{"@type":"ListItem","position":3,"name":"Lavander\u00eda"}]},{"@type":"WebSite","@id":"https:\/\/www.dlasl.es\/es\/#website","url":"https:\/\/www.dlasl.es\/es\/","name":"DLA - Distribuciones Los Azahares","description":"","potentialAction":[{"@type":"SearchAction","target":{"@type":"EntryPoint","urlTemplate":"https:\/\/www.dlasl.es\/es\/?s={search_term_string}"},"query-input":"required name=search_term_string"}],"inLanguage":"es"}]}},"_links":{"self":[{"href":"https:\/\/www.dlasl.es\/es\/wp-json\/wp\/v2\/pages\/83"}],"collection":[{"href":"https:\/\/www.dlasl.es\/es\/wp-json\/wp\/v2\/pages"}],"about":[{"href":"https:\/\/www.dlasl.es\/es\/wp-json\/wp\/v2\/types\/page"}],"author":[{"embeddable":true,"href":"https:\/\/www.dlasl.es\/es\/wp-json\/wp\/v2\/users\/2"}],"replies":[{"embeddable":true,"href":"https:\/\/www.dlasl.es\/es\/wp-json\/wp\/v2\/comments?post=83"}],"version-history":[{"count":25,"href":"https:\/\/www.dlasl.es\/es\/wp-json\/wp\/v2\/pages\/83\/revisions"}],"predecessor-version":[{"id":1950,"href":"https:\/\/www.dlasl.es\/es\/wp-json\/wp\/v2\/pages\/83\/revisions\/1950"}],"up":[{"embeddable":true,"href":"https:\/\/www.dlasl.es\/es\/wp-json\/wp\/v2\/pages\/12"}],"wp:attachment":[{"href":"https:\/\/www.dlasl.es\/es\/wp-json\/wp\/v2\/media?parent=83"}],"curies":[{"name":"wp","href":"https:\/\/api.w.org\/{rel}","templated":true}]}}