{"id":86,"date":"2016-07-27T11:06:03","date_gmt":"2016-07-27T11:06:03","guid":{"rendered":"https:\/\/www.dlasl.es\/es\/?page_id=86"},"modified":"2018-03-05T18:39:42","modified_gmt":"2018-03-05T18:39:42","slug":"productos-limpieza-automocion","status":"publish","type":"page","link":"https:\/\/www.dlasl.es\/es\/servicios-distribucion-mayorista\/productos-limpieza-automocion\/","title":{"rendered":"Automoci\u00f3n"},"content":{"rendered":"<p><img loading=\"lazy\" class=\"img-full aligncenter size-full wp-image-310\" src=\"https:\/\/www.dlasl.es\/es\/wp-content\/uploads\/2016\/07\/portada-automocion.jpg\" alt=\"Productos de limpieza para automoci\u00f3n \u2013 Dosificadores para automoci\u00f3n\" width=\"1600\" height=\"540\" srcset=\"https:\/\/www.dlasl.es\/es\/wp-content\/uploads\/2016\/07\/portada-automocion.jpg 1600w, https:\/\/www.dlasl.es\/es\/wp-content\/uploads\/2016\/07\/portada-automocion-300x101.jpg 300w, https:\/\/www.dlasl.es\/es\/wp-content\/uploads\/2016\/07\/portada-automocion-768x259.jpg 768w, https:\/\/www.dlasl.es\/es\/wp-content\/uploads\/2016\/07\/portada-automocion-1024x346.jpg 1024w\" sizes=\"(max-width: 1600px) 100vw, 1600px\" \/><\/p>\n<div class=\"margen-2\"><\/div>\n<div class=\"sheet clearfix\">\n<h1 class=\"postheader\">Distribuidores de Productos de Limpieza para Automoci\u00f3n<\/h1>\n<div class=\"dos-columnas\">\n<p>Aquellos profesionales vinculados al mundo de la automoci\u00f3n le interesa conocer todo lo que Distribuciones Los Azahares (DLA) puede ofrecerles. Eso seguro. Sobre todo en todo lo relacionado con productos de limpieza para automoci\u00f3n y dosificadores para automoci\u00f3n. En DLA contamos con un equipo de profesionales altamente cualificados y con a\u00f1os de experiencia en la materia que se convertir\u00e1n en el mejor aliado para ti y tu negocio. Su labor, fundamentalmente, consiste en asesorar sobre los mejores y m\u00e1s adecuado productos que tenemos en stock en relaci\u00f3n a la actividad que desarrolle el cliente.<\/p>\n<\/div>\n<div class=\"margen-1\"><\/div>\n<h3>Variedad y garant\u00eda en productos de limpieza para automoci\u00f3n<\/h3>\n<div class=\"dos-columnas\">\n<p>La variedad de productos para automoci\u00f3n que ponemos a tu servicio es muy amplia. Entre todos ellos destacan los elementos para limpieza de manos, lavado de veh\u00edculos industriales, desengrasantes y, los m\u00e1s importantes, los anticongelantes. No esperes para informarte de todas las ventajas que tenemos en ellos. Tambi\u00e9n trabajamos con eliminadores de capas de automoci\u00f3n, desblocantes, petroleantes, productos para puentes y t\u00faneles de lavado. Abrillantadores, limpiadores y sistemas de dosificaci\u00f3n. Estos \u00faltimos son un servicio semejante al que ofrecemos en el caso del sector de lavander\u00eda. Y es que instalamos una serie de dosificadores que productos para que el usuario no tenga que preocuparse de su recarga. F\u00e1cil y c\u00f3modo.<\/p>\n<p>Una vez m\u00e1s confiamos en primeras marcas como es el caso de Quimxel. Aunque contar con el apoyo y la confianza que dan marcas de este tipo, uno de los factores que m\u00e1s valoran nuestros clientes son la excelente relaci\u00f3n calidad-precio, as\u00ed como el especializado servicio de postventa.<\/p>\n<p>Nuestros pedidos siempre se entregan paletizados y totalmente retractilados con un film impreso para garantizar la entrega total de la mercancia facturada.<\/p>\n<p>Si est\u00e1s interesado o tienes cualquier pregunta, no dudes en contactar con nosotros. Estaremos encantados de atenderte.<\/p>\n<\/div>\n<div class=\"margen-3\"><\/div>\n<div class=\"linea-gris\"><\/div>\n<div class=\"margen-2\"><\/div>\n<h4>Acceder a otros servicios<\/h4>\n<div class=\"margen-2\"><\/div>\n<div class=\"one_fourth centrado\">\n<p><a href=\"https:\/\/www.dlasl.es\/es\/servicios\/distribuidores-hosteleria\/\"><img loading=\"lazy\" class=\"aligncenter size-full wp-image-51\" src=\"https:\/\/www.dlasl.es\/es\/wp-content\/uploads\/2016\/07\/hosteleria-ico.png\" alt=\"hosteleria-ico\" width=\"110\" height=\"111\" \/><\/a><\/p>\n<h3 class=\"home\"><a href=\"https:\/\/www.dlasl.es\/es\/servicios\/distribuidores-hosteleria\/\">HOSTELER\u00cdA<\/a><\/h3>\n<\/div>\n<div class=\"one_fourth centrado\">\n<p><a href=\"https:\/\/www.dlasl.es\/es\/servicios\/distribuidores-limpieza-profesional\/\"><img loading=\"lazy\" class=\"aligncenter size-full wp-image-48\" src=\"https:\/\/www.dlasl.es\/es\/wp-content\/uploads\/2016\/07\/limpieza-ico.png\" alt=\"limpieza-ico\" width=\"110\" height=\"111\" \/><\/a><\/p>\n<h3 class=\"home\"><a href=\"https:\/\/www.dlasl.es\/es\/servicios\/distribuidores-limpieza-profesional\/\">LIMPIEZA<\/a><\/h3>\n<\/div>\n<div class=\"one_fourth centrado\">\n<p><a href=\"https:\/\/www.dlasl.es\/es\/servicios\/lavanderia-profesional\/\"><img loading=\"lazy\" class=\"aligncenter size-full wp-image-52\" src=\"https:\/\/www.dlasl.es\/es\/wp-content\/uploads\/2016\/07\/lavanderia-ico.png\" alt=\"lavanderia-ico\" width=\"110\" height=\"111\" \/><\/a><\/p>\n<h3 class=\"home\"><a href=\"https:\/\/www.dlasl.es\/es\/servicios\/lavanderia-profesional\/\">LAVANDER\u00cdA<\/a><\/h3>\n<\/div>\n<div class=\"one_fourth last centrado\">\n<p><a href=\"https:\/\/www.dlasl.es\/es\/servicios\/productos-limpieza-automocion\/\"><img loading=\"lazy\" class=\"aligncenter size-full wp-image-50\" src=\"https:\/\/www.dlasl.es\/es\/wp-content\/uploads\/2016\/07\/automocion-ico.png\" alt=\"automocion-ico\" width=\"110\" height=\"111\" \/><\/a><\/p>\n<h3 class=\"home\"><a href=\"https:\/\/www.dlasl.es\/es\/servicios\/productos-limpieza-automocion\/\">AUTOMOCI\u00d3N<\/a><\/h3>\n<\/div>\n<div class=\"clear\"><\/div>\n<\/div>\n","protected":false},"excerpt":{"rendered":"<p>Distribuidores de Productos de Limpieza para Automoci\u00f3n Aquellos profesionales vinculados al mundo de la automoci\u00f3n le interesa conocer todo lo que Distribuciones Los Azahares (DLA) puede ofrecerles. Eso seguro. Sobre todo en todo lo relacionado con productos de limpieza para automoci\u00f3n y dosificadores para automoci\u00f3n. En DLA contamos con un equipo de profesionales altamente cualificados [&hellip;]<\/p>\n","protected":false},"author":2,"featured_media":0,"parent":12,"menu_order":0,"comment_status":"closed","ping_status":"closed","template":"diseno-full.php","meta":{"_joinchat":[]},"yoast_head":"<!-- This site is optimized with the Yoast SEO plugin v20.6 - https:\/\/yoast.com\/wordpress\/plugins\/seo\/ -->\n<title>Productos de limpieza para automoci\u00f3n \u2013 Dosificadores para automoci\u00f3n<\/title>\n<meta name=\"description\" content=\"En Distribuciones los Azahares proporcionamos Productos de limpieza para automoci\u00f3n y Dosificadores para automoci\u00f3n entre otros productos mayoristas.\" \/>\n<meta name=\"robots\" content=\"index, follow, max-snippet:-1, max-image-preview:large, max-video-preview:-1\" \/>\n<link rel=\"canonical\" href=\"https:\/\/www.dlasl.es\/es\/servicios-distribucion-mayorista\/productos-limpieza-automocion\/\" \/>\n<meta property=\"og:locale\" content=\"es_ES\" \/>\n<meta property=\"og:type\" content=\"article\" \/>\n<meta property=\"og:title\" content=\"Productos de limpieza para automoci\u00f3n \u2013 Dosificadores para automoci\u00f3n\" \/>\n<meta property=\"og:description\" content=\"En Distribuciones los Azahares proporcionamos Productos de limpieza para automoci\u00f3n y Dosificadores para automoci\u00f3n entre otros productos mayoristas.\" \/>\n<meta property=\"og:url\" content=\"https:\/\/www.dlasl.es\/es\/servicios-distribucion-mayorista\/productos-limpieza-automocion\/\" \/>\n<meta property=\"og:site_name\" content=\"DLA - Distribuciones Los Azahares\" \/>\n<meta property=\"article:modified_time\" content=\"2018-03-05T18:39:42+00:00\" \/>\n<meta property=\"og:image\" content=\"https:\/\/www.dlasl.es\/es\/wp-content\/uploads\/2016\/07\/portada-automocion.jpg\" \/>\n<meta name=\"twitter:card\" content=\"summary_large_image\" \/>\n<meta name=\"twitter:label1\" content=\"Tiempo de lectura\" \/>\n\t<meta name=\"twitter:data1\" content=\"2 minutos\" \/>\n<script type=\"application\/ld+json\" class=\"yoast-schema-graph\">{\"@context\":\"https:\/\/schema.org\",\"@graph\":[{\"@type\":\"WebPage\",\"@id\":\"https:\/\/www.dlasl.es\/es\/servicios-distribucion-mayorista\/productos-limpieza-automocion\/\",\"url\":\"https:\/\/www.dlasl.es\/es\/servicios-distribucion-mayorista\/productos-limpieza-automocion\/\",\"name\":\"Productos de limpieza para automoci\u00f3n \u2013 Dosificadores para automoci\u00f3n\",\"isPartOf\":{\"@id\":\"https:\/\/www.dlasl.es\/es\/#website\"},\"datePublished\":\"2016-07-27T11:06:03+00:00\",\"dateModified\":\"2018-03-05T18:39:42+00:00\",\"description\":\"En Distribuciones los Azahares proporcionamos Productos de limpieza para automoci\u00f3n y Dosificadores para automoci\u00f3n entre otros productos mayoristas.\",\"breadcrumb\":{\"@id\":\"https:\/\/www.dlasl.es\/es\/servicios-distribucion-mayorista\/productos-limpieza-automocion\/#breadcrumb\"},\"inLanguage\":\"es\",\"potentialAction\":[{\"@type\":\"ReadAction\",\"target\":[\"https:\/\/www.dlasl.es\/es\/servicios-distribucion-mayorista\/productos-limpieza-automocion\/\"]}]},{\"@type\":\"BreadcrumbList\",\"@id\":\"https:\/\/www.dlasl.es\/es\/servicios-distribucion-mayorista\/productos-limpieza-automocion\/#breadcrumb\",\"itemListElement\":[{\"@type\":\"ListItem\",\"position\":1,\"name\":\"Portada\",\"item\":\"https:\/\/www.dlasl.es\/es\/\"},{\"@type\":\"ListItem\",\"position\":2,\"name\":\"Servicios Distribuci\u00f3n Mayorista\",\"item\":\"https:\/\/www.dlasl.es\/es\/servicios-distribucion-mayorista\/\"},{\"@type\":\"ListItem\",\"position\":3,\"name\":\"Automoci\u00f3n\"}]},{\"@type\":\"WebSite\",\"@id\":\"https:\/\/www.dlasl.es\/es\/#website\",\"url\":\"https:\/\/www.dlasl.es\/es\/\",\"name\":\"DLA - Distribuciones Los Azahares\",\"description\":\"\",\"potentialAction\":[{\"@type\":\"SearchAction\",\"target\":{\"@type\":\"EntryPoint\",\"urlTemplate\":\"https:\/\/www.dlasl.es\/es\/?s={search_term_string}\"},\"query-input\":\"required name=search_term_string\"}],\"inLanguage\":\"es\"}]}<\/script>\n<!-- \/ Yoast SEO plugin. -->","yoast_head_json":{"title":"Productos de limpieza para automoci\u00f3n \u2013 Dosificadores para automoci\u00f3n","description":"En Distribuciones los Azahares proporcionamos Productos de limpieza para automoci\u00f3n y Dosificadores para automoci\u00f3n entre otros productos mayoristas.","robots":{"index":"index","follow":"follow","max-snippet":"max-snippet:-1","max-image-preview":"max-image-preview:large","max-video-preview":"max-video-preview:-1"},"canonical":"https:\/\/www.dlasl.es\/es\/servicios-distribucion-mayorista\/productos-limpieza-automocion\/","og_locale":"es_ES","og_type":"article","og_title":"Productos de limpieza para automoci\u00f3n \u2013 Dosificadores para automoci\u00f3n","og_description":"En Distribuciones los Azahares proporcionamos Productos de limpieza para automoci\u00f3n y Dosificadores para automoci\u00f3n entre otros productos mayoristas.","og_url":"https:\/\/www.dlasl.es\/es\/servicios-distribucion-mayorista\/productos-limpieza-automocion\/","og_site_name":"DLA - Distribuciones Los Azahares","article_modified_time":"2018-03-05T18:39:42+00:00","og_image":[{"url":"https:\/\/www.dlasl.es\/es\/wp-content\/uploads\/2016\/07\/portada-automocion.jpg"}],"twitter_card":"summary_large_image","twitter_misc":{"Tiempo de lectura":"2 minutos"},"schema":{"@context":"https:\/\/schema.org","@graph":[{"@type":"WebPage","@id":"https:\/\/www.dlasl.es\/es\/servicios-distribucion-mayorista\/productos-limpieza-automocion\/","url":"https:\/\/www.dlasl.es\/es\/servicios-distribucion-mayorista\/productos-limpieza-automocion\/","name":"Productos de limpieza para automoci\u00f3n \u2013 Dosificadores para automoci\u00f3n","isPartOf":{"@id":"https:\/\/www.dlasl.es\/es\/#website"},"datePublished":"2016-07-27T11:06:03+00:00","dateModified":"2018-03-05T18:39:42+00:00","description":"En Distribuciones los Azahares proporcionamos Productos de limpieza para automoci\u00f3n y Dosificadores para automoci\u00f3n entre otros productos mayoristas.","breadcrumb":{"@id":"https:\/\/www.dlasl.es\/es\/servicios-distribucion-mayorista\/productos-limpieza-automocion\/#breadcrumb"},"inLanguage":"es","potentialAction":[{"@type":"ReadAction","target":["https:\/\/www.dlasl.es\/es\/servicios-distribucion-mayorista\/productos-limpieza-automocion\/"]}]},{"@type":"BreadcrumbList","@id":"https:\/\/www.dlasl.es\/es\/servicios-distribucion-mayorista\/productos-limpieza-automocion\/#breadcrumb","itemListElement":[{"@type":"ListItem","position":1,"name":"Portada","item":"https:\/\/www.dlasl.es\/es\/"},{"@type":"ListItem","position":2,"name":"Servicios Distribuci\u00f3n Mayorista","item":"https:\/\/www.dlasl.es\/es\/servicios-distribucion-mayorista\/"},{"@type":"ListItem","position":3,"name":"Automoci\u00f3n"}]},{"@type":"WebSite","@id":"https:\/\/www.dlasl.es\/es\/#website","url":"https:\/\/www.dlasl.es\/es\/","name":"DLA - Distribuciones Los Azahares","description":"","potentialAction":[{"@type":"SearchAction","target":{"@type":"EntryPoint","urlTemplate":"https:\/\/www.dlasl.es\/es\/?s={search_term_string}"},"query-input":"required name=search_term_string"}],"inLanguage":"es"}]}},"_links":{"self":[{"href":"https:\/\/www.dlasl.es\/es\/wp-json\/wp\/v2\/pages\/86"}],"collection":[{"href":"https:\/\/www.dlasl.es\/es\/wp-json\/wp\/v2\/pages"}],"about":[{"href":"https:\/\/www.dlasl.es\/es\/wp-json\/wp\/v2\/types\/page"}],"author":[{"embeddable":true,"href":"https:\/\/www.dlasl.es\/es\/wp-json\/wp\/v2\/users\/2"}],"replies":[{"embeddable":true,"href":"https:\/\/www.dlasl.es\/es\/wp-json\/wp\/v2\/comments?post=86"}],"version-history":[{"count":16,"href":"https:\/\/www.dlasl.es\/es\/wp-json\/wp\/v2\/pages\/86\/revisions"}],"predecessor-version":[{"id":560,"href":"https:\/\/www.dlasl.es\/es\/wp-json\/wp\/v2\/pages\/86\/revisions\/560"}],"up":[{"embeddable":true,"href":"https:\/\/www.dlasl.es\/es\/wp-json\/wp\/v2\/pages\/12"}],"wp:attachment":[{"href":"https:\/\/www.dlasl.es\/es\/wp-json\/wp\/v2\/media?parent=86"}],"curies":[{"name":"wp","href":"https:\/\/api.w.org\/{rel}","templated":true}]}}